{"id":76,"date":"2022-09-14T19:14:22","date_gmt":"2022-09-14T17:14:22","guid":{"rendered":"https:\/\/pridima.de\/?page_id=76"},"modified":"2025-04-10T23:55:52","modified_gmt":"2025-04-10T21:55:52","slug":"newsletter","status":"publish","type":"page","link":"https:\/\/pridima.de\/index.php\/newsletter\/","title":{"rendered":"Newsletter"},"content":{"rendered":"\n<p style=\"font-size:18px\">Wenn Sie regelm\u00e4\u00dfig Informationen zu Veranstaltungen in der PriMa Lernwerkstatt erhalten m\u00f6chten, k\u00f6nnen Sie sich hier anmelden.<\/p>\n\n\n\n<p style=\"font-size:18px\"><a href=\"https:\/\/www.listserv.dfn.de\/sympa\/subscribe\/primalernwerkstatt-eltern\" target=\"_blank\" rel=\"noreferrer noopener\">Newsletter f\u00fcr interessierte Eltern \u00fcber Ferienkurse in der PriMa Lernwerkstatt<\/a><\/p>\n\n\n\n<p style=\"font-size:18px\"><a href=\"https:\/\/www.listserv.dfn.de\/sympa\/subscribe\/primalernwerkstatt-lehrpersonen\">Newsletter f\u00fcr interessierte Lehrkr\u00e4fte \u00fcber Lernangebote in der PriMa Lernwerkstatt.<\/a><\/p>\n","protected":false},"excerpt":{"rendered":"<p>Wenn Sie regelm\u00e4\u00dfig Informationen zu Veranstaltungen in der PriMa Lernwerkstatt erhalten m\u00f6chten, k\u00f6nnen Sie sich hier anmelden. Newsletter f\u00fcr interessierte Eltern \u00fcber Ferienkurse in der PriMa Lernwerkstatt Newsletter f\u00fcr interessierte Lehrkr\u00e4fte \u00fcber Lernangebote in der PriMa Lernwerkstatt.<\/p>\n","protected":false},"author":1,"featured_media":0,"parent":0,"menu_order":0,"comment_status":"closed","ping_status":"closed","template":"","meta":{"footnotes":""},"class_list":["post-76","page","type-page","status-publish","hentry"],"yoast_head":"<!-- This site is optimized with the Yoast SEO plugin v27.2 - https:\/\/yoast.com\/product\/yoast-seo-wordpress\/ -->\n<title>Newsletter - pridima<\/title>\n<meta name=\"robots\" content=\"index, follow, max-snippet:-1, max-image-preview:large, max-video-preview:-1\" \/>\n<link rel=\"canonical\" href=\"https:\/\/pridima.de\/index.php\/newsletter\/\" \/>\n<meta property=\"og:locale\" content=\"de_DE\" \/>\n<meta property=\"og:type\" content=\"article\" \/>\n<meta property=\"og:title\" content=\"Newsletter - pridima\" \/>\n<meta property=\"og:description\" content=\"Wenn Sie regelm\u00e4\u00dfig Informationen zu Veranstaltungen in der PriMa Lernwerkstatt erhalten m\u00f6chten, k\u00f6nnen Sie sich hier anmelden. Newsletter f\u00fcr interessierte Eltern \u00fcber Ferienkurse in der PriMa Lernwerkstatt Newsletter f\u00fcr interessierte Lehrkr\u00e4fte \u00fcber Lernangebote in der PriMa Lernwerkstatt.\" \/>\n<meta property=\"og:url\" content=\"https:\/\/pridima.de\/index.php\/newsletter\/\" \/>\n<meta property=\"og:site_name\" content=\"pridima\" \/>\n<meta property=\"article:modified_time\" content=\"2025-04-10T21:55:52+00:00\" \/>\n<meta name=\"twitter:card\" content=\"summary_large_image\" \/>\n<meta name=\"twitter:label1\" content=\"Gesch\u00e4tzte Lesezeit\" \/>\n\t<meta name=\"twitter:data1\" content=\"1\u00a0Minute\" \/>\n<script type=\"application\/ld+json\" class=\"yoast-schema-graph\">{\"@context\":\"https:\/\/schema.org\",\"@graph\":[{\"@type\":\"WebPage\",\"@id\":\"https:\/\/pridima.de\/index.php\/newsletter\/\",\"url\":\"https:\/\/pridima.de\/index.php\/newsletter\/\",\"name\":\"Newsletter - pridima\",\"isPartOf\":{\"@id\":\"https:\/\/pridima.de\/#website\"},\"datePublished\":\"2022-09-14T17:14:22+00:00\",\"dateModified\":\"2025-04-10T21:55:52+00:00\",\"breadcrumb\":{\"@id\":\"https:\/\/pridima.de\/index.php\/newsletter\/#breadcrumb\"},\"inLanguage\":\"de\",\"potentialAction\":[{\"@type\":\"ReadAction\",\"target\":[\"https:\/\/pridima.de\/index.php\/newsletter\/\"]}]},{\"@type\":\"BreadcrumbList\",\"@id\":\"https:\/\/pridima.de\/index.php\/newsletter\/#breadcrumb\",\"itemListElement\":[{\"@type\":\"ListItem\",\"position\":1,\"name\":\"Home\",\"item\":\"https:\/\/pridima.de\/\"},{\"@type\":\"ListItem\",\"position\":2,\"name\":\"Newsletter\"}]},{\"@type\":\"WebSite\",\"@id\":\"https:\/\/pridima.de\/#website\",\"url\":\"https:\/\/pridima.de\/\",\"name\":\"pridima\",\"description\":\"Primarstufe Didaktik der Mathematik  Uni Landau\",\"publisher\":{\"@id\":\"https:\/\/pridima.de\/#organization\"},\"potentialAction\":[{\"@type\":\"SearchAction\",\"target\":{\"@type\":\"EntryPoint\",\"urlTemplate\":\"https:\/\/pridima.de\/?s={search_term_string}\"},\"query-input\":{\"@type\":\"PropertyValueSpecification\",\"valueRequired\":true,\"valueName\":\"search_term_string\"}}],\"inLanguage\":\"de\"},{\"@type\":\"Organization\",\"@id\":\"https:\/\/pridima.de\/#organization\",\"name\":\"PriMa Lernwerkstatt\",\"url\":\"https:\/\/pridima.de\/\",\"logo\":{\"@type\":\"ImageObject\",\"inLanguage\":\"de\",\"@id\":\"https:\/\/pridima.de\/#\/schema\/logo\/image\/\",\"url\":\"https:\/\/pridima.de\/wp-content\/uploads\/2022\/08\/PriMaLernwerstatt_CMYK.png\",\"contentUrl\":\"https:\/\/pridima.de\/wp-content\/uploads\/2022\/08\/PriMaLernwerstatt_CMYK.png\",\"width\":1452,\"height\":919,\"caption\":\"PriMa Lernwerkstatt\"},\"image\":{\"@id\":\"https:\/\/pridima.de\/#\/schema\/logo\/image\/\"}}]}<\/script>\n<!-- \/ Yoast SEO plugin. -->","yoast_head_json":{"title":"Newsletter - pridima","robots":{"index":"index","follow":"follow","max-snippet":"max-snippet:-1","max-image-preview":"max-image-preview:large","max-video-preview":"max-video-preview:-1"},"canonical":"https:\/\/pridima.de\/index.php\/newsletter\/","og_locale":"de_DE","og_type":"article","og_title":"Newsletter - pridima","og_description":"Wenn Sie regelm\u00e4\u00dfig Informationen zu Veranstaltungen in der PriMa Lernwerkstatt erhalten m\u00f6chten, k\u00f6nnen Sie sich hier anmelden. Newsletter f\u00fcr interessierte Eltern \u00fcber Ferienkurse in der PriMa Lernwerkstatt Newsletter f\u00fcr interessierte Lehrkr\u00e4fte \u00fcber Lernangebote in der PriMa Lernwerkstatt.","og_url":"https:\/\/pridima.de\/index.php\/newsletter\/","og_site_name":"pridima","article_modified_time":"2025-04-10T21:55:52+00:00","twitter_card":"summary_large_image","twitter_misc":{"Gesch\u00e4tzte Lesezeit":"1\u00a0Minute"},"schema":{"@context":"https:\/\/schema.org","@graph":[{"@type":"WebPage","@id":"https:\/\/pridima.de\/index.php\/newsletter\/","url":"https:\/\/pridima.de\/index.php\/newsletter\/","name":"Newsletter - pridima","isPartOf":{"@id":"https:\/\/pridima.de\/#website"},"datePublished":"2022-09-14T17:14:22+00:00","dateModified":"2025-04-10T21:55:52+00:00","breadcrumb":{"@id":"https:\/\/pridima.de\/index.php\/newsletter\/#breadcrumb"},"inLanguage":"de","potentialAction":[{"@type":"ReadAction","target":["https:\/\/pridima.de\/index.php\/newsletter\/"]}]},{"@type":"BreadcrumbList","@id":"https:\/\/pridima.de\/index.php\/newsletter\/#breadcrumb","itemListElement":[{"@type":"ListItem","position":1,"name":"Home","item":"https:\/\/pridima.de\/"},{"@type":"ListItem","position":2,"name":"Newsletter"}]},{"@type":"WebSite","@id":"https:\/\/pridima.de\/#website","url":"https:\/\/pridima.de\/","name":"pridima","description":"Primarstufe Didaktik der Mathematik  Uni Landau","publisher":{"@id":"https:\/\/pridima.de\/#organization"},"potentialAction":[{"@type":"SearchAction","target":{"@type":"EntryPoint","urlTemplate":"https:\/\/pridima.de\/?s={search_term_string}"},"query-input":{"@type":"PropertyValueSpecification","valueRequired":true,"valueName":"search_term_string"}}],"inLanguage":"de"},{"@type":"Organization","@id":"https:\/\/pridima.de\/#organization","name":"PriMa Lernwerkstatt","url":"https:\/\/pridima.de\/","logo":{"@type":"ImageObject","inLanguage":"de","@id":"https:\/\/pridima.de\/#\/schema\/logo\/image\/","url":"https:\/\/pridima.de\/wp-content\/uploads\/2022\/08\/PriMaLernwerstatt_CMYK.png","contentUrl":"https:\/\/pridima.de\/wp-content\/uploads\/2022\/08\/PriMaLernwerstatt_CMYK.png","width":1452,"height":919,"caption":"PriMa Lernwerkstatt"},"image":{"@id":"https:\/\/pridima.de\/#\/schema\/logo\/image\/"}}]}},"_links":{"self":[{"href":"https:\/\/pridima.de\/index.php\/wp-json\/wp\/v2\/pages\/76","targetHints":{"allow":["GET"]}}],"collection":[{"href":"https:\/\/pridima.de\/index.php\/wp-json\/wp\/v2\/pages"}],"about":[{"href":"https:\/\/pridima.de\/index.php\/wp-json\/wp\/v2\/types\/page"}],"author":[{"embeddable":true,"href":"https:\/\/pridima.de\/index.php\/wp-json\/wp\/v2\/users\/1"}],"replies":[{"embeddable":true,"href":"https:\/\/pridima.de\/index.php\/wp-json\/wp\/v2\/comments?post=76"}],"version-history":[{"count":5,"href":"https:\/\/pridima.de\/index.php\/wp-json\/wp\/v2\/pages\/76\/revisions"}],"predecessor-version":[{"id":1471,"href":"https:\/\/pridima.de\/index.php\/wp-json\/wp\/v2\/pages\/76\/revisions\/1471"}],"wp:attachment":[{"href":"https:\/\/pridima.de\/index.php\/wp-json\/wp\/v2\/media?parent=76"}],"curies":[{"name":"wp","href":"https:\/\/api.w.org\/{rel}","templated":true}]}}