{"id":757,"date":"2023-06-22T17:58:40","date_gmt":"2023-06-22T15:58:40","guid":{"rendered":"https:\/\/pridima.de\/?page_id=757"},"modified":"2024-11-11T12:40:04","modified_gmt":"2024-11-11T11:40:04","slug":"stein-auf-stein","status":"publish","type":"page","link":"https:\/\/pridima.de\/index.php\/stein-auf-stein\/","title":{"rendered":"Stein auf Stein &#8211; Werdet selbst zu Architekten und Baumeistern"},"content":{"rendered":"\n<figure class=\"wp-block-gallery has-nested-images columns-default is-cropped wp-block-gallery-1 is-layout-flex wp-block-gallery-is-layout-flex\">\n<figure class=\"wp-block-image size-large\"><img loading=\"lazy\" decoding=\"async\" width=\"768\" height=\"1024\" data-id=\"1219\" src=\"https:\/\/pridima.de\/wp-content\/uploads\/2024\/11\/LU_SteinaufStein_2-768x1024.jpeg\" alt=\"\" class=\"wp-image-1219\" srcset=\"https:\/\/pridima.de\/wp-content\/uploads\/2024\/11\/LU_SteinaufStein_2-768x1024.jpeg 768w, https:\/\/pridima.de\/wp-content\/uploads\/2024\/11\/LU_SteinaufStein_2-225x300.jpeg 225w, https:\/\/pridima.de\/wp-content\/uploads\/2024\/11\/LU_SteinaufStein_2-1152x1536.jpeg 1152w, https:\/\/pridima.de\/wp-content\/uploads\/2024\/11\/LU_SteinaufStein_2-1536x2048.jpeg 1536w, https:\/\/pridima.de\/wp-content\/uploads\/2024\/11\/LU_SteinaufStein_2-scaled.jpeg 1920w\" sizes=\"auto, (max-width: 767px) 89vw, (max-width: 1000px) 54vw, (max-width: 1071px) 543px, 580px\" \/><\/figure>\n\n\n\n<figure class=\"wp-block-image size-large\"><img loading=\"lazy\" decoding=\"async\" width=\"1024\" height=\"968\" data-id=\"1220\" src=\"https:\/\/pridima.de\/wp-content\/uploads\/2024\/11\/LU_SteinaufStein_1-1024x968.jpeg\" alt=\"\" class=\"wp-image-1220\" srcset=\"https:\/\/pridima.de\/wp-content\/uploads\/2024\/11\/LU_SteinaufStein_1-1024x968.jpeg 1024w, https:\/\/pridima.de\/wp-content\/uploads\/2024\/11\/LU_SteinaufStein_1-300x283.jpeg 300w, https:\/\/pridima.de\/wp-content\/uploads\/2024\/11\/LU_SteinaufStein_1-768x726.jpeg 768w, https:\/\/pridima.de\/wp-content\/uploads\/2024\/11\/LU_SteinaufStein_1-1536x1451.jpeg 1536w, https:\/\/pridima.de\/wp-content\/uploads\/2024\/11\/LU_SteinaufStein_1-2048x1935.jpeg 2048w\" sizes=\"auto, (max-width: 767px) 89vw, (max-width: 1000px) 54vw, (max-width: 1071px) 543px, 580px\" \/><\/figure>\n<\/figure>\n\n\n\n<p>Wir bauen in dieser Lernumgebung unsere eigenen W\u00fcrfelgeb\u00e4ude und betrachten diese aus verschiedenen Perspektiven. Ihr werdet selber zu ArchitektInnen und lernt Baupl\u00e4ne zu lesen. Ob alleine oder als Team baut ihr verschiedenen W\u00fcrfelgeb\u00e4ude und k\u00f6nnt eintauchen in die Welt der ArchitektInnen. Spielerisch baut ihr nach, um und neu. Auch bei Spiegelbildern behaltet ihr den Durchblick und lasst euch beim Kistenstapeln nicht von der zweidimensionalen Darstellung t\u00e4uschen. Au\u00dferdem lernt ihr verschiedene W\u00fcrfelgeb\u00e4ude auch perspektivisch zu zeichnen.<\/p>\n\n\n\n<p>Wir freuen uns auf dich!<\/p>\n\n\n\n<p>.<\/p>\n","protected":false},"excerpt":{"rendered":"<p>Wir bauen in dieser Lernumgebung unsere eigenen W\u00fcrfelgeb\u00e4ude und betrachten diese aus verschiedenen Perspektiven. Ihr werdet selber zu ArchitektInnen und lernt Baupl\u00e4ne zu lesen. Ob alleine oder als Team baut ihr verschiedenen W\u00fcrfelgeb\u00e4ude und k\u00f6nnt eintauchen in die Welt der ArchitektInnen. Spielerisch baut ihr nach, um und neu. Auch bei Spiegelbildern behaltet ihr den Durchblick &hellip; <\/p>\n<p class=\"link-more\"><a href=\"https:\/\/pridima.de\/index.php\/stein-auf-stein\/\" class=\"more-link\"><span class=\"screen-reader-text\">\u201eStein auf Stein &#8211; Werdet selbst zu Architekten und Baumeistern\u201c<\/span> weiterlesen<\/a><\/p>\n","protected":false},"author":1,"featured_media":1231,"parent":0,"menu_order":0,"comment_status":"closed","ping_status":"closed","template":"","meta":{"footnotes":""},"class_list":["post-757","page","type-page","status-publish","has-post-thumbnail","hentry"],"yoast_head":"<!-- This site is optimized with the Yoast SEO plugin v27.2 - https:\/\/yoast.com\/product\/yoast-seo-wordpress\/ -->\n<title>Stein auf Stein - Werdet selbst zu Architekten und Baumeistern - pridima<\/title>\n<meta name=\"robots\" content=\"index, follow, max-snippet:-1, max-image-preview:large, max-video-preview:-1\" \/>\n<link rel=\"canonical\" href=\"https:\/\/pridima.de\/index.php\/stein-auf-stein\/\" \/>\n<meta property=\"og:locale\" content=\"de_DE\" \/>\n<meta property=\"og:type\" content=\"article\" \/>\n<meta property=\"og:title\" content=\"Stein auf Stein - Werdet selbst zu Architekten und Baumeistern - pridima\" \/>\n<meta property=\"og:description\" content=\"Wir bauen in dieser Lernumgebung unsere eigenen W\u00fcrfelgeb\u00e4ude und betrachten diese aus verschiedenen Perspektiven. Ihr werdet selber zu ArchitektInnen und lernt Baupl\u00e4ne zu lesen. Ob alleine oder als Team baut ihr verschiedenen W\u00fcrfelgeb\u00e4ude und k\u00f6nnt eintauchen in die Welt der ArchitektInnen. Spielerisch baut ihr nach, um und neu. Auch bei Spiegelbildern behaltet ihr den Durchblick &hellip; \u201eStein auf Stein &#8211; Werdet selbst zu Architekten und Baumeistern\u201c weiterlesen\" \/>\n<meta property=\"og:url\" content=\"https:\/\/pridima.de\/index.php\/stein-auf-stein\/\" \/>\n<meta property=\"og:site_name\" content=\"pridima\" \/>\n<meta property=\"article:modified_time\" content=\"2024-11-11T11:40:04+00:00\" \/>\n<meta property=\"og:image\" content=\"https:\/\/pridima.de\/wp-content\/uploads\/2024\/11\/steinaufstein.jpeg\" \/>\n\t<meta property=\"og:image:width\" content=\"200\" \/>\n\t<meta property=\"og:image:height\" content=\"112\" \/>\n\t<meta property=\"og:image:type\" content=\"image\/jpeg\" \/>\n<meta name=\"twitter:card\" content=\"summary_large_image\" \/>\n<meta name=\"twitter:label1\" content=\"Gesch\u00e4tzte Lesezeit\" \/>\n\t<meta name=\"twitter:data1\" content=\"1\u00a0Minute\" \/>\n<script type=\"application\/ld+json\" class=\"yoast-schema-graph\">{\"@context\":\"https:\/\/schema.org\",\"@graph\":[{\"@type\":\"WebPage\",\"@id\":\"https:\/\/pridima.de\/index.php\/stein-auf-stein\/\",\"url\":\"https:\/\/pridima.de\/index.php\/stein-auf-stein\/\",\"name\":\"Stein auf Stein - Werdet selbst zu Architekten und Baumeistern - pridima\",\"isPartOf\":{\"@id\":\"https:\/\/pridima.de\/#website\"},\"primaryImageOfPage\":{\"@id\":\"https:\/\/pridima.de\/index.php\/stein-auf-stein\/#primaryimage\"},\"image\":{\"@id\":\"https:\/\/pridima.de\/index.php\/stein-auf-stein\/#primaryimage\"},\"thumbnailUrl\":\"https:\/\/pridima.de\/wp-content\/uploads\/2024\/11\/steinaufstein.jpeg\",\"datePublished\":\"2023-06-22T15:58:40+00:00\",\"dateModified\":\"2024-11-11T11:40:04+00:00\",\"breadcrumb\":{\"@id\":\"https:\/\/pridima.de\/index.php\/stein-auf-stein\/#breadcrumb\"},\"inLanguage\":\"de\",\"potentialAction\":[{\"@type\":\"ReadAction\",\"target\":[\"https:\/\/pridima.de\/index.php\/stein-auf-stein\/\"]}]},{\"@type\":\"ImageObject\",\"inLanguage\":\"de\",\"@id\":\"https:\/\/pridima.de\/index.php\/stein-auf-stein\/#primaryimage\",\"url\":\"https:\/\/pridima.de\/wp-content\/uploads\/2024\/11\/steinaufstein.jpeg\",\"contentUrl\":\"https:\/\/pridima.de\/wp-content\/uploads\/2024\/11\/steinaufstein.jpeg\",\"width\":200,\"height\":112},{\"@type\":\"BreadcrumbList\",\"@id\":\"https:\/\/pridima.de\/index.php\/stein-auf-stein\/#breadcrumb\",\"itemListElement\":[{\"@type\":\"ListItem\",\"position\":1,\"name\":\"Home\",\"item\":\"https:\/\/pridima.de\/\"},{\"@type\":\"ListItem\",\"position\":2,\"name\":\"Stein auf Stein &#8211; Werdet selbst zu Architekten und Baumeistern\"}]},{\"@type\":\"WebSite\",\"@id\":\"https:\/\/pridima.de\/#website\",\"url\":\"https:\/\/pridima.de\/\",\"name\":\"pridima\",\"description\":\"Primarstufe Didaktik der Mathematik  Uni Landau\",\"publisher\":{\"@id\":\"https:\/\/pridima.de\/#organization\"},\"potentialAction\":[{\"@type\":\"SearchAction\",\"target\":{\"@type\":\"EntryPoint\",\"urlTemplate\":\"https:\/\/pridima.de\/?s={search_term_string}\"},\"query-input\":{\"@type\":\"PropertyValueSpecification\",\"valueRequired\":true,\"valueName\":\"search_term_string\"}}],\"inLanguage\":\"de\"},{\"@type\":\"Organization\",\"@id\":\"https:\/\/pridima.de\/#organization\",\"name\":\"PriMa Lernwerkstatt\",\"url\":\"https:\/\/pridima.de\/\",\"logo\":{\"@type\":\"ImageObject\",\"inLanguage\":\"de\",\"@id\":\"https:\/\/pridima.de\/#\/schema\/logo\/image\/\",\"url\":\"https:\/\/pridima.de\/wp-content\/uploads\/2022\/08\/PriMaLernwerstatt_CMYK.png\",\"contentUrl\":\"https:\/\/pridima.de\/wp-content\/uploads\/2022\/08\/PriMaLernwerstatt_CMYK.png\",\"width\":1452,\"height\":919,\"caption\":\"PriMa Lernwerkstatt\"},\"image\":{\"@id\":\"https:\/\/pridima.de\/#\/schema\/logo\/image\/\"}}]}<\/script>\n<!-- \/ Yoast SEO plugin. -->","yoast_head_json":{"title":"Stein auf Stein - Werdet selbst zu Architekten und Baumeistern - pridima","robots":{"index":"index","follow":"follow","max-snippet":"max-snippet:-1","max-image-preview":"max-image-preview:large","max-video-preview":"max-video-preview:-1"},"canonical":"https:\/\/pridima.de\/index.php\/stein-auf-stein\/","og_locale":"de_DE","og_type":"article","og_title":"Stein auf Stein - Werdet selbst zu Architekten und Baumeistern - pridima","og_description":"Wir bauen in dieser Lernumgebung unsere eigenen W\u00fcrfelgeb\u00e4ude und betrachten diese aus verschiedenen Perspektiven. Ihr werdet selber zu ArchitektInnen und lernt Baupl\u00e4ne zu lesen. Ob alleine oder als Team baut ihr verschiedenen W\u00fcrfelgeb\u00e4ude und k\u00f6nnt eintauchen in die Welt der ArchitektInnen. Spielerisch baut ihr nach, um und neu. Auch bei Spiegelbildern behaltet ihr den Durchblick &hellip; \u201eStein auf Stein &#8211; Werdet selbst zu Architekten und Baumeistern\u201c weiterlesen","og_url":"https:\/\/pridima.de\/index.php\/stein-auf-stein\/","og_site_name":"pridima","article_modified_time":"2024-11-11T11:40:04+00:00","og_image":[{"width":200,"height":112,"url":"https:\/\/pridima.de\/wp-content\/uploads\/2024\/11\/steinaufstein.jpeg","type":"image\/jpeg"}],"twitter_card":"summary_large_image","twitter_misc":{"Gesch\u00e4tzte Lesezeit":"1\u00a0Minute"},"schema":{"@context":"https:\/\/schema.org","@graph":[{"@type":"WebPage","@id":"https:\/\/pridima.de\/index.php\/stein-auf-stein\/","url":"https:\/\/pridima.de\/index.php\/stein-auf-stein\/","name":"Stein auf Stein - Werdet selbst zu Architekten und Baumeistern - pridima","isPartOf":{"@id":"https:\/\/pridima.de\/#website"},"primaryImageOfPage":{"@id":"https:\/\/pridima.de\/index.php\/stein-auf-stein\/#primaryimage"},"image":{"@id":"https:\/\/pridima.de\/index.php\/stein-auf-stein\/#primaryimage"},"thumbnailUrl":"https:\/\/pridima.de\/wp-content\/uploads\/2024\/11\/steinaufstein.jpeg","datePublished":"2023-06-22T15:58:40+00:00","dateModified":"2024-11-11T11:40:04+00:00","breadcrumb":{"@id":"https:\/\/pridima.de\/index.php\/stein-auf-stein\/#breadcrumb"},"inLanguage":"de","potentialAction":[{"@type":"ReadAction","target":["https:\/\/pridima.de\/index.php\/stein-auf-stein\/"]}]},{"@type":"ImageObject","inLanguage":"de","@id":"https:\/\/pridima.de\/index.php\/stein-auf-stein\/#primaryimage","url":"https:\/\/pridima.de\/wp-content\/uploads\/2024\/11\/steinaufstein.jpeg","contentUrl":"https:\/\/pridima.de\/wp-content\/uploads\/2024\/11\/steinaufstein.jpeg","width":200,"height":112},{"@type":"BreadcrumbList","@id":"https:\/\/pridima.de\/index.php\/stein-auf-stein\/#breadcrumb","itemListElement":[{"@type":"ListItem","position":1,"name":"Home","item":"https:\/\/pridima.de\/"},{"@type":"ListItem","position":2,"name":"Stein auf Stein &#8211; Werdet selbst zu Architekten und Baumeistern"}]},{"@type":"WebSite","@id":"https:\/\/pridima.de\/#website","url":"https:\/\/pridima.de\/","name":"pridima","description":"Primarstufe Didaktik der Mathematik  Uni Landau","publisher":{"@id":"https:\/\/pridima.de\/#organization"},"potentialAction":[{"@type":"SearchAction","target":{"@type":"EntryPoint","urlTemplate":"https:\/\/pridima.de\/?s={search_term_string}"},"query-input":{"@type":"PropertyValueSpecification","valueRequired":true,"valueName":"search_term_string"}}],"inLanguage":"de"},{"@type":"Organization","@id":"https:\/\/pridima.de\/#organization","name":"PriMa Lernwerkstatt","url":"https:\/\/pridima.de\/","logo":{"@type":"ImageObject","inLanguage":"de","@id":"https:\/\/pridima.de\/#\/schema\/logo\/image\/","url":"https:\/\/pridima.de\/wp-content\/uploads\/2022\/08\/PriMaLernwerstatt_CMYK.png","contentUrl":"https:\/\/pridima.de\/wp-content\/uploads\/2022\/08\/PriMaLernwerstatt_CMYK.png","width":1452,"height":919,"caption":"PriMa Lernwerkstatt"},"image":{"@id":"https:\/\/pridima.de\/#\/schema\/logo\/image\/"}}]}},"_links":{"self":[{"href":"https:\/\/pridima.de\/index.php\/wp-json\/wp\/v2\/pages\/757","targetHints":{"allow":["GET"]}}],"collection":[{"href":"https:\/\/pridima.de\/index.php\/wp-json\/wp\/v2\/pages"}],"about":[{"href":"https:\/\/pridima.de\/index.php\/wp-json\/wp\/v2\/types\/page"}],"author":[{"embeddable":true,"href":"https:\/\/pridima.de\/index.php\/wp-json\/wp\/v2\/users\/1"}],"replies":[{"embeddable":true,"href":"https:\/\/pridima.de\/index.php\/wp-json\/wp\/v2\/comments?post=757"}],"version-history":[{"count":5,"href":"https:\/\/pridima.de\/index.php\/wp-json\/wp\/v2\/pages\/757\/revisions"}],"predecessor-version":[{"id":1221,"href":"https:\/\/pridima.de\/index.php\/wp-json\/wp\/v2\/pages\/757\/revisions\/1221"}],"wp:featuredmedia":[{"embeddable":true,"href":"https:\/\/pridima.de\/index.php\/wp-json\/wp\/v2\/media\/1231"}],"wp:attachment":[{"href":"https:\/\/pridima.de\/index.php\/wp-json\/wp\/v2\/media?parent=757"}],"curies":[{"name":"wp","href":"https:\/\/api.w.org\/{rel}","templated":true}]}}