{"id":749,"date":"2023-06-22T17:55:20","date_gmt":"2023-06-22T15:55:20","guid":{"rendered":"https:\/\/pridima.de\/?page_id=749"},"modified":"2024-11-11T12:55:20","modified_gmt":"2024-11-11T11:55:20","slug":"tonnenschwer-und-federleicht","status":"publish","type":"page","link":"https:\/\/pridima.de\/index.php\/tonnenschwer-und-federleicht\/","title":{"rendered":"Tonnenschwer und federleicht"},"content":{"rendered":"\n<figure class=\"wp-block-image size-large is-resized\"><img loading=\"lazy\" decoding=\"async\" width=\"1024\" height=\"768\" src=\"https:\/\/pridima.de\/wp-content\/uploads\/2024\/11\/LU_Tonnenschwer_1-1024x768.jpeg\" alt=\"\" class=\"wp-image-1212\" style=\"width:609px;height:auto\" srcset=\"https:\/\/pridima.de\/wp-content\/uploads\/2024\/11\/LU_Tonnenschwer_1-1024x768.jpeg 1024w, https:\/\/pridima.de\/wp-content\/uploads\/2024\/11\/LU_Tonnenschwer_1-300x225.jpeg 300w, https:\/\/pridima.de\/wp-content\/uploads\/2024\/11\/LU_Tonnenschwer_1-768x576.jpeg 768w, https:\/\/pridima.de\/wp-content\/uploads\/2024\/11\/LU_Tonnenschwer_1-1536x1152.jpeg 1536w, https:\/\/pridima.de\/wp-content\/uploads\/2024\/11\/LU_Tonnenschwer_1-2048x1536.jpeg 2048w\" sizes=\"auto, (max-width: 767px) 89vw, (max-width: 1000px) 54vw, (max-width: 1071px) 543px, 580px\" \/><\/figure>\n\n\n\n<p>Wie schwer ist eigentlich ein Elefant? Kann man eine Feder wiegen? Und was hat es mit dem Ur-Kilogramm als Ma\u00df aller Dinge auf sich?<\/p>\n\n\n\n<p>Bei dieser Lernumgebung&nbsp;ist dein Geschick im Sch\u00e4tzen besonders gefragt. Du wirst viele verschiedenen Arten zu wiegen kennen lernen.&nbsp; Wir werden zusammen herausfinden, ob es stimmen kann, dass 1000 Meerschweinchen mehr als alle Kinder deiner Klasse wiegen. Gemeinsam werden wir au\u00dferdem herausfinden, was wom\u00f6glich hinter dem geheimnisvollen Gewichtsverlust des Ur-Kilogramms stecken k\u00f6nnte. Und noch vieles mehr!<\/p>\n\n\n\n<p>Wir freuen uns auf dich!<\/p>\n","protected":false},"excerpt":{"rendered":"<p>Wie schwer ist eigentlich ein Elefant? Kann man eine Feder wiegen? Und was hat es mit dem Ur-Kilogramm als Ma\u00df aller Dinge auf sich? Bei dieser Lernumgebung&nbsp;ist dein Geschick im Sch\u00e4tzen besonders gefragt. Du wirst viele verschiedenen Arten zu wiegen kennen lernen.&nbsp; Wir werden zusammen herausfinden, ob es stimmen kann, dass 1000 Meerschweinchen mehr als &hellip; <\/p>\n<p class=\"link-more\"><a href=\"https:\/\/pridima.de\/index.php\/tonnenschwer-und-federleicht\/\" class=\"more-link\"><span class=\"screen-reader-text\">\u201eTonnenschwer und federleicht\u201c<\/span> weiterlesen<\/a><\/p>\n","protected":false},"author":1,"featured_media":1244,"parent":0,"menu_order":0,"comment_status":"closed","ping_status":"closed","template":"","meta":{"footnotes":""},"class_list":["post-749","page","type-page","status-publish","has-post-thumbnail","hentry"],"yoast_head":"<!-- This site is optimized with the Yoast SEO plugin v27.2 - https:\/\/yoast.com\/product\/yoast-seo-wordpress\/ -->\n<title>Tonnenschwer und federleicht - pridima<\/title>\n<meta name=\"robots\" content=\"index, follow, max-snippet:-1, max-image-preview:large, max-video-preview:-1\" \/>\n<link rel=\"canonical\" href=\"https:\/\/pridima.de\/index.php\/tonnenschwer-und-federleicht\/\" \/>\n<meta property=\"og:locale\" content=\"de_DE\" \/>\n<meta property=\"og:type\" content=\"article\" \/>\n<meta property=\"og:title\" content=\"Tonnenschwer und federleicht - pridima\" \/>\n<meta property=\"og:description\" content=\"Wie schwer ist eigentlich ein Elefant? Kann man eine Feder wiegen? Und was hat es mit dem Ur-Kilogramm als Ma\u00df aller Dinge auf sich? Bei dieser Lernumgebung&nbsp;ist dein Geschick im Sch\u00e4tzen besonders gefragt. Du wirst viele verschiedenen Arten zu wiegen kennen lernen.&nbsp; Wir werden zusammen herausfinden, ob es stimmen kann, dass 1000 Meerschweinchen mehr als &hellip; \u201eTonnenschwer und federleicht\u201c weiterlesen\" \/>\n<meta property=\"og:url\" content=\"https:\/\/pridima.de\/index.php\/tonnenschwer-und-federleicht\/\" \/>\n<meta property=\"og:site_name\" content=\"pridima\" \/>\n<meta property=\"article:modified_time\" content=\"2024-11-11T11:55:20+00:00\" \/>\n<meta property=\"og:image\" content=\"https:\/\/pridima.de\/wp-content\/uploads\/2024\/11\/Gewichte_COLOURBOX-300x200-1.jpg\" \/>\n\t<meta property=\"og:image:width\" content=\"300\" \/>\n\t<meta property=\"og:image:height\" content=\"200\" \/>\n\t<meta property=\"og:image:type\" content=\"image\/jpeg\" \/>\n<meta name=\"twitter:card\" content=\"summary_large_image\" \/>\n<meta name=\"twitter:label1\" content=\"Gesch\u00e4tzte Lesezeit\" \/>\n\t<meta name=\"twitter:data1\" content=\"1\u00a0Minute\" \/>\n<script type=\"application\/ld+json\" class=\"yoast-schema-graph\">{\"@context\":\"https:\/\/schema.org\",\"@graph\":[{\"@type\":\"WebPage\",\"@id\":\"https:\/\/pridima.de\/index.php\/tonnenschwer-und-federleicht\/\",\"url\":\"https:\/\/pridima.de\/index.php\/tonnenschwer-und-federleicht\/\",\"name\":\"Tonnenschwer und federleicht - pridima\",\"isPartOf\":{\"@id\":\"https:\/\/pridima.de\/#website\"},\"primaryImageOfPage\":{\"@id\":\"https:\/\/pridima.de\/index.php\/tonnenschwer-und-federleicht\/#primaryimage\"},\"image\":{\"@id\":\"https:\/\/pridima.de\/index.php\/tonnenschwer-und-federleicht\/#primaryimage\"},\"thumbnailUrl\":\"https:\/\/pridima.de\/wp-content\/uploads\/2024\/11\/Gewichte_COLOURBOX-300x200-1.jpg\",\"datePublished\":\"2023-06-22T15:55:20+00:00\",\"dateModified\":\"2024-11-11T11:55:20+00:00\",\"breadcrumb\":{\"@id\":\"https:\/\/pridima.de\/index.php\/tonnenschwer-und-federleicht\/#breadcrumb\"},\"inLanguage\":\"de\",\"potentialAction\":[{\"@type\":\"ReadAction\",\"target\":[\"https:\/\/pridima.de\/index.php\/tonnenschwer-und-federleicht\/\"]}]},{\"@type\":\"ImageObject\",\"inLanguage\":\"de\",\"@id\":\"https:\/\/pridima.de\/index.php\/tonnenschwer-und-federleicht\/#primaryimage\",\"url\":\"https:\/\/pridima.de\/wp-content\/uploads\/2024\/11\/Gewichte_COLOURBOX-300x200-1.jpg\",\"contentUrl\":\"https:\/\/pridima.de\/wp-content\/uploads\/2024\/11\/Gewichte_COLOURBOX-300x200-1.jpg\",\"width\":300,\"height\":200,\"caption\":\"Justice or science still life. Old brass weight scale near books and feather on dark background\"},{\"@type\":\"BreadcrumbList\",\"@id\":\"https:\/\/pridima.de\/index.php\/tonnenschwer-und-federleicht\/#breadcrumb\",\"itemListElement\":[{\"@type\":\"ListItem\",\"position\":1,\"name\":\"Home\",\"item\":\"https:\/\/pridima.de\/\"},{\"@type\":\"ListItem\",\"position\":2,\"name\":\"Tonnenschwer und federleicht\"}]},{\"@type\":\"WebSite\",\"@id\":\"https:\/\/pridima.de\/#website\",\"url\":\"https:\/\/pridima.de\/\",\"name\":\"pridima\",\"description\":\"Primarstufe Didaktik der Mathematik  Uni Landau\",\"publisher\":{\"@id\":\"https:\/\/pridima.de\/#organization\"},\"potentialAction\":[{\"@type\":\"SearchAction\",\"target\":{\"@type\":\"EntryPoint\",\"urlTemplate\":\"https:\/\/pridima.de\/?s={search_term_string}\"},\"query-input\":{\"@type\":\"PropertyValueSpecification\",\"valueRequired\":true,\"valueName\":\"search_term_string\"}}],\"inLanguage\":\"de\"},{\"@type\":\"Organization\",\"@id\":\"https:\/\/pridima.de\/#organization\",\"name\":\"PriMa Lernwerkstatt\",\"url\":\"https:\/\/pridima.de\/\",\"logo\":{\"@type\":\"ImageObject\",\"inLanguage\":\"de\",\"@id\":\"https:\/\/pridima.de\/#\/schema\/logo\/image\/\",\"url\":\"https:\/\/pridima.de\/wp-content\/uploads\/2022\/08\/PriMaLernwerstatt_CMYK.png\",\"contentUrl\":\"https:\/\/pridima.de\/wp-content\/uploads\/2022\/08\/PriMaLernwerstatt_CMYK.png\",\"width\":1452,\"height\":919,\"caption\":\"PriMa Lernwerkstatt\"},\"image\":{\"@id\":\"https:\/\/pridima.de\/#\/schema\/logo\/image\/\"}}]}<\/script>\n<!-- \/ Yoast SEO plugin. -->","yoast_head_json":{"title":"Tonnenschwer und federleicht - pridima","robots":{"index":"index","follow":"follow","max-snippet":"max-snippet:-1","max-image-preview":"max-image-preview:large","max-video-preview":"max-video-preview:-1"},"canonical":"https:\/\/pridima.de\/index.php\/tonnenschwer-und-federleicht\/","og_locale":"de_DE","og_type":"article","og_title":"Tonnenschwer und federleicht - pridima","og_description":"Wie schwer ist eigentlich ein Elefant? Kann man eine Feder wiegen? Und was hat es mit dem Ur-Kilogramm als Ma\u00df aller Dinge auf sich? Bei dieser Lernumgebung&nbsp;ist dein Geschick im Sch\u00e4tzen besonders gefragt. Du wirst viele verschiedenen Arten zu wiegen kennen lernen.&nbsp; Wir werden zusammen herausfinden, ob es stimmen kann, dass 1000 Meerschweinchen mehr als &hellip; \u201eTonnenschwer und federleicht\u201c weiterlesen","og_url":"https:\/\/pridima.de\/index.php\/tonnenschwer-und-federleicht\/","og_site_name":"pridima","article_modified_time":"2024-11-11T11:55:20+00:00","og_image":[{"width":300,"height":200,"url":"https:\/\/pridima.de\/wp-content\/uploads\/2024\/11\/Gewichte_COLOURBOX-300x200-1.jpg","type":"image\/jpeg"}],"twitter_card":"summary_large_image","twitter_misc":{"Gesch\u00e4tzte Lesezeit":"1\u00a0Minute"},"schema":{"@context":"https:\/\/schema.org","@graph":[{"@type":"WebPage","@id":"https:\/\/pridima.de\/index.php\/tonnenschwer-und-federleicht\/","url":"https:\/\/pridima.de\/index.php\/tonnenschwer-und-federleicht\/","name":"Tonnenschwer und federleicht - pridima","isPartOf":{"@id":"https:\/\/pridima.de\/#website"},"primaryImageOfPage":{"@id":"https:\/\/pridima.de\/index.php\/tonnenschwer-und-federleicht\/#primaryimage"},"image":{"@id":"https:\/\/pridima.de\/index.php\/tonnenschwer-und-federleicht\/#primaryimage"},"thumbnailUrl":"https:\/\/pridima.de\/wp-content\/uploads\/2024\/11\/Gewichte_COLOURBOX-300x200-1.jpg","datePublished":"2023-06-22T15:55:20+00:00","dateModified":"2024-11-11T11:55:20+00:00","breadcrumb":{"@id":"https:\/\/pridima.de\/index.php\/tonnenschwer-und-federleicht\/#breadcrumb"},"inLanguage":"de","potentialAction":[{"@type":"ReadAction","target":["https:\/\/pridima.de\/index.php\/tonnenschwer-und-federleicht\/"]}]},{"@type":"ImageObject","inLanguage":"de","@id":"https:\/\/pridima.de\/index.php\/tonnenschwer-und-federleicht\/#primaryimage","url":"https:\/\/pridima.de\/wp-content\/uploads\/2024\/11\/Gewichte_COLOURBOX-300x200-1.jpg","contentUrl":"https:\/\/pridima.de\/wp-content\/uploads\/2024\/11\/Gewichte_COLOURBOX-300x200-1.jpg","width":300,"height":200,"caption":"Justice or science still life. Old brass weight scale near books and feather on dark background"},{"@type":"BreadcrumbList","@id":"https:\/\/pridima.de\/index.php\/tonnenschwer-und-federleicht\/#breadcrumb","itemListElement":[{"@type":"ListItem","position":1,"name":"Home","item":"https:\/\/pridima.de\/"},{"@type":"ListItem","position":2,"name":"Tonnenschwer und federleicht"}]},{"@type":"WebSite","@id":"https:\/\/pridima.de\/#website","url":"https:\/\/pridima.de\/","name":"pridima","description":"Primarstufe Didaktik der Mathematik  Uni Landau","publisher":{"@id":"https:\/\/pridima.de\/#organization"},"potentialAction":[{"@type":"SearchAction","target":{"@type":"EntryPoint","urlTemplate":"https:\/\/pridima.de\/?s={search_term_string}"},"query-input":{"@type":"PropertyValueSpecification","valueRequired":true,"valueName":"search_term_string"}}],"inLanguage":"de"},{"@type":"Organization","@id":"https:\/\/pridima.de\/#organization","name":"PriMa Lernwerkstatt","url":"https:\/\/pridima.de\/","logo":{"@type":"ImageObject","inLanguage":"de","@id":"https:\/\/pridima.de\/#\/schema\/logo\/image\/","url":"https:\/\/pridima.de\/wp-content\/uploads\/2022\/08\/PriMaLernwerstatt_CMYK.png","contentUrl":"https:\/\/pridima.de\/wp-content\/uploads\/2022\/08\/PriMaLernwerstatt_CMYK.png","width":1452,"height":919,"caption":"PriMa Lernwerkstatt"},"image":{"@id":"https:\/\/pridima.de\/#\/schema\/logo\/image\/"}}]}},"_links":{"self":[{"href":"https:\/\/pridima.de\/index.php\/wp-json\/wp\/v2\/pages\/749","targetHints":{"allow":["GET"]}}],"collection":[{"href":"https:\/\/pridima.de\/index.php\/wp-json\/wp\/v2\/pages"}],"about":[{"href":"https:\/\/pridima.de\/index.php\/wp-json\/wp\/v2\/types\/page"}],"author":[{"embeddable":true,"href":"https:\/\/pridima.de\/index.php\/wp-json\/wp\/v2\/users\/1"}],"replies":[{"embeddable":true,"href":"https:\/\/pridima.de\/index.php\/wp-json\/wp\/v2\/comments?post=749"}],"version-history":[{"count":4,"href":"https:\/\/pridima.de\/index.php\/wp-json\/wp\/v2\/pages\/749\/revisions"}],"predecessor-version":[{"id":1213,"href":"https:\/\/pridima.de\/index.php\/wp-json\/wp\/v2\/pages\/749\/revisions\/1213"}],"wp:featuredmedia":[{"embeddable":true,"href":"https:\/\/pridima.de\/index.php\/wp-json\/wp\/v2\/media\/1244"}],"wp:attachment":[{"href":"https:\/\/pridima.de\/index.php\/wp-json\/wp\/v2\/media?parent=749"}],"curies":[{"name":"wp","href":"https:\/\/api.w.org\/{rel}","templated":true}]}}