{"id":679,"date":"2023-06-19T11:32:01","date_gmt":"2023-06-19T09:32:01","guid":{"rendered":"https:\/\/pridima.de\/?page_id=679"},"modified":"2025-04-09T14:00:55","modified_gmt":"2025-04-09T12:00:55","slug":"kursangebot","status":"publish","type":"page","link":"https:\/\/pridima.de\/index.php\/kursangebot\/","title":{"rendered":"Alle Ferienkurse"},"content":{"rendered":"\n<div class=\"grid-container-lern\">\n<div class=\"card-lern containerdigital\" data-ribbon=\"auch digital verf\u00fcgbar\" id=\"kopfzerbrecher\">\n     <img decoding=\"async\" class=\"img-lern\" src=\"https:\/\/pridima.de\/wp-content\/uploads\/2023\/05\/Tangram-300x300.jpg\" alt=\"Bild Tangram\">\n     <div class=\"container-lern\">\n         <h4><b><a target=\"_blank\" href=\"https:\/\/pridima.de\/index.php\/kopfzerbrecher\" rel=\"noopener\">Kopfzerbrecher<\/a> \n          <\/b><\/h4> \n          <p>Auf den Spuren eines alten chinesischen Legespiels<br><\/p>\n     <\/div>\n<\/div>\n<div class=\"card-lern containerdigital\" data-ribbon=\"auch digital verf\u00fcgbar\" id=\"topsecret\">\n  <img decoding=\"async\" class=\"img-lern\" src=\"https:\/\/pridima.de\/wp-content\/uploads\/2023\/05\/Lupe_Geheimbotschaft-300x200.jpg\" alt=\"Bild Top Secret\">\n  <div class=\"container-lern\">\n    <h4><b><a target=\"_blank\" href=\"https:\/\/pridima.de\/index.php\/topsecret\" rel=\"noopener\">Top Secret<\/a><\/b><\/h4> \n    <p>Auf den Spuren verschl\u00fcsselter Informationen und geheimer Codes<\/p> \n  <\/div>\n<\/div>\n<div class=\"card-lern\" id=\"tonnenschwerundfederleicht\">\n  <img decoding=\"async\" class=\"img-lern\" src=\"https:\/\/pridima.de\/wp-content\/uploads\/2023\/05\/Gewichte_COLOURBOX-300x200.jpg\" alt=\"Bild Tonnenschwer und federleicht\">\n  <div class=\"container-lern\">\n    <h4><b><a target=\"_blank\" href=\"https:\/\/pridima.de\/index.php\/tonnenschwer-und-federleicht\" rel=\"noopener\">Tonnenschwer und federleicht<\/a><\/b><\/h4> \n    <p>Massenhaft(e) Entdeckungen beim Wiegen und W\u00e4gen<\/p> \n  <\/div>\n<\/div>\n<div class=\"card-lern containerdigital\" data-ribbon=\"auch digital verf\u00fcgbar\" id=\"knobelspass\">\n  <img decoding=\"async\" class=\"img-lern\" src=\"https:\/\/pridima.de\/wp-content\/uploads\/2022\/09\/knobelspass.jpeg\" alt=\"Bild Expedition Knobelspa\u00df\">\n  <div class=\"container-lern\">\n    <h4><b><a target=\"_blank\" href=\"https:\/\/pridima.de\/index.php\/expedition-knobelspass\" rel=\"noopener\">Expedition \u201eKnobelspa\u00df\u201c<\/a><\/b><\/h4> \n    <p>eine Forschungsreise auf den Spuren ber\u00fchmter Mathematiker<\/p> \n  <\/div>\n<\/div>\n<div class=\"card-lern\" id=\"lueckenlos\">\n  <img decoding=\"async\" class=\"img-lern\" src=\"https:\/\/pridima.de\/wp-content\/uploads\/2023\/05\/Isometrie_COLOURBOX-300x300.jpg\" alt=\"Bild L\u00fcckenlos\">\n  <div class=\"container-lern\">\n    <h4><b><a target=\"_blank\" href=\"https:\/\/pridima.de\/index.php\/lueckenlos\" rel=\"noopener\">L\u00fcckenlos<\/a><\/b><\/h4> \n    <p>Nach allen Regeln der Kunst<\/p> \n  <\/div>\n<\/div>\n<div class=\"card-lern\" id=\"steinaufstein\">\n  <img decoding=\"async\" class=\"img-lern\" src=\"https:\/\/pridima.de\/wp-content\/uploads\/2022\/09\/steinaufstein.jpeg\" alt=\"Bild Stein auf Stein\">\n  <div class=\"container-lern\">\n    <h4><b><a target=\"_blank\" href=\"https:\/\/pridima.de\/index.php\/stein-auf-stein\" rel=\"noopener\">Stein auf Stein<\/a><\/b><\/h4> \n    <p>Werdet selbst zu Baumeistern und Architekten <\/p> \n  <\/div>\n<\/div>\n<div class=\"card-lern\" id=\"rauminhaltevergleichen\">\n  <img decoding=\"async\" class=\"img-lern\" src=\"https:\/\/pridima.de\/wp-content\/uploads\/2023\/05\/20190820_105722-234x300.jpg\" alt=\"Bild Von F\u00e4ssern und Gallonen\">\n  <div class=\"container-lern\">\n    <h4><b><a target=\"_blank\" href=\"https:\/\/pridima.de\/index.php\/von-faessern-gallonen-und-fluessigen-unzen\" rel=\"noopener\">Von F\u00e4ssern, Gallonen und fl\u00fcssigen Unzen<\/a><\/b><\/h4> \n    <p>Rauminhalte vergleichen, sch\u00e4tzen und messen<\/p> \n  <\/div>\n<\/div>\n<div class=\"card-lern containerdigital\" data-ribbon=\"auch digital verf\u00fcgbar\" id=\"bluebots\">\n  <img decoding=\"async\" class=\"img-lern\" src=\"https:\/\/pridima.de\/wp-content\/uploads\/2022\/09\/dieKaeferSindLos.jpeg\" alt=\"Bild Bluebots\">\n  <div class=\"container-lern\">\n    <h4><b><a target=\"_blank\" href=\"https:\/\/pridima.de\/index.php\/die-kaefer-sind-los\" rel=\"noopener\">Die K\u00e4fer sind los<\/a><\/b><\/h4> \n    <p>Alles rund um das Programmieren von Robotern<\/p> \n  <\/div>\n<\/div>\n<div class=\"card-lern\" id=\"datendetektive\">\n  <img decoding=\"async\" class=\"img-lern\" src=\"https:\/\/pridima.de\/wp-content\/uploads\/2023\/05\/Daten-300x225.jpg\" alt=\"Bild Datendetektive\">\n  <div class=\"container-lern\">\n    <h4><b><a target=\"_blank\" href=\"https:\/\/pridima.de\/index.php\/datendetektive\" rel=\"noopener\">Daten-Detektive <\/a><\/b><\/h4> \n    <p>Diagrammen auf der Spur!<\/p> \n  <\/div>\n<\/div>\n<div class=\"card-lern\" id=\"outdoormathematik\">\n  <img decoding=\"async\" class=\"img-lern\" src=\"https:\/\/pridima.de\/wp-content\/uploads\/2023\/04\/MCM_Stadt_Hp1-300x200.jpg\" alt=\"Bild Outdoor-Mathematik\">\n  <div class=\"container-lern\">\n    <h4><b><a target=\"_blank\" href=\"https:\/\/pridima.de\/index.php\/outdoor-mathematik\" rel=\"noopener\">Outdoor-Mathematik<\/a><\/b><\/h4> \n    <p>Mit der mathematischen Brille unterwegs<\/p> \n  <\/div>\n<\/div>\n<div class=\"card-lern\" id=\"somawuerfel\">\n  <img decoding=\"async\" class=\"img-lern\" src=\"https:\/\/pridima.de\/wp-content\/uploads\/2023\/03\/Bild1.png\" alt=\"Bild SOMA-W\u00fcrfel\">\n  <div class=\"container-lern\">\n    <h4><b><a target=\"_blank\" href=\"https:\/\/pridima.de\/index.php\/soma-wuerfel\" rel=\"noopener\">Knobeln mit dem SOMA-W\u00fcrfel<\/a><\/b><\/h4> \n    <p>W\u00fcrfelmehrlinge erkunden<\/p> \n  <\/div>\n<\/div>\n<\/div>\n","protected":false},"excerpt":{"rendered":"<p>Kopfzerbrecher Auf den Spuren eines alten chinesischen Legespiels Top Secret Auf den Spuren verschl\u00fcsselter Informationen und geheimer Codes Tonnenschwer und federleicht Massenhaft(e) Entdeckungen beim Wiegen und W\u00e4gen Expedition \u201eKnobelspa\u00df\u201c eine Forschungsreise auf den Spuren ber\u00fchmter Mathematiker L\u00fcckenlos Nach allen Regeln der Kunst Stein auf Stein Werdet selbst zu Baumeistern und Architekten Von F\u00e4ssern, Gallonen und &hellip; <\/p>\n<p class=\"link-more\"><a href=\"https:\/\/pridima.de\/index.php\/kursangebot\/\" class=\"more-link\"><span class=\"screen-reader-text\">\u201eAlle Ferienkurse\u201c<\/span> weiterlesen<\/a><\/p>\n","protected":false},"author":1,"featured_media":0,"parent":0,"menu_order":0,"comment_status":"closed","ping_status":"closed","template":"","meta":{"footnotes":""},"class_list":["post-679","page","type-page","status-publish","hentry"],"yoast_head":"<!-- This site is optimized with the Yoast SEO plugin v27.2 - https:\/\/yoast.com\/product\/yoast-seo-wordpress\/ -->\n<title>Alle Ferienkurse - pridima<\/title>\n<meta name=\"robots\" content=\"index, follow, max-snippet:-1, max-image-preview:large, max-video-preview:-1\" \/>\n<link rel=\"canonical\" href=\"https:\/\/pridima.de\/index.php\/kursangebot\/\" \/>\n<meta property=\"og:locale\" content=\"de_DE\" \/>\n<meta property=\"og:type\" content=\"article\" \/>\n<meta property=\"og:title\" content=\"Alle Ferienkurse - pridima\" \/>\n<meta property=\"og:description\" content=\"Kopfzerbrecher Auf den Spuren eines alten chinesischen Legespiels Top Secret Auf den Spuren verschl\u00fcsselter Informationen und geheimer Codes Tonnenschwer und federleicht Massenhaft(e) Entdeckungen beim Wiegen und W\u00e4gen Expedition \u201eKnobelspa\u00df\u201c eine Forschungsreise auf den Spuren ber\u00fchmter Mathematiker L\u00fcckenlos Nach allen Regeln der Kunst Stein auf Stein Werdet selbst zu Baumeistern und Architekten Von F\u00e4ssern, Gallonen und &hellip; \u201eAlle Ferienkurse\u201c weiterlesen\" \/>\n<meta property=\"og:url\" content=\"https:\/\/pridima.de\/index.php\/kursangebot\/\" \/>\n<meta property=\"og:site_name\" content=\"pridima\" \/>\n<meta property=\"article:modified_time\" content=\"2025-04-09T12:00:55+00:00\" \/>\n<meta property=\"og:image\" content=\"https:\/\/pridima.de\/wp-content\/uploads\/2023\/05\/Tangram-300x300.jpg\" \/>\n<meta name=\"twitter:card\" content=\"summary_large_image\" \/>\n<meta name=\"twitter:label1\" content=\"Gesch\u00e4tzte Lesezeit\" \/>\n\t<meta name=\"twitter:data1\" content=\"3\u00a0Minuten\" \/>\n<script type=\"application\/ld+json\" class=\"yoast-schema-graph\">{\"@context\":\"https:\/\/schema.org\",\"@graph\":[{\"@type\":\"WebPage\",\"@id\":\"https:\/\/pridima.de\/index.php\/kursangebot\/\",\"url\":\"https:\/\/pridima.de\/index.php\/kursangebot\/\",\"name\":\"Alle Ferienkurse - pridima\",\"isPartOf\":{\"@id\":\"https:\/\/pridima.de\/#website\"},\"primaryImageOfPage\":{\"@id\":\"https:\/\/pridima.de\/index.php\/kursangebot\/#primaryimage\"},\"image\":{\"@id\":\"https:\/\/pridima.de\/index.php\/kursangebot\/#primaryimage\"},\"thumbnailUrl\":\"https:\/\/pridima.de\/wp-content\/uploads\/2023\/05\/Tangram-300x300.jpg\",\"datePublished\":\"2023-06-19T09:32:01+00:00\",\"dateModified\":\"2025-04-09T12:00:55+00:00\",\"breadcrumb\":{\"@id\":\"https:\/\/pridima.de\/index.php\/kursangebot\/#breadcrumb\"},\"inLanguage\":\"de\",\"potentialAction\":[{\"@type\":\"ReadAction\",\"target\":[\"https:\/\/pridima.de\/index.php\/kursangebot\/\"]}]},{\"@type\":\"ImageObject\",\"inLanguage\":\"de\",\"@id\":\"https:\/\/pridima.de\/index.php\/kursangebot\/#primaryimage\",\"url\":\"https:\/\/pridima.de\/wp-content\/uploads\/2023\/05\/Tangram-e1731077341828.jpg\",\"contentUrl\":\"https:\/\/pridima.de\/wp-content\/uploads\/2023\/05\/Tangram-e1731077341828.jpg\",\"width\":2450,\"height\":2450,\"caption\":\"Sailing boat built from pieces of a traditional Japanese and Chinese Puzzle Game made of different wood parts.\"},{\"@type\":\"BreadcrumbList\",\"@id\":\"https:\/\/pridima.de\/index.php\/kursangebot\/#breadcrumb\",\"itemListElement\":[{\"@type\":\"ListItem\",\"position\":1,\"name\":\"Home\",\"item\":\"https:\/\/pridima.de\/\"},{\"@type\":\"ListItem\",\"position\":2,\"name\":\"Alle Ferienkurse\"}]},{\"@type\":\"WebSite\",\"@id\":\"https:\/\/pridima.de\/#website\",\"url\":\"https:\/\/pridima.de\/\",\"name\":\"pridima\",\"description\":\"Primarstufe Didaktik der Mathematik  Uni Landau\",\"publisher\":{\"@id\":\"https:\/\/pridima.de\/#organization\"},\"potentialAction\":[{\"@type\":\"SearchAction\",\"target\":{\"@type\":\"EntryPoint\",\"urlTemplate\":\"https:\/\/pridima.de\/?s={search_term_string}\"},\"query-input\":{\"@type\":\"PropertyValueSpecification\",\"valueRequired\":true,\"valueName\":\"search_term_string\"}}],\"inLanguage\":\"de\"},{\"@type\":\"Organization\",\"@id\":\"https:\/\/pridima.de\/#organization\",\"name\":\"PriMa Lernwerkstatt\",\"url\":\"https:\/\/pridima.de\/\",\"logo\":{\"@type\":\"ImageObject\",\"inLanguage\":\"de\",\"@id\":\"https:\/\/pridima.de\/#\/schema\/logo\/image\/\",\"url\":\"https:\/\/pridima.de\/wp-content\/uploads\/2022\/08\/PriMaLernwerstatt_CMYK.png\",\"contentUrl\":\"https:\/\/pridima.de\/wp-content\/uploads\/2022\/08\/PriMaLernwerstatt_CMYK.png\",\"width\":1452,\"height\":919,\"caption\":\"PriMa Lernwerkstatt\"},\"image\":{\"@id\":\"https:\/\/pridima.de\/#\/schema\/logo\/image\/\"}}]}<\/script>\n<!-- \/ Yoast SEO plugin. -->","yoast_head_json":{"title":"Alle Ferienkurse - pridima","robots":{"index":"index","follow":"follow","max-snippet":"max-snippet:-1","max-image-preview":"max-image-preview:large","max-video-preview":"max-video-preview:-1"},"canonical":"https:\/\/pridima.de\/index.php\/kursangebot\/","og_locale":"de_DE","og_type":"article","og_title":"Alle Ferienkurse - pridima","og_description":"Kopfzerbrecher Auf den Spuren eines alten chinesischen Legespiels Top Secret Auf den Spuren verschl\u00fcsselter Informationen und geheimer Codes Tonnenschwer und federleicht Massenhaft(e) Entdeckungen beim Wiegen und W\u00e4gen Expedition \u201eKnobelspa\u00df\u201c eine Forschungsreise auf den Spuren ber\u00fchmter Mathematiker L\u00fcckenlos Nach allen Regeln der Kunst Stein auf Stein Werdet selbst zu Baumeistern und Architekten Von F\u00e4ssern, Gallonen und &hellip; \u201eAlle Ferienkurse\u201c weiterlesen","og_url":"https:\/\/pridima.de\/index.php\/kursangebot\/","og_site_name":"pridima","article_modified_time":"2025-04-09T12:00:55+00:00","og_image":[{"url":"https:\/\/pridima.de\/wp-content\/uploads\/2023\/05\/Tangram-300x300.jpg","type":"","width":"","height":""}],"twitter_card":"summary_large_image","twitter_misc":{"Gesch\u00e4tzte Lesezeit":"3\u00a0Minuten"},"schema":{"@context":"https:\/\/schema.org","@graph":[{"@type":"WebPage","@id":"https:\/\/pridima.de\/index.php\/kursangebot\/","url":"https:\/\/pridima.de\/index.php\/kursangebot\/","name":"Alle Ferienkurse - pridima","isPartOf":{"@id":"https:\/\/pridima.de\/#website"},"primaryImageOfPage":{"@id":"https:\/\/pridima.de\/index.php\/kursangebot\/#primaryimage"},"image":{"@id":"https:\/\/pridima.de\/index.php\/kursangebot\/#primaryimage"},"thumbnailUrl":"https:\/\/pridima.de\/wp-content\/uploads\/2023\/05\/Tangram-300x300.jpg","datePublished":"2023-06-19T09:32:01+00:00","dateModified":"2025-04-09T12:00:55+00:00","breadcrumb":{"@id":"https:\/\/pridima.de\/index.php\/kursangebot\/#breadcrumb"},"inLanguage":"de","potentialAction":[{"@type":"ReadAction","target":["https:\/\/pridima.de\/index.php\/kursangebot\/"]}]},{"@type":"ImageObject","inLanguage":"de","@id":"https:\/\/pridima.de\/index.php\/kursangebot\/#primaryimage","url":"https:\/\/pridima.de\/wp-content\/uploads\/2023\/05\/Tangram-e1731077341828.jpg","contentUrl":"https:\/\/pridima.de\/wp-content\/uploads\/2023\/05\/Tangram-e1731077341828.jpg","width":2450,"height":2450,"caption":"Sailing boat built from pieces of a traditional Japanese and Chinese Puzzle Game made of different wood parts."},{"@type":"BreadcrumbList","@id":"https:\/\/pridima.de\/index.php\/kursangebot\/#breadcrumb","itemListElement":[{"@type":"ListItem","position":1,"name":"Home","item":"https:\/\/pridima.de\/"},{"@type":"ListItem","position":2,"name":"Alle Ferienkurse"}]},{"@type":"WebSite","@id":"https:\/\/pridima.de\/#website","url":"https:\/\/pridima.de\/","name":"pridima","description":"Primarstufe Didaktik der Mathematik  Uni Landau","publisher":{"@id":"https:\/\/pridima.de\/#organization"},"potentialAction":[{"@type":"SearchAction","target":{"@type":"EntryPoint","urlTemplate":"https:\/\/pridima.de\/?s={search_term_string}"},"query-input":{"@type":"PropertyValueSpecification","valueRequired":true,"valueName":"search_term_string"}}],"inLanguage":"de"},{"@type":"Organization","@id":"https:\/\/pridima.de\/#organization","name":"PriMa Lernwerkstatt","url":"https:\/\/pridima.de\/","logo":{"@type":"ImageObject","inLanguage":"de","@id":"https:\/\/pridima.de\/#\/schema\/logo\/image\/","url":"https:\/\/pridima.de\/wp-content\/uploads\/2022\/08\/PriMaLernwerstatt_CMYK.png","contentUrl":"https:\/\/pridima.de\/wp-content\/uploads\/2022\/08\/PriMaLernwerstatt_CMYK.png","width":1452,"height":919,"caption":"PriMa Lernwerkstatt"},"image":{"@id":"https:\/\/pridima.de\/#\/schema\/logo\/image\/"}}]}},"_links":{"self":[{"href":"https:\/\/pridima.de\/index.php\/wp-json\/wp\/v2\/pages\/679","targetHints":{"allow":["GET"]}}],"collection":[{"href":"https:\/\/pridima.de\/index.php\/wp-json\/wp\/v2\/pages"}],"about":[{"href":"https:\/\/pridima.de\/index.php\/wp-json\/wp\/v2\/types\/page"}],"author":[{"embeddable":true,"href":"https:\/\/pridima.de\/index.php\/wp-json\/wp\/v2\/users\/1"}],"replies":[{"embeddable":true,"href":"https:\/\/pridima.de\/index.php\/wp-json\/wp\/v2\/comments?post=679"}],"version-history":[{"count":42,"href":"https:\/\/pridima.de\/index.php\/wp-json\/wp\/v2\/pages\/679\/revisions"}],"predecessor-version":[{"id":1080,"href":"https:\/\/pridima.de\/index.php\/wp-json\/wp\/v2\/pages\/679\/revisions\/1080"}],"wp:attachment":[{"href":"https:\/\/pridima.de\/index.php\/wp-json\/wp\/v2\/media?parent=679"}],"curies":[{"name":"wp","href":"https:\/\/api.w.org\/{rel}","templated":true}]}}