{"id":59,"date":"2022-08-01T14:38:38","date_gmt":"2022-08-01T12:38:38","guid":{"rendered":"https:\/\/pridima.de\/?page_id=59"},"modified":"2024-11-11T12:54:45","modified_gmt":"2024-11-11T11:54:45","slug":"topsecret","status":"publish","type":"page","link":"https:\/\/pridima.de\/index.php\/topsecret\/","title":{"rendered":"TOP SECRET! &#8211; Auf den Spuren verschl\u00fcsselter Informationen und geheimer Codes"},"content":{"rendered":"\n<figure class=\"wp-block-image size-large is-resized\"><img loading=\"lazy\" decoding=\"async\" width=\"1024\" height=\"768\" src=\"https:\/\/pridima.de\/wp-content\/uploads\/2024\/11\/LU_TopSecret_1-1-1024x768.jpeg\" alt=\"\" class=\"wp-image-1208\" style=\"width:553px;height:auto\" srcset=\"https:\/\/pridima.de\/wp-content\/uploads\/2024\/11\/LU_TopSecret_1-1-1024x768.jpeg 1024w, https:\/\/pridima.de\/wp-content\/uploads\/2024\/11\/LU_TopSecret_1-1-300x225.jpeg 300w, https:\/\/pridima.de\/wp-content\/uploads\/2024\/11\/LU_TopSecret_1-1-768x576.jpeg 768w, https:\/\/pridima.de\/wp-content\/uploads\/2024\/11\/LU_TopSecret_1-1-1536x1152.jpeg 1536w, https:\/\/pridima.de\/wp-content\/uploads\/2024\/11\/LU_TopSecret_1-1-2048x1536.jpeg 2048w\" sizes=\"auto, (max-width: 767px) 89vw, (max-width: 1000px) 54vw, (max-width: 1071px) 543px, 580px\" \/><\/figure>\n\n\n\n<p>Entdecke in einer spannenden Lernumgebung die Faszination von verschl\u00fcsselten Informationen und geheimen Codes!<\/p>\n\n\n\n<p>Hier lernst du verschiedene Techniken, die schon seit Jahrhunderten eingesetzt werden, um Botschaften vor neugierigen Augen zu verbergen.&nbsp; Zum Beispiel den \u201eCaesar Code\u201c welchen Julius Caesar nutzte um seine Botschaften zu verschl\u00fcsseln. Auch wirst du erfahren, was ein Gartenzaun mit geheimen Botschaften zu tun hat, oder wie sich Schiffe verschl\u00fcsselte Botschaften senden k\u00f6nnen.<\/p>\n\n\n\n<p>In dieser Lernumgebung wirst du zum echten Codeknacker! Du lernst, wie man geheime Nachrichten entschl\u00fcsselt und deinen eigenen Botschaften zu verschl\u00fcsseln. Das Beste daran: Du bekommst dein eigenes Codeknacker-Heft, welches du mit nach Hause nehmen kannst. Damit kannst du auch nach der Lernumgebung all die verschiedenen Codes mit deinen Freunden ausprobieren.<\/p>\n\n\n\n<p>Wir freuen uns auf dich!<\/p>\n\n\n\n<hr class=\"wp-block-separator has-alpha-channel-opacity is-style-wide\"\/>\n\n\n\n<p><strong>Digitale Materialien<\/strong>:<\/p>\n\n\n\n<figure class=\"wp-block-video\"><video controls src=\"https:\/\/pridima.de\/media\/topsecret\/VideoTopSecret.mp4\"><\/video><\/figure>\n\n\n\n<p><strong>Digitale Apps zu Top Secret!<\/strong><\/p>\n\n\n\n<p><a href=\"https:\/\/pridima.de\/topsecret\/gartenzaun\" target=\"_blank\" rel=\"noreferrer noopener\">Gartenzaun App: Hier klicken<\/a><\/p>\n\n\n\n<p><a href=\"https:\/\/pridima.de\/topsecret\/winker\" target=\"_blank\" rel=\"noreferrer noopener\">Winkeralphabet: Hier klicken<\/a><\/p>\n\n\n\n<p><a href=\"https:\/\/pridima.de\/topsecret\/winkerML\" target=\"_blank\" rel=\"noreferrer noopener\">Winkeralphabet mit Machine Learning: Hier klicken<\/a><\/p>\n\n\n\n<p><a href=\"https:\/\/pridima.de\/topsecret\/caesar\" target=\"_blank\" rel=\"noreferrer noopener\">Caesar-Chiffre-App: Hier klicken<\/a><\/p>\n\n\n\n<h4 class=\"wp-block-heading\">Downloads TOP SECRET!<\/h4>\n\n\n\n<figure class=\"wp-block-table\"><table><tbody><tr><td><a href=\"https:\/\/pridima.de\/media\/topsecret\/download\/Top_Secret_Arbeitsheft_digital.pdf\">Arbeitsheft Top Secret (mit digitalen Apps)<\/a><\/td><td><\/td><\/tr><tr><td><a href=\"https:\/\/pridima.de\/media\/topsecret\/download\/Top_Secret_Arbeitsheft_analog.pdf\">Arbeitsheft Top Secret (analog)<\/a><\/td><td><a href=\"https:\/\/pridima.de\/media\/topsecret\/download\/Top_Secret_Hilfeheft_V7.pdf\">Hilfeheft Top Secret<\/a><\/td><\/tr><tr><td><a href=\"https:\/\/pridima.de\/media\/topsecret\/download\/A3_Textstreifen_Bastelanleitung.pdf\">Vorlage Aufgabe 3: Die Skytale<\/a><\/td><td><a href=\"https:\/\/pridima.de\/media\/topsecret\/download\/A4_Bastelanleitung_Caesarscheibe.pdf\">Vorlage Aufgabe 4: Der C\u00e4sar-Code<\/a><\/td><\/tr><tr><td><a href=\"https:\/\/pridima.de\/media\/topsecret\/download\/Information%20fur%20Lehrkrafte_%20Top%20Secret.pdf\">Lehrerinformation<\/a>&nbsp;&nbsp;&nbsp;&nbsp;&nbsp;&nbsp;<a href=\"https:\/\/pridima.de\/media\/topsecret\/download\/Codeknacker.zip\">Materialpaket Top Secret<\/a><\/td><td><\/td><\/tr><\/tbody><\/table><\/figure>\n","protected":false},"excerpt":{"rendered":"<p>Entdecke in einer spannenden Lernumgebung die Faszination von verschl\u00fcsselten Informationen und geheimen Codes! Hier lernst du verschiedene Techniken, die schon seit Jahrhunderten eingesetzt werden, um Botschaften vor neugierigen Augen zu verbergen.&nbsp; Zum Beispiel den \u201eCaesar Code\u201c welchen Julius Caesar nutzte um seine Botschaften zu verschl\u00fcsseln. Auch wirst du erfahren, was ein Gartenzaun mit geheimen Botschaften &hellip; <\/p>\n<p class=\"link-more\"><a href=\"https:\/\/pridima.de\/index.php\/topsecret\/\" class=\"more-link\"><span class=\"screen-reader-text\">\u201eTOP SECRET! &#8211; Auf den Spuren verschl\u00fcsselter Informationen und geheimer Codes\u201c<\/span> weiterlesen<\/a><\/p>\n","protected":false},"author":1,"featured_media":1243,"parent":0,"menu_order":0,"comment_status":"closed","ping_status":"closed","template":"","meta":{"footnotes":""},"class_list":["post-59","page","type-page","status-publish","has-post-thumbnail","hentry"],"yoast_head":"<!-- This site is optimized with the Yoast SEO plugin v27.2 - https:\/\/yoast.com\/product\/yoast-seo-wordpress\/ -->\n<title>TOP SECRET! - Auf den Spuren verschl\u00fcsselter Informationen und geheimer Codes - pridima<\/title>\n<meta name=\"robots\" content=\"index, follow, max-snippet:-1, max-image-preview:large, max-video-preview:-1\" \/>\n<link rel=\"canonical\" href=\"https:\/\/pridima.de\/index.php\/topsecret\/\" \/>\n<meta property=\"og:locale\" content=\"de_DE\" \/>\n<meta property=\"og:type\" content=\"article\" \/>\n<meta property=\"og:title\" content=\"TOP SECRET! - Auf den Spuren verschl\u00fcsselter Informationen und geheimer Codes - pridima\" \/>\n<meta property=\"og:description\" content=\"Entdecke in einer spannenden Lernumgebung die Faszination von verschl\u00fcsselten Informationen und geheimen Codes! Hier lernst du verschiedene Techniken, die schon seit Jahrhunderten eingesetzt werden, um Botschaften vor neugierigen Augen zu verbergen.&nbsp; Zum Beispiel den \u201eCaesar Code\u201c welchen Julius Caesar nutzte um seine Botschaften zu verschl\u00fcsseln. Auch wirst du erfahren, was ein Gartenzaun mit geheimen Botschaften &hellip; \u201eTOP SECRET! &#8211; Auf den Spuren verschl\u00fcsselter Informationen und geheimer Codes\u201c weiterlesen\" \/>\n<meta property=\"og:url\" content=\"https:\/\/pridima.de\/index.php\/topsecret\/\" \/>\n<meta property=\"og:site_name\" content=\"pridima\" \/>\n<meta property=\"article:modified_time\" content=\"2024-11-11T11:54:45+00:00\" \/>\n<meta property=\"og:image\" content=\"https:\/\/pridima.de\/wp-content\/uploads\/2024\/11\/Lupe_Geheimbotschaft-300x200-1.jpg\" \/>\n\t<meta property=\"og:image:width\" content=\"300\" \/>\n\t<meta property=\"og:image:height\" content=\"200\" \/>\n\t<meta property=\"og:image:type\" content=\"image\/jpeg\" \/>\n<meta name=\"twitter:card\" content=\"summary_large_image\" \/>\n<meta name=\"twitter:label1\" content=\"Gesch\u00e4tzte Lesezeit\" \/>\n\t<meta name=\"twitter:data1\" content=\"2\u00a0Minuten\" \/>\n<script type=\"application\/ld+json\" class=\"yoast-schema-graph\">{\"@context\":\"https:\/\/schema.org\",\"@graph\":[{\"@type\":\"WebPage\",\"@id\":\"https:\/\/pridima.de\/index.php\/topsecret\/\",\"url\":\"https:\/\/pridima.de\/index.php\/topsecret\/\",\"name\":\"TOP SECRET! - Auf den Spuren verschl\u00fcsselter Informationen und geheimer Codes - pridima\",\"isPartOf\":{\"@id\":\"https:\/\/pridima.de\/#website\"},\"primaryImageOfPage\":{\"@id\":\"https:\/\/pridima.de\/index.php\/topsecret\/#primaryimage\"},\"image\":{\"@id\":\"https:\/\/pridima.de\/index.php\/topsecret\/#primaryimage\"},\"thumbnailUrl\":\"https:\/\/pridima.de\/wp-content\/uploads\/2024\/11\/Lupe_Geheimbotschaft-300x200-1.jpg\",\"datePublished\":\"2022-08-01T12:38:38+00:00\",\"dateModified\":\"2024-11-11T11:54:45+00:00\",\"breadcrumb\":{\"@id\":\"https:\/\/pridima.de\/index.php\/topsecret\/#breadcrumb\"},\"inLanguage\":\"de\",\"potentialAction\":[{\"@type\":\"ReadAction\",\"target\":[\"https:\/\/pridima.de\/index.php\/topsecret\/\"]}]},{\"@type\":\"ImageObject\",\"inLanguage\":\"de\",\"@id\":\"https:\/\/pridima.de\/index.php\/topsecret\/#primaryimage\",\"url\":\"https:\/\/pridima.de\/wp-content\/uploads\/2024\/11\/Lupe_Geheimbotschaft-300x200-1.jpg\",\"contentUrl\":\"https:\/\/pridima.de\/wp-content\/uploads\/2024\/11\/Lupe_Geheimbotschaft-300x200-1.jpg\",\"width\":300,\"height\":200,\"caption\":\"Old books on a wooden table and glass magnifier\"},{\"@type\":\"BreadcrumbList\",\"@id\":\"https:\/\/pridima.de\/index.php\/topsecret\/#breadcrumb\",\"itemListElement\":[{\"@type\":\"ListItem\",\"position\":1,\"name\":\"Home\",\"item\":\"https:\/\/pridima.de\/\"},{\"@type\":\"ListItem\",\"position\":2,\"name\":\"TOP SECRET! &#8211; Auf den Spuren verschl\u00fcsselter Informationen und geheimer Codes\"}]},{\"@type\":\"WebSite\",\"@id\":\"https:\/\/pridima.de\/#website\",\"url\":\"https:\/\/pridima.de\/\",\"name\":\"pridima\",\"description\":\"Primarstufe Didaktik der Mathematik  Uni Landau\",\"publisher\":{\"@id\":\"https:\/\/pridima.de\/#organization\"},\"potentialAction\":[{\"@type\":\"SearchAction\",\"target\":{\"@type\":\"EntryPoint\",\"urlTemplate\":\"https:\/\/pridima.de\/?s={search_term_string}\"},\"query-input\":{\"@type\":\"PropertyValueSpecification\",\"valueRequired\":true,\"valueName\":\"search_term_string\"}}],\"inLanguage\":\"de\"},{\"@type\":\"Organization\",\"@id\":\"https:\/\/pridima.de\/#organization\",\"name\":\"PriMa Lernwerkstatt\",\"url\":\"https:\/\/pridima.de\/\",\"logo\":{\"@type\":\"ImageObject\",\"inLanguage\":\"de\",\"@id\":\"https:\/\/pridima.de\/#\/schema\/logo\/image\/\",\"url\":\"https:\/\/pridima.de\/wp-content\/uploads\/2022\/08\/PriMaLernwerstatt_CMYK.png\",\"contentUrl\":\"https:\/\/pridima.de\/wp-content\/uploads\/2022\/08\/PriMaLernwerstatt_CMYK.png\",\"width\":1452,\"height\":919,\"caption\":\"PriMa Lernwerkstatt\"},\"image\":{\"@id\":\"https:\/\/pridima.de\/#\/schema\/logo\/image\/\"}}]}<\/script>\n<!-- \/ Yoast SEO plugin. -->","yoast_head_json":{"title":"TOP SECRET! - Auf den Spuren verschl\u00fcsselter Informationen und geheimer Codes - pridima","robots":{"index":"index","follow":"follow","max-snippet":"max-snippet:-1","max-image-preview":"max-image-preview:large","max-video-preview":"max-video-preview:-1"},"canonical":"https:\/\/pridima.de\/index.php\/topsecret\/","og_locale":"de_DE","og_type":"article","og_title":"TOP SECRET! - Auf den Spuren verschl\u00fcsselter Informationen und geheimer Codes - pridima","og_description":"Entdecke in einer spannenden Lernumgebung die Faszination von verschl\u00fcsselten Informationen und geheimen Codes! Hier lernst du verschiedene Techniken, die schon seit Jahrhunderten eingesetzt werden, um Botschaften vor neugierigen Augen zu verbergen.&nbsp; Zum Beispiel den \u201eCaesar Code\u201c welchen Julius Caesar nutzte um seine Botschaften zu verschl\u00fcsseln. Auch wirst du erfahren, was ein Gartenzaun mit geheimen Botschaften &hellip; \u201eTOP SECRET! &#8211; Auf den Spuren verschl\u00fcsselter Informationen und geheimer Codes\u201c weiterlesen","og_url":"https:\/\/pridima.de\/index.php\/topsecret\/","og_site_name":"pridima","article_modified_time":"2024-11-11T11:54:45+00:00","og_image":[{"width":300,"height":200,"url":"https:\/\/pridima.de\/wp-content\/uploads\/2024\/11\/Lupe_Geheimbotschaft-300x200-1.jpg","type":"image\/jpeg"}],"twitter_card":"summary_large_image","twitter_misc":{"Gesch\u00e4tzte Lesezeit":"2\u00a0Minuten"},"schema":{"@context":"https:\/\/schema.org","@graph":[{"@type":"WebPage","@id":"https:\/\/pridima.de\/index.php\/topsecret\/","url":"https:\/\/pridima.de\/index.php\/topsecret\/","name":"TOP SECRET! - Auf den Spuren verschl\u00fcsselter Informationen und geheimer Codes - pridima","isPartOf":{"@id":"https:\/\/pridima.de\/#website"},"primaryImageOfPage":{"@id":"https:\/\/pridima.de\/index.php\/topsecret\/#primaryimage"},"image":{"@id":"https:\/\/pridima.de\/index.php\/topsecret\/#primaryimage"},"thumbnailUrl":"https:\/\/pridima.de\/wp-content\/uploads\/2024\/11\/Lupe_Geheimbotschaft-300x200-1.jpg","datePublished":"2022-08-01T12:38:38+00:00","dateModified":"2024-11-11T11:54:45+00:00","breadcrumb":{"@id":"https:\/\/pridima.de\/index.php\/topsecret\/#breadcrumb"},"inLanguage":"de","potentialAction":[{"@type":"ReadAction","target":["https:\/\/pridima.de\/index.php\/topsecret\/"]}]},{"@type":"ImageObject","inLanguage":"de","@id":"https:\/\/pridima.de\/index.php\/topsecret\/#primaryimage","url":"https:\/\/pridima.de\/wp-content\/uploads\/2024\/11\/Lupe_Geheimbotschaft-300x200-1.jpg","contentUrl":"https:\/\/pridima.de\/wp-content\/uploads\/2024\/11\/Lupe_Geheimbotschaft-300x200-1.jpg","width":300,"height":200,"caption":"Old books on a wooden table and glass magnifier"},{"@type":"BreadcrumbList","@id":"https:\/\/pridima.de\/index.php\/topsecret\/#breadcrumb","itemListElement":[{"@type":"ListItem","position":1,"name":"Home","item":"https:\/\/pridima.de\/"},{"@type":"ListItem","position":2,"name":"TOP SECRET! &#8211; Auf den Spuren verschl\u00fcsselter Informationen und geheimer Codes"}]},{"@type":"WebSite","@id":"https:\/\/pridima.de\/#website","url":"https:\/\/pridima.de\/","name":"pridima","description":"Primarstufe Didaktik der Mathematik  Uni Landau","publisher":{"@id":"https:\/\/pridima.de\/#organization"},"potentialAction":[{"@type":"SearchAction","target":{"@type":"EntryPoint","urlTemplate":"https:\/\/pridima.de\/?s={search_term_string}"},"query-input":{"@type":"PropertyValueSpecification","valueRequired":true,"valueName":"search_term_string"}}],"inLanguage":"de"},{"@type":"Organization","@id":"https:\/\/pridima.de\/#organization","name":"PriMa Lernwerkstatt","url":"https:\/\/pridima.de\/","logo":{"@type":"ImageObject","inLanguage":"de","@id":"https:\/\/pridima.de\/#\/schema\/logo\/image\/","url":"https:\/\/pridima.de\/wp-content\/uploads\/2022\/08\/PriMaLernwerstatt_CMYK.png","contentUrl":"https:\/\/pridima.de\/wp-content\/uploads\/2022\/08\/PriMaLernwerstatt_CMYK.png","width":1452,"height":919,"caption":"PriMa Lernwerkstatt"},"image":{"@id":"https:\/\/pridima.de\/#\/schema\/logo\/image\/"}}]}},"_links":{"self":[{"href":"https:\/\/pridima.de\/index.php\/wp-json\/wp\/v2\/pages\/59","targetHints":{"allow":["GET"]}}],"collection":[{"href":"https:\/\/pridima.de\/index.php\/wp-json\/wp\/v2\/pages"}],"about":[{"href":"https:\/\/pridima.de\/index.php\/wp-json\/wp\/v2\/types\/page"}],"author":[{"embeddable":true,"href":"https:\/\/pridima.de\/index.php\/wp-json\/wp\/v2\/users\/1"}],"replies":[{"embeddable":true,"href":"https:\/\/pridima.de\/index.php\/wp-json\/wp\/v2\/comments?post=59"}],"version-history":[{"count":23,"href":"https:\/\/pridima.de\/index.php\/wp-json\/wp\/v2\/pages\/59\/revisions"}],"predecessor-version":[{"id":1210,"href":"https:\/\/pridima.de\/index.php\/wp-json\/wp\/v2\/pages\/59\/revisions\/1210"}],"wp:featuredmedia":[{"embeddable":true,"href":"https:\/\/pridima.de\/index.php\/wp-json\/wp\/v2\/media\/1243"}],"wp:attachment":[{"href":"https:\/\/pridima.de\/index.php\/wp-json\/wp\/v2\/media?parent=59"}],"curies":[{"name":"wp","href":"https:\/\/api.w.org\/{rel}","templated":true}]}}