{"id":222,"date":"2022-09-16T16:25:40","date_gmt":"2022-09-16T14:25:40","guid":{"rendered":"https:\/\/pridima.de\/?page_id=222"},"modified":"2024-11-11T12:56:04","modified_gmt":"2024-11-11T11:56:04","slug":"expedition-knobelspass","status":"publish","type":"page","link":"https:\/\/pridima.de\/index.php\/expedition-knobelspass\/","title":{"rendered":"Expedition &#8222;Knobelspa\u00df&#8220; &#8211; eine Forschungsreise auf den Spuren ber\u00fchmter Mathematiker"},"content":{"rendered":"\n<figure class=\"wp-block-image size-large is-resized\"><img loading=\"lazy\" decoding=\"async\" width=\"768\" height=\"1024\" src=\"https:\/\/pridima.de\/wp-content\/uploads\/2024\/11\/LU_Knobelspass_1-768x1024.jpeg\" alt=\"\" class=\"wp-image-1214\" style=\"width:421px;height:auto\" srcset=\"https:\/\/pridima.de\/wp-content\/uploads\/2024\/11\/LU_Knobelspass_1-768x1024.jpeg 768w, https:\/\/pridima.de\/wp-content\/uploads\/2024\/11\/LU_Knobelspass_1-225x300.jpeg 225w, https:\/\/pridima.de\/wp-content\/uploads\/2024\/11\/LU_Knobelspass_1-1152x1536.jpeg 1152w, https:\/\/pridima.de\/wp-content\/uploads\/2024\/11\/LU_Knobelspass_1-1536x2048.jpeg 1536w, https:\/\/pridima.de\/wp-content\/uploads\/2024\/11\/LU_Knobelspass_1-scaled.jpeg 1920w\" sizes=\"auto, (max-width: 767px) 89vw, (max-width: 1000px) 54vw, (max-width: 1071px) 543px, 580px\" \/><\/figure>\n\n\n\n<p>In einer Lernumgebung f\u00fcr kreative K\u00f6pfe geht ihr kniffeligen Knobelaufgaben und dem Leben von ber\u00fchmten Mathematikern nach. Ihr erfahrt, wie der kleine Carl Friedrich Gau\u00df Geschichte schrieb, wie das Genie Albert Einstein die Menschen zum Nachdenken brachte und warum der Professor August Ferdinand M\u00f6bius bereits im 19. Jahrhundert den richtigen Dreh raushatte. Mit Ausdauer und scharfem Verstand werdet ihr so manche Knacknussaufgabe l\u00f6sen.<\/p>\n\n\n\n<p><\/p>\n\n\n\n<hr class=\"wp-block-separator has-alpha-channel-opacity is-style-wide\"\/>\n\n\n\n<p><strong>Digitale Materialien<\/strong>:<\/p>\n\n\n\n<figure class=\"wp-block-video\"><video controls src=\"https:\/\/pridima.de\/media\/expedition-knobelspass\/01_Einfuehrung_PPT%20Expedition%20Knobelspass.mp4\"><\/video><\/figure>\n\n\n\n<h3 class=\"wp-block-heading\">Downloads EXPEDITION KNOBELSPA\u00df<\/h3>\n\n\n\n<figure class=\"wp-block-table\"><table><tbody><tr><td><a href=\"https:\/\/pridima.de\/media\/expedition-knobelspass\/download\/Knobelspass%20Heft_%20V8.pdf\">Arbeitsheft Knobelspa\u00df<\/a><\/td><td><a href=\"https:\/\/pridima.de\/media\/expedition-knobelspass\/download\/Knobelspass_Hilfeheft%20V3.pdf\">Hilfeheft Knobelspa\u00df<\/a><\/td><\/tr><tr><td><a href=\"https:\/\/pridima.de\/media\/expedition-knobelspass\/download\/Bastelvorlage%20Moebiusband%20V2.pdf\">Bastelvorlage M\u00f6biusband<\/a><\/td><td><a href=\"https:\/\/pridima.de\/media\/expedition-knobelspass\/download\/Bildanleitung%20Moebiusband%20V4.pdf\">Bastelanleitung M\u00f6biusband 1, 2, 3<\/a><\/td><\/tr><tr><td><a href=\"https:\/\/pridima.de\/media\/expedition-knobelspass\/download\/Information%20fuer%20Lehrkraefte_%20Knobelspass.pdf\">Lehrerinformation<\/a>&nbsp;&nbsp;&nbsp;&nbsp;&nbsp;&nbsp;&nbsp;<a href=\"https:\/\/pridima.de\/media\/expedition-knobelspass\/download\/Knobelspapss_Dateien.zip\">Materialpaket Knobelspa\u00df<\/a><\/td><td><a href=\"https:\/\/pridima.de\/media\/expedition-knobelspass\/download\/05_Pascalsche%20Dreieck_Puzzle.pdf\">Vorlage Pascalsche Dreieck Puzzle<\/a>&nbsp; &nbsp; &nbsp; &nbsp; &nbsp; &nbsp; &nbsp; &nbsp; &nbsp; &nbsp; &nbsp; &nbsp;<\/td><\/tr><\/tbody><\/table><\/figure>\n","protected":false},"excerpt":{"rendered":"<p>In einer Lernumgebung f\u00fcr kreative K\u00f6pfe geht ihr kniffeligen Knobelaufgaben und dem Leben von ber\u00fchmten Mathematikern nach. Ihr erfahrt, wie der kleine Carl Friedrich Gau\u00df Geschichte schrieb, wie das Genie Albert Einstein die Menschen zum Nachdenken brachte und warum der Professor August Ferdinand M\u00f6bius bereits im 19. Jahrhundert den richtigen Dreh raushatte. Mit Ausdauer und &hellip; <\/p>\n<p class=\"link-more\"><a href=\"https:\/\/pridima.de\/index.php\/expedition-knobelspass\/\" class=\"more-link\"><span class=\"screen-reader-text\">\u201eExpedition &#8222;Knobelspa\u00df&#8220; &#8211; eine Forschungsreise auf den Spuren ber\u00fchmter Mathematiker\u201c<\/span> weiterlesen<\/a><\/p>\n","protected":false},"author":1,"featured_media":1245,"parent":0,"menu_order":0,"comment_status":"closed","ping_status":"closed","template":"","meta":{"footnotes":""},"class_list":["post-222","page","type-page","status-publish","has-post-thumbnail","hentry"],"yoast_head":"<!-- This site is optimized with the Yoast SEO plugin v27.2 - https:\/\/yoast.com\/product\/yoast-seo-wordpress\/ -->\n<title>Expedition &quot;Knobelspa\u00df&quot; - eine Forschungsreise auf den Spuren ber\u00fchmter Mathematiker - pridima<\/title>\n<meta name=\"robots\" content=\"index, follow, max-snippet:-1, max-image-preview:large, max-video-preview:-1\" \/>\n<link rel=\"canonical\" href=\"https:\/\/pridima.de\/index.php\/expedition-knobelspass\/\" \/>\n<meta property=\"og:locale\" content=\"de_DE\" \/>\n<meta property=\"og:type\" content=\"article\" \/>\n<meta property=\"og:title\" content=\"Expedition &quot;Knobelspa\u00df&quot; - eine Forschungsreise auf den Spuren ber\u00fchmter Mathematiker - pridima\" \/>\n<meta property=\"og:description\" content=\"In einer Lernumgebung f\u00fcr kreative K\u00f6pfe geht ihr kniffeligen Knobelaufgaben und dem Leben von ber\u00fchmten Mathematikern nach. Ihr erfahrt, wie der kleine Carl Friedrich Gau\u00df Geschichte schrieb, wie das Genie Albert Einstein die Menschen zum Nachdenken brachte und warum der Professor August Ferdinand M\u00f6bius bereits im 19. Jahrhundert den richtigen Dreh raushatte. Mit Ausdauer und &hellip; \u201eExpedition &#8222;Knobelspa\u00df&#8220; &#8211; eine Forschungsreise auf den Spuren ber\u00fchmter Mathematiker\u201c weiterlesen\" \/>\n<meta property=\"og:url\" content=\"https:\/\/pridima.de\/index.php\/expedition-knobelspass\/\" \/>\n<meta property=\"og:site_name\" content=\"pridima\" \/>\n<meta property=\"article:modified_time\" content=\"2024-11-11T11:56:04+00:00\" \/>\n<meta property=\"og:image\" content=\"https:\/\/pridima.de\/wp-content\/uploads\/2024\/11\/knobelspass.jpeg\" \/>\n\t<meta property=\"og:image:width\" content=\"147\" \/>\n\t<meta property=\"og:image:height\" content=\"200\" \/>\n\t<meta property=\"og:image:type\" content=\"image\/jpeg\" \/>\n<meta name=\"twitter:card\" content=\"summary_large_image\" \/>\n<meta name=\"twitter:label1\" content=\"Gesch\u00e4tzte Lesezeit\" \/>\n\t<meta name=\"twitter:data1\" content=\"1\u00a0Minute\" \/>\n<script type=\"application\/ld+json\" class=\"yoast-schema-graph\">{\"@context\":\"https:\/\/schema.org\",\"@graph\":[{\"@type\":\"WebPage\",\"@id\":\"https:\/\/pridima.de\/index.php\/expedition-knobelspass\/\",\"url\":\"https:\/\/pridima.de\/index.php\/expedition-knobelspass\/\",\"name\":\"Expedition \\\"Knobelspa\u00df\\\" - eine Forschungsreise auf den Spuren ber\u00fchmter Mathematiker - pridima\",\"isPartOf\":{\"@id\":\"https:\/\/pridima.de\/#website\"},\"primaryImageOfPage\":{\"@id\":\"https:\/\/pridima.de\/index.php\/expedition-knobelspass\/#primaryimage\"},\"image\":{\"@id\":\"https:\/\/pridima.de\/index.php\/expedition-knobelspass\/#primaryimage\"},\"thumbnailUrl\":\"https:\/\/pridima.de\/wp-content\/uploads\/2024\/11\/knobelspass.jpeg\",\"datePublished\":\"2022-09-16T14:25:40+00:00\",\"dateModified\":\"2024-11-11T11:56:04+00:00\",\"breadcrumb\":{\"@id\":\"https:\/\/pridima.de\/index.php\/expedition-knobelspass\/#breadcrumb\"},\"inLanguage\":\"de\",\"potentialAction\":[{\"@type\":\"ReadAction\",\"target\":[\"https:\/\/pridima.de\/index.php\/expedition-knobelspass\/\"]}]},{\"@type\":\"ImageObject\",\"inLanguage\":\"de\",\"@id\":\"https:\/\/pridima.de\/index.php\/expedition-knobelspass\/#primaryimage\",\"url\":\"https:\/\/pridima.de\/wp-content\/uploads\/2024\/11\/knobelspass.jpeg\",\"contentUrl\":\"https:\/\/pridima.de\/wp-content\/uploads\/2024\/11\/knobelspass.jpeg\",\"width\":147,\"height\":200},{\"@type\":\"BreadcrumbList\",\"@id\":\"https:\/\/pridima.de\/index.php\/expedition-knobelspass\/#breadcrumb\",\"itemListElement\":[{\"@type\":\"ListItem\",\"position\":1,\"name\":\"Home\",\"item\":\"https:\/\/pridima.de\/\"},{\"@type\":\"ListItem\",\"position\":2,\"name\":\"Expedition &#8222;Knobelspa\u00df&#8220; &#8211; eine Forschungsreise auf den Spuren ber\u00fchmter Mathematiker\"}]},{\"@type\":\"WebSite\",\"@id\":\"https:\/\/pridima.de\/#website\",\"url\":\"https:\/\/pridima.de\/\",\"name\":\"pridima\",\"description\":\"Primarstufe Didaktik der Mathematik  Uni Landau\",\"publisher\":{\"@id\":\"https:\/\/pridima.de\/#organization\"},\"potentialAction\":[{\"@type\":\"SearchAction\",\"target\":{\"@type\":\"EntryPoint\",\"urlTemplate\":\"https:\/\/pridima.de\/?s={search_term_string}\"},\"query-input\":{\"@type\":\"PropertyValueSpecification\",\"valueRequired\":true,\"valueName\":\"search_term_string\"}}],\"inLanguage\":\"de\"},{\"@type\":\"Organization\",\"@id\":\"https:\/\/pridima.de\/#organization\",\"name\":\"PriMa Lernwerkstatt\",\"url\":\"https:\/\/pridima.de\/\",\"logo\":{\"@type\":\"ImageObject\",\"inLanguage\":\"de\",\"@id\":\"https:\/\/pridima.de\/#\/schema\/logo\/image\/\",\"url\":\"https:\/\/pridima.de\/wp-content\/uploads\/2022\/08\/PriMaLernwerstatt_CMYK.png\",\"contentUrl\":\"https:\/\/pridima.de\/wp-content\/uploads\/2022\/08\/PriMaLernwerstatt_CMYK.png\",\"width\":1452,\"height\":919,\"caption\":\"PriMa Lernwerkstatt\"},\"image\":{\"@id\":\"https:\/\/pridima.de\/#\/schema\/logo\/image\/\"}}]}<\/script>\n<!-- \/ Yoast SEO plugin. -->","yoast_head_json":{"title":"Expedition \"Knobelspa\u00df\" - eine Forschungsreise auf den Spuren ber\u00fchmter Mathematiker - pridima","robots":{"index":"index","follow":"follow","max-snippet":"max-snippet:-1","max-image-preview":"max-image-preview:large","max-video-preview":"max-video-preview:-1"},"canonical":"https:\/\/pridima.de\/index.php\/expedition-knobelspass\/","og_locale":"de_DE","og_type":"article","og_title":"Expedition \"Knobelspa\u00df\" - eine Forschungsreise auf den Spuren ber\u00fchmter Mathematiker - pridima","og_description":"In einer Lernumgebung f\u00fcr kreative K\u00f6pfe geht ihr kniffeligen Knobelaufgaben und dem Leben von ber\u00fchmten Mathematikern nach. Ihr erfahrt, wie der kleine Carl Friedrich Gau\u00df Geschichte schrieb, wie das Genie Albert Einstein die Menschen zum Nachdenken brachte und warum der Professor August Ferdinand M\u00f6bius bereits im 19. Jahrhundert den richtigen Dreh raushatte. Mit Ausdauer und &hellip; \u201eExpedition &#8222;Knobelspa\u00df&#8220; &#8211; eine Forschungsreise auf den Spuren ber\u00fchmter Mathematiker\u201c weiterlesen","og_url":"https:\/\/pridima.de\/index.php\/expedition-knobelspass\/","og_site_name":"pridima","article_modified_time":"2024-11-11T11:56:04+00:00","og_image":[{"width":147,"height":200,"url":"https:\/\/pridima.de\/wp-content\/uploads\/2024\/11\/knobelspass.jpeg","type":"image\/jpeg"}],"twitter_card":"summary_large_image","twitter_misc":{"Gesch\u00e4tzte Lesezeit":"1\u00a0Minute"},"schema":{"@context":"https:\/\/schema.org","@graph":[{"@type":"WebPage","@id":"https:\/\/pridima.de\/index.php\/expedition-knobelspass\/","url":"https:\/\/pridima.de\/index.php\/expedition-knobelspass\/","name":"Expedition \"Knobelspa\u00df\" - eine Forschungsreise auf den Spuren ber\u00fchmter Mathematiker - pridima","isPartOf":{"@id":"https:\/\/pridima.de\/#website"},"primaryImageOfPage":{"@id":"https:\/\/pridima.de\/index.php\/expedition-knobelspass\/#primaryimage"},"image":{"@id":"https:\/\/pridima.de\/index.php\/expedition-knobelspass\/#primaryimage"},"thumbnailUrl":"https:\/\/pridima.de\/wp-content\/uploads\/2024\/11\/knobelspass.jpeg","datePublished":"2022-09-16T14:25:40+00:00","dateModified":"2024-11-11T11:56:04+00:00","breadcrumb":{"@id":"https:\/\/pridima.de\/index.php\/expedition-knobelspass\/#breadcrumb"},"inLanguage":"de","potentialAction":[{"@type":"ReadAction","target":["https:\/\/pridima.de\/index.php\/expedition-knobelspass\/"]}]},{"@type":"ImageObject","inLanguage":"de","@id":"https:\/\/pridima.de\/index.php\/expedition-knobelspass\/#primaryimage","url":"https:\/\/pridima.de\/wp-content\/uploads\/2024\/11\/knobelspass.jpeg","contentUrl":"https:\/\/pridima.de\/wp-content\/uploads\/2024\/11\/knobelspass.jpeg","width":147,"height":200},{"@type":"BreadcrumbList","@id":"https:\/\/pridima.de\/index.php\/expedition-knobelspass\/#breadcrumb","itemListElement":[{"@type":"ListItem","position":1,"name":"Home","item":"https:\/\/pridima.de\/"},{"@type":"ListItem","position":2,"name":"Expedition &#8222;Knobelspa\u00df&#8220; &#8211; eine Forschungsreise auf den Spuren ber\u00fchmter Mathematiker"}]},{"@type":"WebSite","@id":"https:\/\/pridima.de\/#website","url":"https:\/\/pridima.de\/","name":"pridima","description":"Primarstufe Didaktik der Mathematik  Uni Landau","publisher":{"@id":"https:\/\/pridima.de\/#organization"},"potentialAction":[{"@type":"SearchAction","target":{"@type":"EntryPoint","urlTemplate":"https:\/\/pridima.de\/?s={search_term_string}"},"query-input":{"@type":"PropertyValueSpecification","valueRequired":true,"valueName":"search_term_string"}}],"inLanguage":"de"},{"@type":"Organization","@id":"https:\/\/pridima.de\/#organization","name":"PriMa Lernwerkstatt","url":"https:\/\/pridima.de\/","logo":{"@type":"ImageObject","inLanguage":"de","@id":"https:\/\/pridima.de\/#\/schema\/logo\/image\/","url":"https:\/\/pridima.de\/wp-content\/uploads\/2022\/08\/PriMaLernwerstatt_CMYK.png","contentUrl":"https:\/\/pridima.de\/wp-content\/uploads\/2022\/08\/PriMaLernwerstatt_CMYK.png","width":1452,"height":919,"caption":"PriMa Lernwerkstatt"},"image":{"@id":"https:\/\/pridima.de\/#\/schema\/logo\/image\/"}}]}},"_links":{"self":[{"href":"https:\/\/pridima.de\/index.php\/wp-json\/wp\/v2\/pages\/222","targetHints":{"allow":["GET"]}}],"collection":[{"href":"https:\/\/pridima.de\/index.php\/wp-json\/wp\/v2\/pages"}],"about":[{"href":"https:\/\/pridima.de\/index.php\/wp-json\/wp\/v2\/types\/page"}],"author":[{"embeddable":true,"href":"https:\/\/pridima.de\/index.php\/wp-json\/wp\/v2\/users\/1"}],"replies":[{"embeddable":true,"href":"https:\/\/pridima.de\/index.php\/wp-json\/wp\/v2\/comments?post=222"}],"version-history":[{"count":11,"href":"https:\/\/pridima.de\/index.php\/wp-json\/wp\/v2\/pages\/222\/revisions"}],"predecessor-version":[{"id":1215,"href":"https:\/\/pridima.de\/index.php\/wp-json\/wp\/v2\/pages\/222\/revisions\/1215"}],"wp:featuredmedia":[{"embeddable":true,"href":"https:\/\/pridima.de\/index.php\/wp-json\/wp\/v2\/media\/1245"}],"wp:attachment":[{"href":"https:\/\/pridima.de\/index.php\/wp-json\/wp\/v2\/media?parent=222"}],"curies":[{"name":"wp","href":"https:\/\/api.w.org\/{rel}","templated":true}]}}