{"id":220,"date":"2022-09-16T16:21:17","date_gmt":"2022-09-16T14:21:17","guid":{"rendered":"https:\/\/pridima.de\/?page_id=220"},"modified":"2024-11-11T12:54:06","modified_gmt":"2024-11-11T11:54:06","slug":"kopfzerbrecher","status":"publish","type":"page","link":"https:\/\/pridima.de\/index.php\/kopfzerbrecher\/","title":{"rendered":"Kopfzerbrecher &#8211; Auf den Spuren eines alten chinesischen Legespiels"},"content":{"rendered":"\n<figure class=\"wp-block-gallery has-nested-images columns-default is-cropped wp-block-gallery-1 is-layout-flex wp-block-gallery-is-layout-flex\">\n<figure class=\"wp-block-image size-large\"><img loading=\"lazy\" decoding=\"async\" width=\"818\" height=\"1024\" data-id=\"1204\" src=\"https:\/\/pridima.de\/wp-content\/uploads\/2024\/11\/LU_Kopfzerbrecher_1-2-818x1024.jpeg\" alt=\"\" class=\"wp-image-1204\" srcset=\"https:\/\/pridima.de\/wp-content\/uploads\/2024\/11\/LU_Kopfzerbrecher_1-2-818x1024.jpeg 818w, https:\/\/pridima.de\/wp-content\/uploads\/2024\/11\/LU_Kopfzerbrecher_1-2-240x300.jpeg 240w, https:\/\/pridima.de\/wp-content\/uploads\/2024\/11\/LU_Kopfzerbrecher_1-2-768x962.jpeg 768w, https:\/\/pridima.de\/wp-content\/uploads\/2024\/11\/LU_Kopfzerbrecher_1-2-1227x1536.jpeg 1227w, https:\/\/pridima.de\/wp-content\/uploads\/2024\/11\/LU_Kopfzerbrecher_1-2-1635x2048.jpeg 1635w, https:\/\/pridima.de\/wp-content\/uploads\/2024\/11\/LU_Kopfzerbrecher_1-2-scaled.jpeg 2044w\" sizes=\"auto, (max-width: 767px) 89vw, (max-width: 1000px) 54vw, (max-width: 1071px) 543px, 580px\" \/><\/figure>\n\n\n\n<figure class=\"wp-block-image size-large\"><img loading=\"lazy\" decoding=\"async\" width=\"768\" height=\"1024\" data-id=\"1203\" src=\"https:\/\/pridima.de\/wp-content\/uploads\/2024\/11\/LU_Kopfzerbrecher_2-2-768x1024.jpeg\" alt=\"\" class=\"wp-image-1203\" srcset=\"https:\/\/pridima.de\/wp-content\/uploads\/2024\/11\/LU_Kopfzerbrecher_2-2-768x1024.jpeg 768w, https:\/\/pridima.de\/wp-content\/uploads\/2024\/11\/LU_Kopfzerbrecher_2-2-225x300.jpeg 225w, https:\/\/pridima.de\/wp-content\/uploads\/2024\/11\/LU_Kopfzerbrecher_2-2-1152x1536.jpeg 1152w, https:\/\/pridima.de\/wp-content\/uploads\/2024\/11\/LU_Kopfzerbrecher_2-2-1536x2048.jpeg 1536w, https:\/\/pridima.de\/wp-content\/uploads\/2024\/11\/LU_Kopfzerbrecher_2-2-scaled.jpeg 1920w\" sizes=\"auto, (max-width: 767px) 89vw, (max-width: 1000px) 54vw, (max-width: 1071px) 543px, 580px\" \/><\/figure>\n<\/figure>\n\n\n\n<p>Wei\u00dft du, was Siebenschlau bedeutet? Und sorgen die Knobeleien des Geduldspieles tats\u00e4chlich f\u00fcr Kopfzerbrechen? Hier wirst du es erfahren!<\/p>\n\n\n\n<p>Wenn du bei uns in die Welt des Tangrams eintauchst, wirst du deine Kreativit\u00e4t einsetzen, um beim freien Legen eigene Figuren zu gestallten. Doch das ist nicht alles. Beim Nach- und Auslegen ist dein kluges Denken gefragt, denn hier musst du herausfinden, wie die Teile zusammenpassen, um bestimmte Figuren zu bilden.<\/p>\n\n\n\n<p>Lass dich von den vielseitigen M\u00f6glichkeiten \u00fcberraschen! Am Ende kannst du dein selbstgebasteltes Tangram mit nach Hause nehmen, um dort bei deiner Familie und Freunden f\u00fcr ordentlich Kopfzerbrechen sorgen.<\/p>\n\n\n\n<p>Wir freuen uns auf dich!<\/p>\n\n\n\n<p><\/p>\n\n\n\n<hr class=\"wp-block-separator has-alpha-channel-opacity is-style-wide\"\/>\n\n\n\n<p><strong>Digitale Materialien<\/strong>:<\/p>\n\n\n\n<figure class=\"wp-block-video\"><video controls src=\"https:\/\/pridima.de\/media\/kopfzerbrecher\/Einfuhrungsvideo%20Tangram.mp4\"><\/video><\/figure>\n\n\n\n<h2 class=\"wp-block-heading\">Video: Bastelanleitung Tangram<\/h2>\n\n\n\n<figure class=\"wp-block-video\"><video controls src=\"https:\/\/pridima.de\/media\/kopfzerbrecher\/Tangerm%20Video%20Neu.mp4\"><\/video><\/figure>\n\n\n\n<h4 class=\"wp-block-heading\">Downloads<\/h4>\n\n\n\n<figure class=\"wp-block-table\"><table><tbody><tr><td><a href=\"https:\/\/pridima.de\/media\/kopfzerbrecher\/download\/Bastelanleitung%20Tangram_1.pdf\" target=\"_blank\" rel=\"noreferrer noopener\">Tangram: Fotobastelanleitung 1<\/a><\/td><td><a href=\"https:\/\/pridima.de\/media\/kopfzerbrecher\/download\/02_Bastelanleitung%20Tangram_2.pdf\" target=\"_blank\" rel=\"noreferrer noopener\">Tangram: Fotobastelanleitung 2<\/a><\/td><\/tr><tr><td><a href=\"https:\/\/pridima.de\/media\/kopfzerbrecher\/download\/03_Kopfzerbrecher-Heft.pdf\" target=\"_blank\" rel=\"noreferrer noopener\">Arbeitsheft Tangram<\/a><\/td><td><a href=\"https:\/\/pridima.de\/media\/kopfzerbrecher\/download\/05_Kopfzerbrecher-Hilfeheft.pdf\" target=\"_blank\" rel=\"noreferrer noopener\">Hilfeheft Tangram<\/a><\/td><\/tr><tr><td><a href=\"https:\/\/pridima.de\/media\/kopfzerbrecher\/download\/04_Digitale%20Spielvorlage_Tangram.pptx\" target=\"_blank\" rel=\"noreferrer noopener\">Vorlage Aufgabe 7: Quadrat &amp; CO<\/a><\/td><td><\/td><\/tr><tr><td><a href=\"https:\/\/pridima.de\/media\/kopfzerbrecher\/download\/Information%20fur%20Lehrkrafte.pdf\" target=\"_blank\" rel=\"noreferrer noopener\">Lehrerinformation<\/a>&nbsp;&nbsp;&nbsp;&nbsp;&nbsp;&nbsp;&nbsp;&nbsp;&nbsp;&nbsp;&nbsp;&nbsp;<a href=\"https:\/\/pridima.de\/media\/kopfzerbrecher\/download\/Kopfzerbrecher_Dateien.zip\" target=\"_blank\" rel=\"noreferrer noopener\">Materialpaket Tangram<\/a><\/td><\/tr><\/tbody><\/table><\/figure>\n\n\n\n<p class=\"has-text-align-center has-large-font-size\"><\/p>\n","protected":false},"excerpt":{"rendered":"<p>Wei\u00dft du, was Siebenschlau bedeutet? Und sorgen die Knobeleien des Geduldspieles tats\u00e4chlich f\u00fcr Kopfzerbrechen? Hier wirst du es erfahren! Wenn du bei uns in die Welt des Tangrams eintauchst, wirst du deine Kreativit\u00e4t einsetzen, um beim freien Legen eigene Figuren zu gestallten. Doch das ist nicht alles. Beim Nach- und Auslegen ist dein kluges Denken &hellip; <\/p>\n<p class=\"link-more\"><a href=\"https:\/\/pridima.de\/index.php\/kopfzerbrecher\/\" class=\"more-link\"><span class=\"screen-reader-text\">\u201eKopfzerbrecher &#8211; Auf den Spuren eines alten chinesischen Legespiels\u201c<\/span> weiterlesen<\/a><\/p>\n","protected":false},"author":1,"featured_media":1242,"parent":0,"menu_order":0,"comment_status":"closed","ping_status":"closed","template":"","meta":{"footnotes":""},"class_list":["post-220","page","type-page","status-publish","has-post-thumbnail","hentry"],"yoast_head":"<!-- This site is optimized with the Yoast SEO plugin v27.5 - https:\/\/yoast.com\/product\/yoast-seo-wordpress\/ -->\n<title>Kopfzerbrecher - Auf den Spuren eines alten chinesischen Legespiels - pridima<\/title>\n<meta name=\"robots\" content=\"index, follow, max-snippet:-1, max-image-preview:large, max-video-preview:-1\" \/>\n<link rel=\"canonical\" href=\"https:\/\/pridima.de\/index.php\/kopfzerbrecher\/\" \/>\n<meta property=\"og:locale\" content=\"de_DE\" \/>\n<meta property=\"og:type\" content=\"article\" \/>\n<meta property=\"og:title\" content=\"Kopfzerbrecher - Auf den Spuren eines alten chinesischen Legespiels - pridima\" \/>\n<meta property=\"og:description\" content=\"Wei\u00dft du, was Siebenschlau bedeutet? Und sorgen die Knobeleien des Geduldspieles tats\u00e4chlich f\u00fcr Kopfzerbrechen? Hier wirst du es erfahren! Wenn du bei uns in die Welt des Tangrams eintauchst, wirst du deine Kreativit\u00e4t einsetzen, um beim freien Legen eigene Figuren zu gestallten. Doch das ist nicht alles. Beim Nach- und Auslegen ist dein kluges Denken &hellip; \u201eKopfzerbrecher &#8211; Auf den Spuren eines alten chinesischen Legespiels\u201c weiterlesen\" \/>\n<meta property=\"og:url\" content=\"https:\/\/pridima.de\/index.php\/kopfzerbrecher\/\" \/>\n<meta property=\"og:site_name\" content=\"pridima\" \/>\n<meta property=\"article:modified_time\" content=\"2024-11-11T11:54:06+00:00\" \/>\n<meta property=\"og:image\" content=\"https:\/\/pridima.de\/wp-content\/uploads\/2024\/11\/Tangram-300x300-1.jpg\" \/>\n\t<meta property=\"og:image:width\" content=\"300\" \/>\n\t<meta property=\"og:image:height\" content=\"300\" \/>\n\t<meta property=\"og:image:type\" content=\"image\/jpeg\" \/>\n<meta name=\"twitter:card\" content=\"summary_large_image\" \/>\n<meta name=\"twitter:label1\" content=\"Gesch\u00e4tzte Lesezeit\" \/>\n\t<meta name=\"twitter:data1\" content=\"2\u00a0Minuten\" \/>\n<script type=\"application\/ld+json\" class=\"yoast-schema-graph\">{\"@context\":\"https:\\\/\\\/schema.org\",\"@graph\":[{\"@type\":\"WebPage\",\"@id\":\"https:\\\/\\\/pridima.de\\\/index.php\\\/kopfzerbrecher\\\/\",\"url\":\"https:\\\/\\\/pridima.de\\\/index.php\\\/kopfzerbrecher\\\/\",\"name\":\"Kopfzerbrecher - Auf den Spuren eines alten chinesischen Legespiels - pridima\",\"isPartOf\":{\"@id\":\"https:\\\/\\\/pridima.de\\\/#website\"},\"primaryImageOfPage\":{\"@id\":\"https:\\\/\\\/pridima.de\\\/index.php\\\/kopfzerbrecher\\\/#primaryimage\"},\"image\":{\"@id\":\"https:\\\/\\\/pridima.de\\\/index.php\\\/kopfzerbrecher\\\/#primaryimage\"},\"thumbnailUrl\":\"https:\\\/\\\/pridima.de\\\/wp-content\\\/uploads\\\/2024\\\/11\\\/Tangram-300x300-1.jpg\",\"datePublished\":\"2022-09-16T14:21:17+00:00\",\"dateModified\":\"2024-11-11T11:54:06+00:00\",\"breadcrumb\":{\"@id\":\"https:\\\/\\\/pridima.de\\\/index.php\\\/kopfzerbrecher\\\/#breadcrumb\"},\"inLanguage\":\"de\",\"potentialAction\":[{\"@type\":\"ReadAction\",\"target\":[\"https:\\\/\\\/pridima.de\\\/index.php\\\/kopfzerbrecher\\\/\"]}]},{\"@type\":\"ImageObject\",\"inLanguage\":\"de\",\"@id\":\"https:\\\/\\\/pridima.de\\\/index.php\\\/kopfzerbrecher\\\/#primaryimage\",\"url\":\"https:\\\/\\\/pridima.de\\\/wp-content\\\/uploads\\\/2024\\\/11\\\/Tangram-300x300-1.jpg\",\"contentUrl\":\"https:\\\/\\\/pridima.de\\\/wp-content\\\/uploads\\\/2024\\\/11\\\/Tangram-300x300-1.jpg\",\"width\":300,\"height\":300,\"caption\":\"Sailing boat built from pieces of a traditional Japanese and Chinese Puzzle Game made of different wood parts.\"},{\"@type\":\"BreadcrumbList\",\"@id\":\"https:\\\/\\\/pridima.de\\\/index.php\\\/kopfzerbrecher\\\/#breadcrumb\",\"itemListElement\":[{\"@type\":\"ListItem\",\"position\":1,\"name\":\"Home\",\"item\":\"https:\\\/\\\/pridima.de\\\/\"},{\"@type\":\"ListItem\",\"position\":2,\"name\":\"Kopfzerbrecher &#8211; Auf den Spuren eines alten chinesischen Legespiels\"}]},{\"@type\":\"WebSite\",\"@id\":\"https:\\\/\\\/pridima.de\\\/#website\",\"url\":\"https:\\\/\\\/pridima.de\\\/\",\"name\":\"pridima\",\"description\":\"Primarstufe Didaktik der Mathematik  Uni Landau\",\"publisher\":{\"@id\":\"https:\\\/\\\/pridima.de\\\/#organization\"},\"potentialAction\":[{\"@type\":\"SearchAction\",\"target\":{\"@type\":\"EntryPoint\",\"urlTemplate\":\"https:\\\/\\\/pridima.de\\\/?s={search_term_string}\"},\"query-input\":{\"@type\":\"PropertyValueSpecification\",\"valueRequired\":true,\"valueName\":\"search_term_string\"}}],\"inLanguage\":\"de\"},{\"@type\":\"Organization\",\"@id\":\"https:\\\/\\\/pridima.de\\\/#organization\",\"name\":\"PriMa Lernwerkstatt\",\"url\":\"https:\\\/\\\/pridima.de\\\/\",\"logo\":{\"@type\":\"ImageObject\",\"inLanguage\":\"de\",\"@id\":\"https:\\\/\\\/pridima.de\\\/#\\\/schema\\\/logo\\\/image\\\/\",\"url\":\"https:\\\/\\\/pridima.de\\\/wp-content\\\/uploads\\\/2022\\\/08\\\/PriMaLernwerstatt_CMYK.png\",\"contentUrl\":\"https:\\\/\\\/pridima.de\\\/wp-content\\\/uploads\\\/2022\\\/08\\\/PriMaLernwerstatt_CMYK.png\",\"width\":1452,\"height\":919,\"caption\":\"PriMa Lernwerkstatt\"},\"image\":{\"@id\":\"https:\\\/\\\/pridima.de\\\/#\\\/schema\\\/logo\\\/image\\\/\"}}]}<\/script>\n<!-- \/ Yoast SEO plugin. -->","yoast_head_json":{"title":"Kopfzerbrecher - Auf den Spuren eines alten chinesischen Legespiels - pridima","robots":{"index":"index","follow":"follow","max-snippet":"max-snippet:-1","max-image-preview":"max-image-preview:large","max-video-preview":"max-video-preview:-1"},"canonical":"https:\/\/pridima.de\/index.php\/kopfzerbrecher\/","og_locale":"de_DE","og_type":"article","og_title":"Kopfzerbrecher - Auf den Spuren eines alten chinesischen Legespiels - pridima","og_description":"Wei\u00dft du, was Siebenschlau bedeutet? Und sorgen die Knobeleien des Geduldspieles tats\u00e4chlich f\u00fcr Kopfzerbrechen? Hier wirst du es erfahren! Wenn du bei uns in die Welt des Tangrams eintauchst, wirst du deine Kreativit\u00e4t einsetzen, um beim freien Legen eigene Figuren zu gestallten. Doch das ist nicht alles. Beim Nach- und Auslegen ist dein kluges Denken &hellip; \u201eKopfzerbrecher &#8211; Auf den Spuren eines alten chinesischen Legespiels\u201c weiterlesen","og_url":"https:\/\/pridima.de\/index.php\/kopfzerbrecher\/","og_site_name":"pridima","article_modified_time":"2024-11-11T11:54:06+00:00","og_image":[{"width":300,"height":300,"url":"https:\/\/pridima.de\/wp-content\/uploads\/2024\/11\/Tangram-300x300-1.jpg","type":"image\/jpeg"}],"twitter_card":"summary_large_image","twitter_misc":{"Gesch\u00e4tzte Lesezeit":"2\u00a0Minuten"},"schema":{"@context":"https:\/\/schema.org","@graph":[{"@type":"WebPage","@id":"https:\/\/pridima.de\/index.php\/kopfzerbrecher\/","url":"https:\/\/pridima.de\/index.php\/kopfzerbrecher\/","name":"Kopfzerbrecher - Auf den Spuren eines alten chinesischen Legespiels - pridima","isPartOf":{"@id":"https:\/\/pridima.de\/#website"},"primaryImageOfPage":{"@id":"https:\/\/pridima.de\/index.php\/kopfzerbrecher\/#primaryimage"},"image":{"@id":"https:\/\/pridima.de\/index.php\/kopfzerbrecher\/#primaryimage"},"thumbnailUrl":"https:\/\/pridima.de\/wp-content\/uploads\/2024\/11\/Tangram-300x300-1.jpg","datePublished":"2022-09-16T14:21:17+00:00","dateModified":"2024-11-11T11:54:06+00:00","breadcrumb":{"@id":"https:\/\/pridima.de\/index.php\/kopfzerbrecher\/#breadcrumb"},"inLanguage":"de","potentialAction":[{"@type":"ReadAction","target":["https:\/\/pridima.de\/index.php\/kopfzerbrecher\/"]}]},{"@type":"ImageObject","inLanguage":"de","@id":"https:\/\/pridima.de\/index.php\/kopfzerbrecher\/#primaryimage","url":"https:\/\/pridima.de\/wp-content\/uploads\/2024\/11\/Tangram-300x300-1.jpg","contentUrl":"https:\/\/pridima.de\/wp-content\/uploads\/2024\/11\/Tangram-300x300-1.jpg","width":300,"height":300,"caption":"Sailing boat built from pieces of a traditional Japanese and Chinese Puzzle Game made of different wood parts."},{"@type":"BreadcrumbList","@id":"https:\/\/pridima.de\/index.php\/kopfzerbrecher\/#breadcrumb","itemListElement":[{"@type":"ListItem","position":1,"name":"Home","item":"https:\/\/pridima.de\/"},{"@type":"ListItem","position":2,"name":"Kopfzerbrecher &#8211; Auf den Spuren eines alten chinesischen Legespiels"}]},{"@type":"WebSite","@id":"https:\/\/pridima.de\/#website","url":"https:\/\/pridima.de\/","name":"pridima","description":"Primarstufe Didaktik der Mathematik  Uni Landau","publisher":{"@id":"https:\/\/pridima.de\/#organization"},"potentialAction":[{"@type":"SearchAction","target":{"@type":"EntryPoint","urlTemplate":"https:\/\/pridima.de\/?s={search_term_string}"},"query-input":{"@type":"PropertyValueSpecification","valueRequired":true,"valueName":"search_term_string"}}],"inLanguage":"de"},{"@type":"Organization","@id":"https:\/\/pridima.de\/#organization","name":"PriMa Lernwerkstatt","url":"https:\/\/pridima.de\/","logo":{"@type":"ImageObject","inLanguage":"de","@id":"https:\/\/pridima.de\/#\/schema\/logo\/image\/","url":"https:\/\/pridima.de\/wp-content\/uploads\/2022\/08\/PriMaLernwerstatt_CMYK.png","contentUrl":"https:\/\/pridima.de\/wp-content\/uploads\/2022\/08\/PriMaLernwerstatt_CMYK.png","width":1452,"height":919,"caption":"PriMa Lernwerkstatt"},"image":{"@id":"https:\/\/pridima.de\/#\/schema\/logo\/image\/"}}]}},"_links":{"self":[{"href":"https:\/\/pridima.de\/index.php\/wp-json\/wp\/v2\/pages\/220","targetHints":{"allow":["GET"]}}],"collection":[{"href":"https:\/\/pridima.de\/index.php\/wp-json\/wp\/v2\/pages"}],"about":[{"href":"https:\/\/pridima.de\/index.php\/wp-json\/wp\/v2\/types\/page"}],"author":[{"embeddable":true,"href":"https:\/\/pridima.de\/index.php\/wp-json\/wp\/v2\/users\/1"}],"replies":[{"embeddable":true,"href":"https:\/\/pridima.de\/index.php\/wp-json\/wp\/v2\/comments?post=220"}],"version-history":[{"count":25,"href":"https:\/\/pridima.de\/index.php\/wp-json\/wp\/v2\/pages\/220\/revisions"}],"predecessor-version":[{"id":1205,"href":"https:\/\/pridima.de\/index.php\/wp-json\/wp\/v2\/pages\/220\/revisions\/1205"}],"wp:featuredmedia":[{"embeddable":true,"href":"https:\/\/pridima.de\/index.php\/wp-json\/wp\/v2\/media\/1242"}],"wp:attachment":[{"href":"https:\/\/pridima.de\/index.php\/wp-json\/wp\/v2\/media?parent=220"}],"curies":[{"name":"wp","href":"https:\/\/api.w.org\/{rel}","templated":true}]}}