{"id":208,"date":"2022-09-16T15:47:00","date_gmt":"2022-09-16T13:47:00","guid":{"rendered":"https:\/\/pridima.de\/?page_id=208"},"modified":"2025-04-11T00:07:57","modified_gmt":"2025-04-10T22:07:57","slug":"digital","status":"publish","type":"page","link":"https:\/\/pridima.de\/index.php\/digital\/","title":{"rendered":"Digitales Angebot der PriMa Lernwerkstatt"},"content":{"rendered":"\n<p style=\"font-size:18px\">Die folgenden Stationen der PriMa Lernwerkstatt stehen auch digital zur Verf\u00fcgung.<\/p>\n\n\n<div ><style>#sp-ea-211 .spcollapsing { height: 0; overflow: hidden; transition-property: height;transition-duration: 300ms;}#sp-ea-211.sp-easy-accordion>.sp-ea-single {margin-bottom: 10px; border: 1px solid #96c577; }#sp-ea-211.sp-easy-accordion>.sp-ea-single>.ea-header a {color: #ffffff;}#sp-ea-211.sp-easy-accordion>.sp-ea-single>.sp-collapse>.ea-body {background: #fff; color: #444;}#sp-ea-211.sp-easy-accordion>.sp-ea-single {background: #96c577;}#sp-ea-211.sp-easy-accordion>.sp-ea-single>.ea-header a .ea-expand-icon { float: left; color: #444;font-size: 16px;}<\/style><div id=\"sp_easy_accordion-1777713689\"><div id=\"sp-ea-211\" class=\"sp-ea-one sp-easy-accordion\" data-ea-active=\"ea-click\" data-ea-mode=\"vertical\" data-preloader=\"\" data-scroll-active-item=\"\" data-offset-to-scroll=\"0\"><div class=\"ea-card sp-ea-single\"><h3 class=\"ea-header\"><a class=\"collapsed\" id=\"ea-header-2110\" role=\"button\" data-sptoggle=\"spcollapse\" data-sptarget=\"#collapse2110\" aria-controls=\"collapse2110\" href=\"#\" aria-expanded=\"false\" tabindex=\"0\"><i aria-hidden=\"true\" role=\"presentation\" class=\"ea-expand-icon eap-icon-ea-expand-plus\"><\/i> KOPFZERBRECHER &#8211; Auf den Spuren eines alten chinesischen Legespiels {ONLINE-VERSION}<\/a><\/h3><div class=\"sp-collapse spcollapse spcollapse\" id=\"collapse2110\" data-parent=\"#sp-ea-211\" role=\"region\" aria-labelledby=\"ea-header-2110\"> <div class=\"ea-body\"><p>Was bedeutet Siebenschlau? Und sorgen die Knobeleien des Geduldspiels tats\u00e4chlich f\u00fcr Kopfzerbrechen?<\/p><p>Du lernst Tipps und Tricks im Umgang mit dem Tangram kennen und erkundest spielerisch ein altes chinesisches Legespiel.<\/p><p><img loading=\"lazy\" decoding=\"async\" class=\"size-medium wp-image-575\" src=\"https:\/\/pridima.de\/wp-content\/uploads\/2023\/05\/Tangram-300x300.jpg\" alt=\"\" width=\"300\" height=\"300\" \/><\/p><p>zum digitalen Material: <strong><a href=\"https:\/\/pridima.de\/index.php\/kopfzerbrecher\/\">Hier klicken<\/a><\/strong><\/p><\/div><\/div><\/div><div class=\"ea-card sp-ea-single\"><h3 class=\"ea-header\"><a class=\"collapsed\" id=\"ea-header-2111\" role=\"button\" data-sptoggle=\"spcollapse\" data-sptarget=\"#collapse2111\" aria-controls=\"collapse2111\" href=\"#\" aria-expanded=\"false\" tabindex=\"0\"><i aria-hidden=\"true\" role=\"presentation\" class=\"ea-expand-icon eap-icon-ea-expand-plus\"><\/i> TOP SECRET! &#8211; Auf den Spuren verschl\u00fcsselter Informationen und geheimer Codes {ONLINE-VERSION}<\/a><\/h3><div class=\"sp-collapse spcollapse spcollapse\" id=\"collapse2111\" data-parent=\"#sp-ea-211\" role=\"region\" aria-labelledby=\"ea-header-2111\"> <div class=\"ea-body\"><p>Entdecke in einer spannenden Lernumgebung viele Tipps &amp; Tricks rund um verschl\u00fcsselte Informationen und geheime Codes.<\/p><p>Du erf\u00e4hrst, wie schon Caesar Geheimbotschaften versenden konnte und erkundest, wie Texte mit verschiedenen Codier- und Verschl\u00fcsselungssystemen ver\u00e4ndert und unleserlich gemacht werden k\u00f6nnen.<\/p><p>Du wirst zum Codeknacker und kannst sogar deine eigene Nachrichten verschl\u00fcsseln.<\/p><p><img loading=\"lazy\" decoding=\"async\" class=\"size-medium wp-image-574\" src=\"https:\/\/pridima.de\/wp-content\/uploads\/2023\/05\/Lupe_Geheimbotschaft-300x200.jpg\" alt=\"\" width=\"300\" height=\"200\" srcset=\"https:\/\/pridima.de\/wp-content\/uploads\/2023\/05\/Lupe_Geheimbotschaft-300x200.jpg 300w, https:\/\/pridima.de\/wp-content\/uploads\/2023\/05\/Lupe_Geheimbotschaft-1024x683.jpg 1024w, https:\/\/pridima.de\/wp-content\/uploads\/2023\/05\/Lupe_Geheimbotschaft-768x512.jpg 768w, https:\/\/pridima.de\/wp-content\/uploads\/2023\/05\/Lupe_Geheimbotschaft-1536x1024.jpg 1536w, https:\/\/pridima.de\/wp-content\/uploads\/2023\/05\/Lupe_Geheimbotschaft-2048x1365.jpg 2048w\" sizes=\"auto, (max-width: 300px) 100vw, 300px\" \/><\/p><p>zum digitalen Material: <strong><a href=\"https:\/\/pridima.de\/index.php\/topsecret\/\">Hier klicken<\/a><\/strong><\/p><\/div><\/div><\/div><div class=\"ea-card sp-ea-single\"><h3 class=\"ea-header\"><a class=\"collapsed\" id=\"ea-header-2112\" role=\"button\" data-sptoggle=\"spcollapse\" data-sptarget=\"#collapse2112\" aria-controls=\"collapse2112\" href=\"#\" aria-expanded=\"false\" tabindex=\"0\"><i aria-hidden=\"true\" role=\"presentation\" class=\"ea-expand-icon eap-icon-ea-expand-plus\"><\/i> EXPEDITION KNOBELSPA\u00df &#8211; eine Forschungsreise auf den Spuren ber\u00fchmter Mathematiker {ONLINE-VERSION}<\/a><\/h3><div class=\"sp-collapse spcollapse spcollapse\" id=\"collapse2112\" data-parent=\"#sp-ea-211\" role=\"region\" aria-labelledby=\"ea-header-2112\"> <div class=\"ea-body\"><p>In einer Lernumgebung f\u00fcr kreative K\u00f6pfe geht ihr kniffeligen Knobelaufgaben und dem Leben von ber\u00fchmten Mathematikern nach. Ihr erfahrt wie der kleine Carl Friedrich Gau\u00df Geschichte schrieb, wie das Genie Albert Einstein die Menschen zum Nachdenken brachte und warum der Professor August Ferdinand M\u00f6bius bereits im 19. Jahrhundert den richtigen Dreh raushatte. Mit Ausdauer und scharfem Verstand werdet ihr so manche Knacknussaufgabe l\u00f6sen.<\/p><p><img loading=\"lazy\" decoding=\"async\" class=\"alignnone size-full wp-image-150\" src=\"https:\/\/pridima.de\/wp-content\/uploads\/2022\/09\/knobelspass.jpeg\" alt=\"\" width=\"147\" height=\"200\" \/><\/p><p>zum digitalen Material:<strong> <a href=\"https:\/\/pridima.de\/index.php\/expedition-knobel\/\">Hier klicken<\/a><\/strong><\/p><\/div><\/div><\/div><div class=\"ea-card sp-ea-single\"><h3 class=\"ea-header\"><a class=\"collapsed\" id=\"ea-header-2113\" role=\"button\" data-sptoggle=\"spcollapse\" data-sptarget=\"#collapse2113\" aria-controls=\"collapse2113\" href=\"#\" aria-expanded=\"false\" tabindex=\"0\"><i aria-hidden=\"true\" role=\"presentation\" class=\"ea-expand-icon eap-icon-ea-expand-plus\"><\/i> Die K\u00e4fer sind los \u2013 Alles rund um das Programmieren von Robotern<\/a><\/h3><div class=\"sp-collapse spcollapse spcollapse\" id=\"collapse2113\" data-parent=\"#sp-ea-211\" role=\"region\" aria-labelledby=\"ea-header-2113\"> <div class=\"ea-body\"><p>In dieser Lernumgebung kannst du erste Programmiererfahrungen mit dem BlueBot sammeln. Der BlueBot ist ein Bodenroboter in Form eines K\u00e4fers. Mit Hilfe von Befehlen kannst du den BlueBot in unterschiedliche Richtungen steuern, so dass er verschiedene Ziele erreichen kann. Du kannst den BlueBot von Hand, mit einer Programmierleiste oder mit dem Tablet steuern. Auf dich warten viele spannende und herausfordernde Aufgaben.<\/p><p><img loading=\"lazy\" decoding=\"async\" class=\"alignnone size-full wp-image-149\" src=\"https:\/\/pridima.de\/wp-content\/uploads\/2022\/09\/dieKaeferSindLos.jpeg\" alt=\"\" width=\"200\" height=\"133\" \/><\/p><p>zum digitalen Material: <strong><a href=\"https:\/\/pridima.de\/index.php\/die-kaefer-sind-los\/\">Hier klicken<\/a><\/strong><\/p><\/div><\/div><\/div><\/div><\/div><\/div>","protected":false},"excerpt":{"rendered":"<p>Die folgenden Stationen der PriMa Lernwerkstatt stehen auch digital zur Verf\u00fcgung.<\/p>\n","protected":false},"author":1,"featured_media":0,"parent":0,"menu_order":0,"comment_status":"closed","ping_status":"closed","template":"","meta":{"footnotes":""},"class_list":["post-208","page","type-page","status-publish","hentry"],"yoast_head":"<!-- This site is optimized with the Yoast SEO plugin v27.5 - https:\/\/yoast.com\/product\/yoast-seo-wordpress\/ -->\n<title>Digitales Angebot der PriMa Lernwerkstatt - pridima<\/title>\n<meta name=\"robots\" content=\"index, follow, max-snippet:-1, max-image-preview:large, max-video-preview:-1\" \/>\n<link rel=\"canonical\" href=\"https:\/\/pridima.de\/index.php\/digital\/\" \/>\n<meta property=\"og:locale\" content=\"de_DE\" \/>\n<meta property=\"og:type\" content=\"article\" \/>\n<meta property=\"og:title\" content=\"Digitales Angebot der PriMa Lernwerkstatt - pridima\" \/>\n<meta property=\"og:description\" content=\"Die folgenden Stationen der PriMa Lernwerkstatt stehen auch digital zur Verf\u00fcgung.\" \/>\n<meta property=\"og:url\" content=\"https:\/\/pridima.de\/index.php\/digital\/\" \/>\n<meta property=\"og:site_name\" content=\"pridima\" \/>\n<meta property=\"article:modified_time\" content=\"2025-04-10T22:07:57+00:00\" \/>\n<meta name=\"twitter:card\" content=\"summary_large_image\" \/>\n<meta name=\"twitter:label1\" content=\"Gesch\u00e4tzte Lesezeit\" \/>\n\t<meta name=\"twitter:data1\" content=\"1\u00a0Minute\" \/>\n<script type=\"application\/ld+json\" class=\"yoast-schema-graph\">{\"@context\":\"https:\\\/\\\/schema.org\",\"@graph\":[{\"@type\":\"WebPage\",\"@id\":\"https:\\\/\\\/pridima.de\\\/index.php\\\/digital\\\/\",\"url\":\"https:\\\/\\\/pridima.de\\\/index.php\\\/digital\\\/\",\"name\":\"Digitales Angebot der PriMa Lernwerkstatt - pridima\",\"isPartOf\":{\"@id\":\"https:\\\/\\\/pridima.de\\\/#website\"},\"datePublished\":\"2022-09-16T13:47:00+00:00\",\"dateModified\":\"2025-04-10T22:07:57+00:00\",\"breadcrumb\":{\"@id\":\"https:\\\/\\\/pridima.de\\\/index.php\\\/digital\\\/#breadcrumb\"},\"inLanguage\":\"de\",\"potentialAction\":[{\"@type\":\"ReadAction\",\"target\":[\"https:\\\/\\\/pridima.de\\\/index.php\\\/digital\\\/\"]}]},{\"@type\":\"BreadcrumbList\",\"@id\":\"https:\\\/\\\/pridima.de\\\/index.php\\\/digital\\\/#breadcrumb\",\"itemListElement\":[{\"@type\":\"ListItem\",\"position\":1,\"name\":\"Home\",\"item\":\"https:\\\/\\\/pridima.de\\\/\"},{\"@type\":\"ListItem\",\"position\":2,\"name\":\"Digitales Angebot der PriMa Lernwerkstatt\"}]},{\"@type\":\"WebSite\",\"@id\":\"https:\\\/\\\/pridima.de\\\/#website\",\"url\":\"https:\\\/\\\/pridima.de\\\/\",\"name\":\"pridima\",\"description\":\"Primarstufe Didaktik der Mathematik  Uni Landau\",\"publisher\":{\"@id\":\"https:\\\/\\\/pridima.de\\\/#organization\"},\"potentialAction\":[{\"@type\":\"SearchAction\",\"target\":{\"@type\":\"EntryPoint\",\"urlTemplate\":\"https:\\\/\\\/pridima.de\\\/?s={search_term_string}\"},\"query-input\":{\"@type\":\"PropertyValueSpecification\",\"valueRequired\":true,\"valueName\":\"search_term_string\"}}],\"inLanguage\":\"de\"},{\"@type\":\"Organization\",\"@id\":\"https:\\\/\\\/pridima.de\\\/#organization\",\"name\":\"PriMa Lernwerkstatt\",\"url\":\"https:\\\/\\\/pridima.de\\\/\",\"logo\":{\"@type\":\"ImageObject\",\"inLanguage\":\"de\",\"@id\":\"https:\\\/\\\/pridima.de\\\/#\\\/schema\\\/logo\\\/image\\\/\",\"url\":\"https:\\\/\\\/pridima.de\\\/wp-content\\\/uploads\\\/2022\\\/08\\\/PriMaLernwerstatt_CMYK.png\",\"contentUrl\":\"https:\\\/\\\/pridima.de\\\/wp-content\\\/uploads\\\/2022\\\/08\\\/PriMaLernwerstatt_CMYK.png\",\"width\":1452,\"height\":919,\"caption\":\"PriMa Lernwerkstatt\"},\"image\":{\"@id\":\"https:\\\/\\\/pridima.de\\\/#\\\/schema\\\/logo\\\/image\\\/\"}}]}<\/script>\n<!-- \/ Yoast SEO plugin. -->","yoast_head_json":{"title":"Digitales Angebot der PriMa Lernwerkstatt - pridima","robots":{"index":"index","follow":"follow","max-snippet":"max-snippet:-1","max-image-preview":"max-image-preview:large","max-video-preview":"max-video-preview:-1"},"canonical":"https:\/\/pridima.de\/index.php\/digital\/","og_locale":"de_DE","og_type":"article","og_title":"Digitales Angebot der PriMa Lernwerkstatt - pridima","og_description":"Die folgenden Stationen der PriMa Lernwerkstatt stehen auch digital zur Verf\u00fcgung.","og_url":"https:\/\/pridima.de\/index.php\/digital\/","og_site_name":"pridima","article_modified_time":"2025-04-10T22:07:57+00:00","twitter_card":"summary_large_image","twitter_misc":{"Gesch\u00e4tzte Lesezeit":"1\u00a0Minute"},"schema":{"@context":"https:\/\/schema.org","@graph":[{"@type":"WebPage","@id":"https:\/\/pridima.de\/index.php\/digital\/","url":"https:\/\/pridima.de\/index.php\/digital\/","name":"Digitales Angebot der PriMa Lernwerkstatt - pridima","isPartOf":{"@id":"https:\/\/pridima.de\/#website"},"datePublished":"2022-09-16T13:47:00+00:00","dateModified":"2025-04-10T22:07:57+00:00","breadcrumb":{"@id":"https:\/\/pridima.de\/index.php\/digital\/#breadcrumb"},"inLanguage":"de","potentialAction":[{"@type":"ReadAction","target":["https:\/\/pridima.de\/index.php\/digital\/"]}]},{"@type":"BreadcrumbList","@id":"https:\/\/pridima.de\/index.php\/digital\/#breadcrumb","itemListElement":[{"@type":"ListItem","position":1,"name":"Home","item":"https:\/\/pridima.de\/"},{"@type":"ListItem","position":2,"name":"Digitales Angebot der PriMa Lernwerkstatt"}]},{"@type":"WebSite","@id":"https:\/\/pridima.de\/#website","url":"https:\/\/pridima.de\/","name":"pridima","description":"Primarstufe Didaktik der Mathematik  Uni Landau","publisher":{"@id":"https:\/\/pridima.de\/#organization"},"potentialAction":[{"@type":"SearchAction","target":{"@type":"EntryPoint","urlTemplate":"https:\/\/pridima.de\/?s={search_term_string}"},"query-input":{"@type":"PropertyValueSpecification","valueRequired":true,"valueName":"search_term_string"}}],"inLanguage":"de"},{"@type":"Organization","@id":"https:\/\/pridima.de\/#organization","name":"PriMa Lernwerkstatt","url":"https:\/\/pridima.de\/","logo":{"@type":"ImageObject","inLanguage":"de","@id":"https:\/\/pridima.de\/#\/schema\/logo\/image\/","url":"https:\/\/pridima.de\/wp-content\/uploads\/2022\/08\/PriMaLernwerstatt_CMYK.png","contentUrl":"https:\/\/pridima.de\/wp-content\/uploads\/2022\/08\/PriMaLernwerstatt_CMYK.png","width":1452,"height":919,"caption":"PriMa Lernwerkstatt"},"image":{"@id":"https:\/\/pridima.de\/#\/schema\/logo\/image\/"}}]}},"_links":{"self":[{"href":"https:\/\/pridima.de\/index.php\/wp-json\/wp\/v2\/pages\/208","targetHints":{"allow":["GET"]}}],"collection":[{"href":"https:\/\/pridima.de\/index.php\/wp-json\/wp\/v2\/pages"}],"about":[{"href":"https:\/\/pridima.de\/index.php\/wp-json\/wp\/v2\/types\/page"}],"author":[{"embeddable":true,"href":"https:\/\/pridima.de\/index.php\/wp-json\/wp\/v2\/users\/1"}],"replies":[{"embeddable":true,"href":"https:\/\/pridima.de\/index.php\/wp-json\/wp\/v2\/comments?post=208"}],"version-history":[{"count":4,"href":"https:\/\/pridima.de\/index.php\/wp-json\/wp\/v2\/pages\/208\/revisions"}],"predecessor-version":[{"id":1476,"href":"https:\/\/pridima.de\/index.php\/wp-json\/wp\/v2\/pages\/208\/revisions\/1476"}],"wp:attachment":[{"href":"https:\/\/pridima.de\/index.php\/wp-json\/wp\/v2\/media?parent=208"}],"curies":[{"name":"wp","href":"https:\/\/api.w.org\/{rel}","templated":true}]}}