{"id":184,"date":"2022-09-16T15:09:05","date_gmt":"2022-09-16T13:09:05","guid":{"rendered":"https:\/\/pridima.de\/?page_id=184"},"modified":"2023-05-10T17:40:20","modified_gmt":"2023-05-10T15:40:20","slug":"mathestark","status":"publish","type":"page","link":"https:\/\/pridima.de\/index.php\/mathestark\/","title":{"rendered":"MatheStark"},"content":{"rendered":"\n<div class=\"wp-block-columns is-layout-flex wp-container-core-columns-is-layout-9d6595d7 wp-block-columns-is-layout-flex\">\n<div class=\"wp-block-column is-layout-flow wp-block-column-is-layout-flow\" style=\"flex-basis:100%\">\n<div class=\"wp-block-columns is-layout-flex wp-container-core-columns-is-layout-9d6595d7 wp-block-columns-is-layout-flex\">\n<div class=\"wp-block-column is-layout-flow wp-block-column-is-layout-flow\" style=\"flex-basis:50%\">\n<figure class=\"wp-block-gallery has-nested-images columns-default is-cropped wp-block-gallery-1 is-layout-flex wp-block-gallery-is-layout-flex\">\n<figure class=\"wp-block-image size-large\"><img loading=\"lazy\" decoding=\"async\" width=\"1024\" height=\"264\" data-id=\"185\" src=\"https:\/\/pridima.de\/wp-content\/uploads\/2022\/09\/MatheStark-1024x264.png\" alt=\"\" class=\"wp-image-185\" srcset=\"https:\/\/pridima.de\/wp-content\/uploads\/2022\/09\/MatheStark-1024x264.png 1024w, https:\/\/pridima.de\/wp-content\/uploads\/2022\/09\/MatheStark-300x77.png 300w, https:\/\/pridima.de\/wp-content\/uploads\/2022\/09\/MatheStark-768x198.png 768w, https:\/\/pridima.de\/wp-content\/uploads\/2022\/09\/MatheStark-1536x396.png 1536w, https:\/\/pridima.de\/wp-content\/uploads\/2022\/09\/MatheStark-2048x527.png 2048w\" sizes=\"auto, (max-width: 767px) 89vw, (max-width: 1000px) 54vw, (max-width: 1071px) 543px, 580px\" \/><\/figure>\n<\/figure>\n<\/div>\n\n\n\n<div class=\"wp-block-column is-layout-flow wp-block-column-is-layout-flow\" style=\"flex-basis:50%\"><\/div>\n<\/div>\n<\/div>\n<\/div>\n\n\n\n<div class=\"wp-block-group is-nowrap is-layout-flex wp-container-core-group-is-layout-ad2f72ca wp-block-group-is-layout-flex\">\n<figure class=\"wp-block-table\"><table><tbody><tr><td><h3>MatheStark &#8211;<br>Ein Projekt im Rahmen des F\u00f6rderprogramms<br>&#8222;Aufholen nach Corona f\u00fcr Kinder und Jugendliche&#8220;<\/h3><br>Das Projekt <strong>MatheStark<\/strong> kn\u00fcpft an das Konzept der\u00a0<a href=\"https:\/\/pridima.de\/\"><strong>PriMa Lernwerkstatt<\/strong><\/a>\u00a0an. Es richtet sich an Kinder, die\u00a0w\u00e4hrend der Corona-Pandemie die Lust am Mathematiklernen weitgehend verloren haben und\u00a0einen deutlichen Leistungsabfall im Unterricht zeigen. Diesen sollen spezielle Angebote in Form materialgest\u00fctzter\u00a0Lernumgebungen gemacht werden.<br>MatheStark ist ein vom <strong>BMBF<\/strong> gef\u00f6rdertes Projekt im Rahmen des Sch\u00fclerlabor-F\u00f6rderprogramms Ease-Corona.<br><br><strong>MatheStark in der Presse:<br><\/strong><a href=\"https:\/\/themenwelten.rheinpfalz.de\/wir-sind-rptu-42730\/ludwigshafen\/ein-fundament-fuers-spaetere-leben-bauen-149745\" target=\"_blank\" rel=\"noreferrer noopener\">&#8222;Ein Fundament f\u00fcrs sp\u00e4tere Leben bauen&#8220;<\/a> (&#8222;Die Rheinpfalz&#8220;, 07.05.2023)<br><\/td><td><img decoding=\"async\" src=\"https:\/\/pridima.de\/wp-content\/uploads\/2022\/09\/IMG_8716-scaled.jpg\">\n<\/td><\/tr><\/tbody><\/table><\/figure>\n<\/div>\n\n\n\n<p><strong>Projektverantwortung MatheStark<\/strong><br><a href=\"https:\/\/nuw.rptu.de\/ags\/ag-didaktik-der-mathematik-primarstufe\/team\/prof-dr-stephanie-schuler\" target=\"_blank\" rel=\"noreferrer noopener\">Prof. Dr. Stephanie Schuler<\/a>&nbsp;und&nbsp;<a href=\"https:\/\/nuw.rptu.de\/ags\/ag-didaktik-der-mathematik-primarstufe\/team\/dr-ulrike-m-dreher\" target=\"_blank\" rel=\"noreferrer noopener\">Dr. Ulrike Dreher<\/a><\/p>\n\n\n\n<p><strong>MatheStark besteht aus zwei Teilprojekten.<\/strong><\/p>\n\n\n\n<p><strong>MatheStark2<\/strong><br>Das Teilprojekt Mathestark2 richtet sich an Kinder in Klasse 2, also Kinder, die&nbsp;w\u00e4hrend der Pandemie eingeschult wurden. Kinder, die den Anschluss an das Klassenniveau&nbsp;zu verlieren drohen, soll ein individuell auf die jeweiligen Defizite abgestimmtes F\u00f6rderangebot&nbsp;gemacht werden, um die pandemiebedingten Lernr\u00fcckst\u00e4nde, aufzuholen. Die F\u00f6rderung erfolgt durch Lehramtsstudierende im Master.<\/p>\n\n\n\n<figure class=\"wp-block-table is-style-stripes\"><table><tbody><tr><td><img loading=\"lazy\" decoding=\"async\" width=\"300\" height=\"244\" class=\"wp-image-187\" style=\"width: 300px;\" src=\"https:\/\/pridima.de\/wp-content\/uploads\/2022\/09\/Dienes-Material_MSB-scaled.jpg\" alt=\"\" srcset=\"https:\/\/pridima.de\/wp-content\/uploads\/2022\/09\/Dienes-Material_MSB-scaled.jpg 2560w, https:\/\/pridima.de\/wp-content\/uploads\/2022\/09\/Dienes-Material_MSB-300x244.jpg 300w, https:\/\/pridima.de\/wp-content\/uploads\/2022\/09\/Dienes-Material_MSB-1024x834.jpg 1024w, https:\/\/pridima.de\/wp-content\/uploads\/2022\/09\/Dienes-Material_MSB-768x625.jpg 768w, https:\/\/pridima.de\/wp-content\/uploads\/2022\/09\/Dienes-Material_MSB-1536x1251.jpg 1536w, https:\/\/pridima.de\/wp-content\/uploads\/2022\/09\/Dienes-Material_MSB-2048x1668.jpg 2048w\" sizes=\"auto, (max-width: 300px) 100vw, 300px\" \/><\/td><td><img loading=\"lazy\" decoding=\"async\" width=\"300\" height=\"86\" class=\"wp-image-188\" style=\"width: 300px;\" src=\"https:\/\/pridima.de\/wp-content\/uploads\/2022\/09\/Rechenrahmen_ZR20-scaled.jpg\" alt=\"\" srcset=\"https:\/\/pridima.de\/wp-content\/uploads\/2022\/09\/Rechenrahmen_ZR20-scaled.jpg 2560w, https:\/\/pridima.de\/wp-content\/uploads\/2022\/09\/Rechenrahmen_ZR20-300x85.jpg 300w, https:\/\/pridima.de\/wp-content\/uploads\/2022\/09\/Rechenrahmen_ZR20-1024x292.jpg 1024w, https:\/\/pridima.de\/wp-content\/uploads\/2022\/09\/Rechenrahmen_ZR20-768x219.jpg 768w, https:\/\/pridima.de\/wp-content\/uploads\/2022\/09\/Rechenrahmen_ZR20-1536x438.jpg 1536w, https:\/\/pridima.de\/wp-content\/uploads\/2022\/09\/Rechenrahmen_ZR20-2048x584.jpg 2048w\" sizes=\"auto, (max-width: 300px) 100vw, 300px\" \/><\/td><\/tr><\/tbody><\/table><\/figure>\n\n\n\n<p><strong>MatheStark4<\/strong><br>Im Teilprojekt MatheStark4 werden Kinder in Klasse 4 gef\u00f6rdert mit dem&nbsp;Ziel, die Motivation und das Interesse am Fach Mathematik mit Blick auf den \u00dcbergang an die&nbsp;weiterf\u00fchrenden Schulen durch (au\u00dfer)curriculare Frage- und Problemstellungen (erneut) zu&nbsp;wecken. Gef\u00f6rdert werden immer zwei Kinder im Tandem mit personell wechselnden Studierenden.<\/p>\n\n\n\n<figure class=\"wp-block-table is-style-stripes\"><table><tbody><tr><td><img loading=\"lazy\" decoding=\"async\" width=\"300\" height=\"225\" class=\"wp-image-190\" style=\"width: 300px;\" src=\"https:\/\/pridima.de\/wp-content\/uploads\/2022\/09\/IMG_9124_small-scaled.jpg\" alt=\"\" srcset=\"https:\/\/pridima.de\/wp-content\/uploads\/2022\/09\/IMG_9124_small-scaled.jpg 2560w, https:\/\/pridima.de\/wp-content\/uploads\/2022\/09\/IMG_9124_small-300x225.jpg 300w, https:\/\/pridima.de\/wp-content\/uploads\/2022\/09\/IMG_9124_small-1024x768.jpg 1024w, https:\/\/pridima.de\/wp-content\/uploads\/2022\/09\/IMG_9124_small-768x576.jpg 768w, https:\/\/pridima.de\/wp-content\/uploads\/2022\/09\/IMG_9124_small-1536x1152.jpg 1536w, https:\/\/pridima.de\/wp-content\/uploads\/2022\/09\/IMG_9124_small-2048x1536.jpg 2048w\" sizes=\"auto, (max-width: 300px) 100vw, 300px\" \/><\/td><td><img loading=\"lazy\" decoding=\"async\" width=\"300\" height=\"225\" class=\"wp-image-191\" style=\"width: 300px;\" src=\"https:\/\/pridima.de\/wp-content\/uploads\/2022\/09\/IMG_8694_small-scaled.jpg\" alt=\"\" srcset=\"https:\/\/pridima.de\/wp-content\/uploads\/2022\/09\/IMG_8694_small-scaled.jpg 2560w, https:\/\/pridima.de\/wp-content\/uploads\/2022\/09\/IMG_8694_small-300x225.jpg 300w, https:\/\/pridima.de\/wp-content\/uploads\/2022\/09\/IMG_8694_small-1024x768.jpg 1024w, https:\/\/pridima.de\/wp-content\/uploads\/2022\/09\/IMG_8694_small-768x576.jpg 768w, https:\/\/pridima.de\/wp-content\/uploads\/2022\/09\/IMG_8694_small-1536x1152.jpg 1536w, https:\/\/pridima.de\/wp-content\/uploads\/2022\/09\/IMG_8694_small-2048x1536.jpg 2048w\" sizes=\"auto, (max-width: 300px) 100vw, 300px\" \/><\/td><td><img loading=\"lazy\" decoding=\"async\" width=\"300\" height=\"146\" class=\"wp-image-189\" style=\"width: 300px;\" src=\"https:\/\/pridima.de\/wp-content\/uploads\/2022\/09\/20190225_125306_small-scaled.jpg\" alt=\"\" srcset=\"https:\/\/pridima.de\/wp-content\/uploads\/2022\/09\/20190225_125306_small-scaled.jpg 2560w, https:\/\/pridima.de\/wp-content\/uploads\/2022\/09\/20190225_125306_small-300x146.jpg 300w, https:\/\/pridima.de\/wp-content\/uploads\/2022\/09\/20190225_125306_small-1024x498.jpg 1024w, https:\/\/pridima.de\/wp-content\/uploads\/2022\/09\/20190225_125306_small-768x373.jpg 768w, https:\/\/pridima.de\/wp-content\/uploads\/2022\/09\/20190225_125306_small-1536x747.jpg 1536w, https:\/\/pridima.de\/wp-content\/uploads\/2022\/09\/20190225_125306_small-2048x996.jpg 2048w\" sizes=\"auto, (max-width: 300px) 100vw, 300px\" \/><\/td><\/tr><\/tbody><\/table><\/figure>\n\n\n\n<h4 class=\"wp-block-heading\"><br><strong>FAQs zum F\u00f6rderangebot MatheStark<\/strong><\/h4>\n\n\n<div ><style>#sp-ea-195 .spcollapsing { height: 0; overflow: hidden; transition-property: height;transition-duration: 300ms;}#sp-ea-195.sp-easy-accordion>.sp-ea-single {margin-bottom: 10px; border: 1px solid #e2e2e2; }#sp-ea-195.sp-easy-accordion>.sp-ea-single>.ea-header a {color: #444;}#sp-ea-195.sp-easy-accordion>.sp-ea-single>.sp-collapse>.ea-body {background: #fff; color: #444;}#sp-ea-195.sp-easy-accordion>.sp-ea-single {background: #eee;}#sp-ea-195.sp-easy-accordion>.sp-ea-single>.ea-header a .ea-expand-icon { float: left; color: #444;font-size: 16px;}<\/style><div id=\"sp_easy_accordion-1777113843\"><div id=\"sp-ea-195\" class=\"sp-ea-one sp-easy-accordion\" data-ea-active=\"ea-click\" data-ea-mode=\"vertical\" data-preloader=\"\" data-scroll-active-item=\"\" data-offset-to-scroll=\"0\"><div class=\"ea-card sp-ea-single\"><h3 class=\"ea-header\"><a class=\"collapsed\" id=\"ea-header-1950\" role=\"button\" data-sptoggle=\"spcollapse\" data-sptarget=\"#collapse1950\" aria-controls=\"collapse1950\" href=\"#\" aria-expanded=\"false\" tabindex=\"0\"><i aria-hidden=\"true\" role=\"presentation\" class=\"ea-expand-icon eap-icon-ea-expand-plus\"><\/i> Wie werden die Studierenden f\u00fcr die F\u00f6rderung vorbereitet?<\/a><\/h3><div class=\"sp-collapse spcollapse spcollapse\" id=\"collapse1950\" data-parent=\"#sp-ea-195\" role=\"region\" aria-labelledby=\"ea-header-1950\"> <div class=\"ea-body\"><p>Die Studierenden, die am Projekt teilnehmen, erhalten spezielle Schulungen und Einweisungen in die\u00a0materialgest\u00fctzten Lernumgebungen, die computergest\u00fctzte Diagnose und die Entwicklung individuell auf die Diagnose abstimmter F\u00f6rderangebote. Dies erfolgt durch geschultes und\u00a0qualifiziertes Personal der PriMa Lernwerkstatt.<\/p><\/div><\/div><\/div><\/div><\/div><\/div>\n\n\n<h4 class=\"wp-block-heading\">MatheStark2<\/h4>\n\n\n<div ><style>#sp-ea-196 .spcollapsing { height: 0; overflow: hidden; transition-property: height;transition-duration: 300ms;}#sp-ea-196.sp-easy-accordion>.sp-ea-single {margin-bottom: 10px; border: 1px solid #e2e2e2; }#sp-ea-196.sp-easy-accordion>.sp-ea-single>.ea-header a {color: #444;}#sp-ea-196.sp-easy-accordion>.sp-ea-single>.sp-collapse>.ea-body {background: #fff; color: #444;}#sp-ea-196.sp-easy-accordion>.sp-ea-single {background: #eee;}#sp-ea-196.sp-easy-accordion>.sp-ea-single>.ea-header a .ea-expand-icon { float: left; color: #444;font-size: 16px;}<\/style><div id=\"sp_easy_accordion-1777113843\"><div id=\"sp-ea-196\" class=\"sp-ea-one sp-easy-accordion\" data-ea-active=\"ea-click\" data-ea-mode=\"vertical\" data-preloader=\"\" data-scroll-active-item=\"\" data-offset-to-scroll=\"0\"><div class=\"ea-card sp-ea-single\"><h3 class=\"ea-header\"><a class=\"collapsed\" id=\"ea-header-1960\" role=\"button\" data-sptoggle=\"spcollapse\" data-sptarget=\"#collapse1960\" aria-controls=\"collapse1960\" href=\"#\" aria-expanded=\"false\" tabindex=\"0\"><i aria-hidden=\"true\" role=\"presentation\" class=\"ea-expand-icon eap-icon-ea-expand-plus\"><\/i> Wie wird der F\u00f6rderbedarf erhoben?<\/a><\/h3><div class=\"sp-collapse spcollapse spcollapse\" id=\"collapse1960\" data-parent=\"#sp-ea-196\" role=\"region\" aria-labelledby=\"ea-header-1960\"> <div class=\"ea-body\"><p>Die Studierendentandems f\u00fchren mit jedem Kindertandem zun\u00e4chst eine computergest\u00fctzte Diagnose durch. Dabei wird auf vorhandene\u00a0evaluierte Testinstrumente zur\u00fcckgegriffen.\u00a0Die Behebung der Lernr\u00fcckst\u00e4nde wird nach Abschluss des F\u00f6rderangebots erneut computergest\u00fctzt\u00a0\u00fcberpr\u00fcft.<\/p><\/div><\/div><\/div><div class=\"ea-card sp-ea-single\"><h3 class=\"ea-header\"><a class=\"collapsed\" id=\"ea-header-1961\" role=\"button\" data-sptoggle=\"spcollapse\" data-sptarget=\"#collapse1961\" aria-controls=\"collapse1961\" href=\"#\" aria-expanded=\"false\" tabindex=\"0\"><i aria-hidden=\"true\" role=\"presentation\" class=\"ea-expand-icon eap-icon-ea-expand-plus\"><\/i> Welche Materialien stehen f\u00fcr die F\u00f6rderung zur Verf\u00fcgung?<\/a><\/h3><div class=\"sp-collapse spcollapse spcollapse\" id=\"collapse1961\" data-parent=\"#sp-ea-196\" role=\"region\" aria-labelledby=\"ea-header-1961\"> <div class=\"ea-body\"><p>Den Studierenden steht eine F\u00f6rderbox der PriMa Lernwerkstatt mit speziell zusammengestellten Anschauungsmitteln, Spielen\u00a0und F\u00f6rdermaterialien zur Verf\u00fcgung, die individuell kombiniert und eingesetzt werden k\u00f6nnen.<\/p><\/div><\/div><\/div><div class=\"ea-card sp-ea-single\"><h3 class=\"ea-header\"><a class=\"collapsed\" id=\"ea-header-1962\" role=\"button\" data-sptoggle=\"spcollapse\" data-sptarget=\"#collapse1962\" aria-controls=\"collapse1962\" href=\"#\" aria-expanded=\"false\" tabindex=\"0\"><i aria-hidden=\"true\" role=\"presentation\" class=\"ea-expand-icon eap-icon-ea-expand-plus\"><\/i> Welche mathematischen Themengebiete werden gef\u00f6rdert?<\/a><\/h3><div class=\"sp-collapse spcollapse spcollapse\" id=\"collapse1962\" data-parent=\"#sp-ea-196\" role=\"region\" aria-labelledby=\"ea-header-1962\"> <div class=\"ea-body\"><p>Die Inhalte des Projekts beziehen sich auf zentrale H\u00fcrden beim Rechnenlernen wie\u00a0den Aufbau eines fundierten und umfassenden Zahl- und Operationsverst\u00e4ndnisses sowie das Nutzen\u00a0von Zahl- und Aufgabenbeziehungen. Im Rahmen der F\u00f6rderung werden Spiele und\u00a0materialgest\u00fctzte Aktivit\u00e4ten zum Aufbau dieser Konzepte eingesetzt.<\/p><\/div><\/div><\/div><\/div><\/div><\/div>\n\n\n<h4 class=\"wp-block-heading\">MatheStark4<\/h4>\n\n\n<div ><style>#sp-ea-197 .spcollapsing { height: 0; overflow: hidden; transition-property: height;transition-duration: 300ms;}#sp-ea-197.sp-easy-accordion>.sp-ea-single {margin-bottom: 10px; border: 1px solid #e2e2e2; }#sp-ea-197.sp-easy-accordion>.sp-ea-single>.ea-header a {color: #444;}#sp-ea-197.sp-easy-accordion>.sp-ea-single>.sp-collapse>.ea-body {background: #fff; color: #444;}#sp-ea-197.sp-easy-accordion>.sp-ea-single {background: #eee;}#sp-ea-197.sp-easy-accordion>.sp-ea-single>.ea-header a .ea-expand-icon { float: left; color: #444;font-size: 16px;}<\/style><div id=\"sp_easy_accordion-1777113843\"><div id=\"sp-ea-197\" class=\"sp-ea-one sp-easy-accordion\" data-ea-active=\"ea-click\" data-ea-mode=\"vertical\" data-preloader=\"\" data-scroll-active-item=\"\" data-offset-to-scroll=\"0\"><div class=\"ea-card sp-ea-single\"><h3 class=\"ea-header\"><a class=\"collapsed\" id=\"ea-header-1970\" role=\"button\" data-sptoggle=\"spcollapse\" data-sptarget=\"#collapse1970\" aria-controls=\"collapse1970\" href=\"#\" aria-expanded=\"false\" tabindex=\"0\"><i aria-hidden=\"true\" role=\"presentation\" class=\"ea-expand-icon eap-icon-ea-expand-plus\"><\/i> Welche mathematischen Themengebiete werden gef\u00f6rdert?<\/a><\/h3><div class=\"sp-collapse spcollapse spcollapse\" id=\"collapse1970\" data-parent=\"#sp-ea-197\" role=\"region\" aria-labelledby=\"ea-header-1970\"> <div class=\"ea-body\"><p>Die materialgest\u00fctzten Lernumgebungen beziehen sich auf verschiedene Leitideen des Bildungsplans f\u00fcr die Primarstufe\u00a0(Zahlen und Operationen, Raum und Form, Gr\u00f6\u00dfen und Messen, Daten, H\u00e4ufigkeit und\u00a0Wahrscheinlichkeit). Die Lernumgebungen sind besonders geeignet, das mathematische Interesse zu\u00a0wecken, da sie das forschende und entdeckende Lernen f\u00f6rdern. Den Studierenden steht f\u00fcr jede\u00a0Lernumgebung eine Materialbox zur Verf\u00fcgung.<\/p><\/div><\/div><\/div><\/div><\/div><\/div>\n\n\n<figure class=\"wp-block-image size-full\"><img loading=\"lazy\" decoding=\"async\" width=\"200\" height=\"141\" src=\"https:\/\/pridima.de\/wp-content\/uploads\/2022\/09\/bmbf.jpeg\" alt=\"\" class=\"wp-image-193\" title=\"bmbfLogo\"\/><\/figure>\n","protected":false},"excerpt":{"rendered":"<p>MatheStark &#8211;Ein Projekt im Rahmen des F\u00f6rderprogramms&#8222;Aufholen nach Corona f\u00fcr Kinder und Jugendliche&#8220; Das Projekt MatheStark kn\u00fcpft an das Konzept der\u00a0PriMa Lernwerkstatt\u00a0an. Es richtet sich an Kinder, die\u00a0w\u00e4hrend der Corona-Pandemie die Lust am Mathematiklernen weitgehend verloren haben und\u00a0einen deutlichen Leistungsabfall im Unterricht zeigen. Diesen sollen spezielle Angebote in Form materialgest\u00fctzter\u00a0Lernumgebungen gemacht werden.MatheStark ist ein vom &hellip; <\/p>\n<p class=\"link-more\"><a href=\"https:\/\/pridima.de\/index.php\/mathestark\/\" class=\"more-link\"><span class=\"screen-reader-text\">\u201eMatheStark\u201c<\/span> weiterlesen<\/a><\/p>\n","protected":false},"author":1,"featured_media":0,"parent":0,"menu_order":0,"comment_status":"closed","ping_status":"closed","template":"","meta":{"footnotes":""},"class_list":["post-184","page","type-page","status-publish","hentry"],"yoast_head":"<!-- This site is optimized with the Yoast SEO plugin v27.2 - https:\/\/yoast.com\/product\/yoast-seo-wordpress\/ -->\n<title>MatheStark - pridima<\/title>\n<meta name=\"robots\" content=\"index, follow, max-snippet:-1, max-image-preview:large, max-video-preview:-1\" \/>\n<link rel=\"canonical\" href=\"https:\/\/pridima.de\/index.php\/mathestark\/\" \/>\n<meta property=\"og:locale\" content=\"de_DE\" \/>\n<meta property=\"og:type\" content=\"article\" \/>\n<meta property=\"og:title\" content=\"MatheStark - pridima\" \/>\n<meta property=\"og:description\" content=\"MatheStark &#8211;Ein Projekt im Rahmen des F\u00f6rderprogramms&#8222;Aufholen nach Corona f\u00fcr Kinder und Jugendliche&#8220; Das Projekt MatheStark kn\u00fcpft an das Konzept der\u00a0PriMa Lernwerkstatt\u00a0an. Es richtet sich an Kinder, die\u00a0w\u00e4hrend der Corona-Pandemie die Lust am Mathematiklernen weitgehend verloren haben und\u00a0einen deutlichen Leistungsabfall im Unterricht zeigen. Diesen sollen spezielle Angebote in Form materialgest\u00fctzter\u00a0Lernumgebungen gemacht werden.MatheStark ist ein vom &hellip; \u201eMatheStark\u201c weiterlesen\" \/>\n<meta property=\"og:url\" content=\"https:\/\/pridima.de\/index.php\/mathestark\/\" \/>\n<meta property=\"og:site_name\" content=\"pridima\" \/>\n<meta property=\"article:modified_time\" content=\"2023-05-10T15:40:20+00:00\" \/>\n<meta property=\"og:image\" content=\"https:\/\/pridima.de\/wp-content\/uploads\/2022\/09\/MatheStark-1024x264.png\" \/>\n<meta name=\"twitter:card\" content=\"summary_large_image\" \/>\n<meta name=\"twitter:label1\" content=\"Gesch\u00e4tzte Lesezeit\" \/>\n\t<meta name=\"twitter:data1\" content=\"3\u00a0Minuten\" \/>\n<script type=\"application\/ld+json\" class=\"yoast-schema-graph\">{\"@context\":\"https:\/\/schema.org\",\"@graph\":[{\"@type\":\"WebPage\",\"@id\":\"https:\/\/pridima.de\/index.php\/mathestark\/\",\"url\":\"https:\/\/pridima.de\/index.php\/mathestark\/\",\"name\":\"MatheStark - pridima\",\"isPartOf\":{\"@id\":\"https:\/\/pridima.de\/#website\"},\"primaryImageOfPage\":{\"@id\":\"https:\/\/pridima.de\/index.php\/mathestark\/#primaryimage\"},\"image\":{\"@id\":\"https:\/\/pridima.de\/index.php\/mathestark\/#primaryimage\"},\"thumbnailUrl\":\"https:\/\/pridima.de\/wp-content\/uploads\/2022\/09\/MatheStark-1024x264.png\",\"datePublished\":\"2022-09-16T13:09:05+00:00\",\"dateModified\":\"2023-05-10T15:40:20+00:00\",\"breadcrumb\":{\"@id\":\"https:\/\/pridima.de\/index.php\/mathestark\/#breadcrumb\"},\"inLanguage\":\"de\",\"potentialAction\":[{\"@type\":\"ReadAction\",\"target\":[\"https:\/\/pridima.de\/index.php\/mathestark\/\"]}]},{\"@type\":\"ImageObject\",\"inLanguage\":\"de\",\"@id\":\"https:\/\/pridima.de\/index.php\/mathestark\/#primaryimage\",\"url\":\"https:\/\/pridima.de\/wp-content\/uploads\/2022\/09\/MatheStark.png\",\"contentUrl\":\"https:\/\/pridima.de\/wp-content\/uploads\/2022\/09\/MatheStark.png\",\"width\":3425,\"height\":882},{\"@type\":\"BreadcrumbList\",\"@id\":\"https:\/\/pridima.de\/index.php\/mathestark\/#breadcrumb\",\"itemListElement\":[{\"@type\":\"ListItem\",\"position\":1,\"name\":\"Home\",\"item\":\"https:\/\/pridima.de\/\"},{\"@type\":\"ListItem\",\"position\":2,\"name\":\"MatheStark\"}]},{\"@type\":\"WebSite\",\"@id\":\"https:\/\/pridima.de\/#website\",\"url\":\"https:\/\/pridima.de\/\",\"name\":\"pridima\",\"description\":\"Primarstufe Didaktik der Mathematik  Uni Landau\",\"publisher\":{\"@id\":\"https:\/\/pridima.de\/#organization\"},\"potentialAction\":[{\"@type\":\"SearchAction\",\"target\":{\"@type\":\"EntryPoint\",\"urlTemplate\":\"https:\/\/pridima.de\/?s={search_term_string}\"},\"query-input\":{\"@type\":\"PropertyValueSpecification\",\"valueRequired\":true,\"valueName\":\"search_term_string\"}}],\"inLanguage\":\"de\"},{\"@type\":\"Organization\",\"@id\":\"https:\/\/pridima.de\/#organization\",\"name\":\"PriMa Lernwerkstatt\",\"url\":\"https:\/\/pridima.de\/\",\"logo\":{\"@type\":\"ImageObject\",\"inLanguage\":\"de\",\"@id\":\"https:\/\/pridima.de\/#\/schema\/logo\/image\/\",\"url\":\"https:\/\/pridima.de\/wp-content\/uploads\/2022\/08\/PriMaLernwerstatt_CMYK.png\",\"contentUrl\":\"https:\/\/pridima.de\/wp-content\/uploads\/2022\/08\/PriMaLernwerstatt_CMYK.png\",\"width\":1452,\"height\":919,\"caption\":\"PriMa Lernwerkstatt\"},\"image\":{\"@id\":\"https:\/\/pridima.de\/#\/schema\/logo\/image\/\"}}]}<\/script>\n<!-- \/ Yoast SEO plugin. -->","yoast_head_json":{"title":"MatheStark - pridima","robots":{"index":"index","follow":"follow","max-snippet":"max-snippet:-1","max-image-preview":"max-image-preview:large","max-video-preview":"max-video-preview:-1"},"canonical":"https:\/\/pridima.de\/index.php\/mathestark\/","og_locale":"de_DE","og_type":"article","og_title":"MatheStark - pridima","og_description":"MatheStark &#8211;Ein Projekt im Rahmen des F\u00f6rderprogramms&#8222;Aufholen nach Corona f\u00fcr Kinder und Jugendliche&#8220; Das Projekt MatheStark kn\u00fcpft an das Konzept der\u00a0PriMa Lernwerkstatt\u00a0an. Es richtet sich an Kinder, die\u00a0w\u00e4hrend der Corona-Pandemie die Lust am Mathematiklernen weitgehend verloren haben und\u00a0einen deutlichen Leistungsabfall im Unterricht zeigen. Diesen sollen spezielle Angebote in Form materialgest\u00fctzter\u00a0Lernumgebungen gemacht werden.MatheStark ist ein vom &hellip; \u201eMatheStark\u201c weiterlesen","og_url":"https:\/\/pridima.de\/index.php\/mathestark\/","og_site_name":"pridima","article_modified_time":"2023-05-10T15:40:20+00:00","og_image":[{"url":"https:\/\/pridima.de\/wp-content\/uploads\/2022\/09\/MatheStark-1024x264.png","type":"","width":"","height":""}],"twitter_card":"summary_large_image","twitter_misc":{"Gesch\u00e4tzte Lesezeit":"3\u00a0Minuten"},"schema":{"@context":"https:\/\/schema.org","@graph":[{"@type":"WebPage","@id":"https:\/\/pridima.de\/index.php\/mathestark\/","url":"https:\/\/pridima.de\/index.php\/mathestark\/","name":"MatheStark - pridima","isPartOf":{"@id":"https:\/\/pridima.de\/#website"},"primaryImageOfPage":{"@id":"https:\/\/pridima.de\/index.php\/mathestark\/#primaryimage"},"image":{"@id":"https:\/\/pridima.de\/index.php\/mathestark\/#primaryimage"},"thumbnailUrl":"https:\/\/pridima.de\/wp-content\/uploads\/2022\/09\/MatheStark-1024x264.png","datePublished":"2022-09-16T13:09:05+00:00","dateModified":"2023-05-10T15:40:20+00:00","breadcrumb":{"@id":"https:\/\/pridima.de\/index.php\/mathestark\/#breadcrumb"},"inLanguage":"de","potentialAction":[{"@type":"ReadAction","target":["https:\/\/pridima.de\/index.php\/mathestark\/"]}]},{"@type":"ImageObject","inLanguage":"de","@id":"https:\/\/pridima.de\/index.php\/mathestark\/#primaryimage","url":"https:\/\/pridima.de\/wp-content\/uploads\/2022\/09\/MatheStark.png","contentUrl":"https:\/\/pridima.de\/wp-content\/uploads\/2022\/09\/MatheStark.png","width":3425,"height":882},{"@type":"BreadcrumbList","@id":"https:\/\/pridima.de\/index.php\/mathestark\/#breadcrumb","itemListElement":[{"@type":"ListItem","position":1,"name":"Home","item":"https:\/\/pridima.de\/"},{"@type":"ListItem","position":2,"name":"MatheStark"}]},{"@type":"WebSite","@id":"https:\/\/pridima.de\/#website","url":"https:\/\/pridima.de\/","name":"pridima","description":"Primarstufe Didaktik der Mathematik  Uni Landau","publisher":{"@id":"https:\/\/pridima.de\/#organization"},"potentialAction":[{"@type":"SearchAction","target":{"@type":"EntryPoint","urlTemplate":"https:\/\/pridima.de\/?s={search_term_string}"},"query-input":{"@type":"PropertyValueSpecification","valueRequired":true,"valueName":"search_term_string"}}],"inLanguage":"de"},{"@type":"Organization","@id":"https:\/\/pridima.de\/#organization","name":"PriMa Lernwerkstatt","url":"https:\/\/pridima.de\/","logo":{"@type":"ImageObject","inLanguage":"de","@id":"https:\/\/pridima.de\/#\/schema\/logo\/image\/","url":"https:\/\/pridima.de\/wp-content\/uploads\/2022\/08\/PriMaLernwerstatt_CMYK.png","contentUrl":"https:\/\/pridima.de\/wp-content\/uploads\/2022\/08\/PriMaLernwerstatt_CMYK.png","width":1452,"height":919,"caption":"PriMa Lernwerkstatt"},"image":{"@id":"https:\/\/pridima.de\/#\/schema\/logo\/image\/"}}]}},"_links":{"self":[{"href":"https:\/\/pridima.de\/index.php\/wp-json\/wp\/v2\/pages\/184","targetHints":{"allow":["GET"]}}],"collection":[{"href":"https:\/\/pridima.de\/index.php\/wp-json\/wp\/v2\/pages"}],"about":[{"href":"https:\/\/pridima.de\/index.php\/wp-json\/wp\/v2\/types\/page"}],"author":[{"embeddable":true,"href":"https:\/\/pridima.de\/index.php\/wp-json\/wp\/v2\/users\/1"}],"replies":[{"embeddable":true,"href":"https:\/\/pridima.de\/index.php\/wp-json\/wp\/v2\/comments?post=184"}],"version-history":[{"count":25,"href":"https:\/\/pridima.de\/index.php\/wp-json\/wp\/v2\/pages\/184\/revisions"}],"predecessor-version":[{"id":564,"href":"https:\/\/pridima.de\/index.php\/wp-json\/wp\/v2\/pages\/184\/revisions\/564"}],"wp:attachment":[{"href":"https:\/\/pridima.de\/index.php\/wp-json\/wp\/v2\/media?parent=184"}],"curies":[{"name":"wp","href":"https:\/\/api.w.org\/{rel}","templated":true}]}}