{"id":152,"date":"2022-09-16T10:47:21","date_gmt":"2022-09-16T08:47:21","guid":{"rendered":"https:\/\/pridima.de\/?page_id=152"},"modified":"2026-02-12T10:21:30","modified_gmt":"2026-02-12T09:21:30","slug":"ferienkurse","status":"publish","type":"page","link":"https:\/\/pridima.de\/index.php\/ferienkurse\/","title":{"rendered":"Ferienkurse"},"content":{"rendered":"\n<p><\/p>\n\n\n\n<p style=\"font-size:19px\">Herzlich Willkommen bei den Ferienkursen der&nbsp;<strong>PriMa Lernwerkstatt.&nbsp;<\/strong>Wir wollen zusammen mit dir Mathematik treiben, das hei\u00dft wir forschen, entdecken und diskutieren. Hast du Lust mitzumachen? Dann klick dich rein.<\/p>\n\n\n\n<p style=\"font-size:20px\">Wir freuen uns auf Dich!<\/p>\n\n\n\n<h2 class=\"wp-block-heading\" style=\"font-size:24px\"><strong>Fr\u00fchlingskurse 2026<\/strong><\/h2>\n\n\n\n<p style=\"font-size:18px\">Anmeldung \u00fcber folgenden <a href=\"https:\/\/rptu.de\/zentral\/kinder-uni\">Link<\/a>.<\/p>\n\n\n\n<figure class=\"wp-block-table\"><table><tbody><tr><td>12.03.2026<\/td><td>16.00-18.00 Uhr<\/td><td><a href=\"https:\/\/pridima.de\/index.php\/lueckenlos\/\">L\u00fcckenlos<\/a><\/td><\/tr><\/tbody><\/table><\/figure>\n\n\n\n<h1 class=\"wp-block-heading\"><strong>Ferienkurse 2026<\/strong><\/h1>\n\n\n\n<p>Die Anmeldung zu den Ferienkursen erfolgt \u00fcber folgende Mailadresse: <a href=\"mailto:prima-lernwerksatt@rptu.de\" target=\"_blank\" rel=\"noreferrer noopener\">prima-lernwerkstatt@rptu.de<\/a>.<\/p>\n\n\n\n<figure class=\"wp-block-table\"><table><tbody><tr><td>09.04.2026<\/td><td>10.00-12.00 Uhr<\/td><td><a href=\"https:\/\/pridima.de\/index.php\/soma-wuerfel\/https:\/\/pridima.de\/index.php\/expedition-knobelspass\/\">Knobelspa\u00df<\/a><\/td><\/tr><tr><td>09.04.2026<\/td><td>14.00-16.00 Uhr<\/td><td><a href=\"https:\/\/pridima.de\/index.php\/datendetektive\/\">Daten-Detektive<\/a><\/td><\/tr><\/tbody><\/table><\/figure>\n\n\n\n<h2 class=\"wp-block-heading\" style=\"font-size:22px\"><strong>Unser gesamtes Ferienkursangebot im \u00dcberblick<\/strong> <\/h2>\n\n\n\n<p style=\"font-size:20px\">f\u00fcr Kinder im Alter von 8 bis 12 Jahren: <a href=\"https:\/\/pridima.de\/index.php\/kursangebot\/\">Hier klicken<\/a><\/p>\n\n\n\n\n\n<p><\/p>\n","protected":false},"excerpt":{"rendered":"<p>Herzlich Willkommen bei den Ferienkursen der&nbsp;PriMa Lernwerkstatt.&nbsp;Wir wollen zusammen mit dir Mathematik treiben, das hei\u00dft wir forschen, entdecken und diskutieren. Hast du Lust mitzumachen? Dann klick dich rein. Wir freuen uns auf Dich! Fr\u00fchlingskurse 2026 Anmeldung \u00fcber folgenden Link. 12.03.2026 16.00-18.00 Uhr L\u00fcckenlos Ferienkurse 2026 Die Anmeldung zu den Ferienkursen erfolgt \u00fcber folgende Mailadresse: prima-lernwerkstatt@rptu.de. &hellip; <\/p>\n<p class=\"link-more\"><a href=\"https:\/\/pridima.de\/index.php\/ferienkurse\/\" class=\"more-link\"><span class=\"screen-reader-text\">\u201eFerienkurse\u201c<\/span> weiterlesen<\/a><\/p>\n","protected":false},"author":1,"featured_media":0,"parent":0,"menu_order":0,"comment_status":"closed","ping_status":"closed","template":"","meta":{"footnotes":""},"class_list":["post-152","page","type-page","status-publish","hentry"],"yoast_head":"<!-- This site is optimized with the Yoast SEO plugin v27.2 - https:\/\/yoast.com\/product\/yoast-seo-wordpress\/ -->\n<title>Ferienkurse - pridima<\/title>\n<meta name=\"description\" content=\"Das aktuelle Angebot der Ferienkurse in der PriMa Lernwerkstatt. Die Anmeldung erfolgt per Mail oder \u00fcber den Ferienpass z.B. durch Eltern.\" \/>\n<meta name=\"robots\" content=\"index, follow, max-snippet:-1, max-image-preview:large, max-video-preview:-1\" \/>\n<link rel=\"canonical\" href=\"https:\/\/pridima.de\/index.php\/ferienkurse\/\" \/>\n<meta property=\"og:locale\" content=\"de_DE\" \/>\n<meta property=\"og:type\" content=\"article\" \/>\n<meta property=\"og:title\" content=\"Ferienkurse - pridima\" \/>\n<meta property=\"og:description\" content=\"Das aktuelle Angebot der Ferienkurse in der PriMa Lernwerkstatt. Die Anmeldung erfolgt per Mail oder \u00fcber den Ferienpass z.B. durch Eltern.\" \/>\n<meta property=\"og:url\" content=\"https:\/\/pridima.de\/index.php\/ferienkurse\/\" \/>\n<meta property=\"og:site_name\" content=\"pridima\" \/>\n<meta property=\"article:modified_time\" content=\"2026-02-12T09:21:30+00:00\" \/>\n<meta name=\"twitter:card\" content=\"summary_large_image\" \/>\n<meta name=\"twitter:label1\" content=\"Gesch\u00e4tzte Lesezeit\" \/>\n\t<meta name=\"twitter:data1\" content=\"1\u00a0Minute\" \/>\n<script type=\"application\/ld+json\" class=\"yoast-schema-graph\">{\"@context\":\"https:\/\/schema.org\",\"@graph\":[{\"@type\":\"WebPage\",\"@id\":\"https:\/\/pridima.de\/index.php\/ferienkurse\/\",\"url\":\"https:\/\/pridima.de\/index.php\/ferienkurse\/\",\"name\":\"Ferienkurse - pridima\",\"isPartOf\":{\"@id\":\"https:\/\/pridima.de\/#website\"},\"datePublished\":\"2022-09-16T08:47:21+00:00\",\"dateModified\":\"2026-02-12T09:21:30+00:00\",\"description\":\"Das aktuelle Angebot der Ferienkurse in der PriMa Lernwerkstatt. Die Anmeldung erfolgt per Mail oder \u00fcber den Ferienpass z.B. durch Eltern.\",\"breadcrumb\":{\"@id\":\"https:\/\/pridima.de\/index.php\/ferienkurse\/#breadcrumb\"},\"inLanguage\":\"de\",\"potentialAction\":[{\"@type\":\"ReadAction\",\"target\":[\"https:\/\/pridima.de\/index.php\/ferienkurse\/\"]}]},{\"@type\":\"BreadcrumbList\",\"@id\":\"https:\/\/pridima.de\/index.php\/ferienkurse\/#breadcrumb\",\"itemListElement\":[{\"@type\":\"ListItem\",\"position\":1,\"name\":\"Home\",\"item\":\"https:\/\/pridima.de\/\"},{\"@type\":\"ListItem\",\"position\":2,\"name\":\"Ferienkurse\"}]},{\"@type\":\"WebSite\",\"@id\":\"https:\/\/pridima.de\/#website\",\"url\":\"https:\/\/pridima.de\/\",\"name\":\"pridima\",\"description\":\"Primarstufe Didaktik der Mathematik  Uni Landau\",\"publisher\":{\"@id\":\"https:\/\/pridima.de\/#organization\"},\"potentialAction\":[{\"@type\":\"SearchAction\",\"target\":{\"@type\":\"EntryPoint\",\"urlTemplate\":\"https:\/\/pridima.de\/?s={search_term_string}\"},\"query-input\":{\"@type\":\"PropertyValueSpecification\",\"valueRequired\":true,\"valueName\":\"search_term_string\"}}],\"inLanguage\":\"de\"},{\"@type\":\"Organization\",\"@id\":\"https:\/\/pridima.de\/#organization\",\"name\":\"PriMa Lernwerkstatt\",\"url\":\"https:\/\/pridima.de\/\",\"logo\":{\"@type\":\"ImageObject\",\"inLanguage\":\"de\",\"@id\":\"https:\/\/pridima.de\/#\/schema\/logo\/image\/\",\"url\":\"https:\/\/pridima.de\/wp-content\/uploads\/2022\/08\/PriMaLernwerstatt_CMYK.png\",\"contentUrl\":\"https:\/\/pridima.de\/wp-content\/uploads\/2022\/08\/PriMaLernwerstatt_CMYK.png\",\"width\":1452,\"height\":919,\"caption\":\"PriMa Lernwerkstatt\"},\"image\":{\"@id\":\"https:\/\/pridima.de\/#\/schema\/logo\/image\/\"}}]}<\/script>\n<!-- \/ Yoast SEO plugin. -->","yoast_head_json":{"title":"Ferienkurse - pridima","description":"Das aktuelle Angebot der Ferienkurse in der PriMa Lernwerkstatt. Die Anmeldung erfolgt per Mail oder \u00fcber den Ferienpass z.B. durch Eltern.","robots":{"index":"index","follow":"follow","max-snippet":"max-snippet:-1","max-image-preview":"max-image-preview:large","max-video-preview":"max-video-preview:-1"},"canonical":"https:\/\/pridima.de\/index.php\/ferienkurse\/","og_locale":"de_DE","og_type":"article","og_title":"Ferienkurse - pridima","og_description":"Das aktuelle Angebot der Ferienkurse in der PriMa Lernwerkstatt. Die Anmeldung erfolgt per Mail oder \u00fcber den Ferienpass z.B. durch Eltern.","og_url":"https:\/\/pridima.de\/index.php\/ferienkurse\/","og_site_name":"pridima","article_modified_time":"2026-02-12T09:21:30+00:00","twitter_card":"summary_large_image","twitter_misc":{"Gesch\u00e4tzte Lesezeit":"1\u00a0Minute"},"schema":{"@context":"https:\/\/schema.org","@graph":[{"@type":"WebPage","@id":"https:\/\/pridima.de\/index.php\/ferienkurse\/","url":"https:\/\/pridima.de\/index.php\/ferienkurse\/","name":"Ferienkurse - pridima","isPartOf":{"@id":"https:\/\/pridima.de\/#website"},"datePublished":"2022-09-16T08:47:21+00:00","dateModified":"2026-02-12T09:21:30+00:00","description":"Das aktuelle Angebot der Ferienkurse in der PriMa Lernwerkstatt. Die Anmeldung erfolgt per Mail oder \u00fcber den Ferienpass z.B. durch Eltern.","breadcrumb":{"@id":"https:\/\/pridima.de\/index.php\/ferienkurse\/#breadcrumb"},"inLanguage":"de","potentialAction":[{"@type":"ReadAction","target":["https:\/\/pridima.de\/index.php\/ferienkurse\/"]}]},{"@type":"BreadcrumbList","@id":"https:\/\/pridima.de\/index.php\/ferienkurse\/#breadcrumb","itemListElement":[{"@type":"ListItem","position":1,"name":"Home","item":"https:\/\/pridima.de\/"},{"@type":"ListItem","position":2,"name":"Ferienkurse"}]},{"@type":"WebSite","@id":"https:\/\/pridima.de\/#website","url":"https:\/\/pridima.de\/","name":"pridima","description":"Primarstufe Didaktik der Mathematik  Uni Landau","publisher":{"@id":"https:\/\/pridima.de\/#organization"},"potentialAction":[{"@type":"SearchAction","target":{"@type":"EntryPoint","urlTemplate":"https:\/\/pridima.de\/?s={search_term_string}"},"query-input":{"@type":"PropertyValueSpecification","valueRequired":true,"valueName":"search_term_string"}}],"inLanguage":"de"},{"@type":"Organization","@id":"https:\/\/pridima.de\/#organization","name":"PriMa Lernwerkstatt","url":"https:\/\/pridima.de\/","logo":{"@type":"ImageObject","inLanguage":"de","@id":"https:\/\/pridima.de\/#\/schema\/logo\/image\/","url":"https:\/\/pridima.de\/wp-content\/uploads\/2022\/08\/PriMaLernwerstatt_CMYK.png","contentUrl":"https:\/\/pridima.de\/wp-content\/uploads\/2022\/08\/PriMaLernwerstatt_CMYK.png","width":1452,"height":919,"caption":"PriMa Lernwerkstatt"},"image":{"@id":"https:\/\/pridima.de\/#\/schema\/logo\/image\/"}}]}},"_links":{"self":[{"href":"https:\/\/pridima.de\/index.php\/wp-json\/wp\/v2\/pages\/152","targetHints":{"allow":["GET"]}}],"collection":[{"href":"https:\/\/pridima.de\/index.php\/wp-json\/wp\/v2\/pages"}],"about":[{"href":"https:\/\/pridima.de\/index.php\/wp-json\/wp\/v2\/types\/page"}],"author":[{"embeddable":true,"href":"https:\/\/pridima.de\/index.php\/wp-json\/wp\/v2\/users\/1"}],"replies":[{"embeddable":true,"href":"https:\/\/pridima.de\/index.php\/wp-json\/wp\/v2\/comments?post=152"}],"version-history":[{"count":81,"href":"https:\/\/pridima.de\/index.php\/wp-json\/wp\/v2\/pages\/152\/revisions"}],"predecessor-version":[{"id":1595,"href":"https:\/\/pridima.de\/index.php\/wp-json\/wp\/v2\/pages\/152\/revisions\/1595"}],"wp:attachment":[{"href":"https:\/\/pridima.de\/index.php\/wp-json\/wp\/v2\/media?parent=152"}],"curies":[{"name":"wp","href":"https:\/\/api.w.org\/{rel}","templated":true}]}}