{"id":134,"date":"2022-09-15T17:08:43","date_gmt":"2022-09-15T15:08:43","guid":{"rendered":"https:\/\/pridima.de\/?page_id=134"},"modified":"2025-04-10T23:50:53","modified_gmt":"2025-04-10T21:50:53","slug":"kindergartengruppen","status":"publish","type":"page","link":"https:\/\/pridima.de\/index.php\/kindergartengruppen\/","title":{"rendered":"Unser Angebot f\u00fcr Kindergartengruppen"},"content":{"rendered":"\n<h1 class=\"wp-block-heading\"><strong>Mathematik entdecken in der PriMa Lernwerkstatt<\/strong><\/h1>\n\n\n\n<p style=\"font-size:18px\">Nutzen Sie unser Angebot und besuchen Sie uns an einem Vormittag mit Ihren zuk\u00fcnftigen Schulanf\u00e4ngern.  Die Kinder k\u00f6nnen ca.  90 Minuten spannende Lernaufgaben in unserer Lernwerkstatt erkunden.<\/p>\n\n\n\n<p style=\"font-size:24px\"><strong>Unsere Lernumgebungen<\/strong><\/p>\n\n\n<div ><style>#sp-ea-136 .spcollapsing { height: 0; overflow: hidden; transition-property: height;transition-duration: 300ms;}#sp-ea-136.sp-easy-accordion>.sp-ea-single {margin-bottom: 10px; border: 1px solid #96c577; }#sp-ea-136.sp-easy-accordion>.sp-ea-single>.ea-header a {color: #ffffff;}#sp-ea-136.sp-easy-accordion>.sp-ea-single>.sp-collapse>.ea-body {background: #fff; color: #444;}#sp-ea-136.sp-easy-accordion>.sp-ea-single {background: #96c577;}#sp-ea-136.sp-easy-accordion>.sp-ea-single>.ea-header a .ea-expand-icon { float: left; color: #444;font-size: 16px;}<\/style><div id=\"sp_easy_accordion-1777573224\"><div id=\"sp-ea-136\" class=\"sp-ea-one sp-easy-accordion\" data-ea-active=\"ea-click\" data-ea-mode=\"vertical\" data-preloader=\"\" data-scroll-active-item=\"\" data-offset-to-scroll=\"0\"><div class=\"ea-card sp-ea-single\"><h3 class=\"ea-header\"><a class=\"collapsed\" id=\"ea-header-1360\" role=\"button\" data-sptoggle=\"spcollapse\" data-sptarget=\"#collapse1360\" aria-controls=\"collapse1360\" href=\"#\" aria-expanded=\"false\" tabindex=\"0\"><i aria-hidden=\"true\" role=\"presentation\" class=\"ea-expand-icon eap-icon-ea-expand-plus\"><\/i> Zahlen-Treff(en) \u2013 Spielerische Begegnungen mit Zahlen im Zahlenraum bis 20 (Ordinalzahl)<\/a><\/h3><div class=\"sp-collapse spcollapse spcollapse\" id=\"collapse1360\" data-parent=\"#sp-ea-136\" role=\"region\" aria-labelledby=\"ea-header-1360\"> <div class=\"ea-body\"><p>Auf dem Zahlenweg erlaufen sich die Kinder die Folge der nat\u00fcrlichen Zahlen vorw\u00e4rts und r\u00fcckw\u00e4rts, ermitteln bei Spielen wie R\u00e4uber und Goldschatz oder F\u00fcnfer raus Vorg\u00e4nger und Nachfolger, und bringen am Computer die Zahlen in die richtige Reihenfolge. Spielerisch wird das ordinale Zahlverst\u00e4ndnis gef\u00f6rdert und wichtige Grundlagen f\u00fcr das Rechnenlernen gelegt.<\/p><\/div><\/div><\/div><div class=\"ea-card sp-ea-single\"><h3 class=\"ea-header\"><a class=\"collapsed\" id=\"ea-header-1361\" role=\"button\" data-sptoggle=\"spcollapse\" data-sptarget=\"#collapse1361\" aria-controls=\"collapse1361\" href=\"#\" aria-expanded=\"false\" tabindex=\"0\"><i aria-hidden=\"true\" role=\"presentation\" class=\"ea-expand-icon eap-icon-ea-expand-plus\"><\/i> Mehr ist mehr \u2013 Mengen und Anzahlen spielerisch entdecken (Kardinalzahl)<\/a><\/h3><div class=\"sp-collapse spcollapse spcollapse\" id=\"collapse1361\" data-parent=\"#sp-ea-136\" role=\"region\" aria-labelledby=\"ea-header-1361\"> <div class=\"ea-body\"><p>Lernen Sie mit Ihrer Klasse Spiele wie Stechen oder Pasch kennen und erleben Sie, wie die Kinder auf diese Weise mit viel Freude Mengen vergleichen, auf einen Blick erfassen und Anzahlen bestimmen. Auf diese Weise kann das kardinale Zahlverst\u00e4ndnis entwickelt werden, einem wichtigen Meilenstein auf dem Weg zum Rechnenlernen.<\/p><\/div><\/div><\/div><div class=\"ea-card sp-ea-single\"><h3 class=\"ea-header\"><a class=\"collapsed\" id=\"ea-header-1362\" role=\"button\" data-sptoggle=\"spcollapse\" data-sptarget=\"#collapse1362\" aria-controls=\"collapse1362\" href=\"#\" aria-expanded=\"false\" tabindex=\"0\"><i aria-hidden=\"true\" role=\"presentation\" class=\"ea-expand-icon eap-icon-ea-expand-plus\"><\/i> Zahlenfreunde \u2013 Zahlbeziehungen erkennen und Zahlzerlegungen finden (Teil-Ganzes-Verst\u00e4ndnis)<\/a><\/h3><div class=\"sp-collapse spcollapse spcollapse\" id=\"collapse1362\" data-parent=\"#sp-ea-136\" role=\"region\" aria-labelledby=\"ea-header-1362\"> <div class=\"ea-body\"><p>Das Zerlegen von Zahlen und die Nutzung von Zahlbeziehungen sind wichtige Voraussetzungen f\u00fcr das geschickte und flexible Rechnen. Spiele wie Klipp-Klapp, Hamstern oder Siebenfresser und der Einsatz der Sch\u00fcttelschachtel unterst\u00fctzen die Erkenntnis der Kinder, dass eine Zahl nicht nur eine bestimmte Menge repr\u00e4sentiert, sondern diese wiederum aus Teilmengen zusammengesetzt ist.<\/p><\/div><\/div><\/div><\/div><\/div><\/div>\n\n\n<p>F\u00fcr weitere Infos kontaktieren Sie uns per Email unter <a href=\"mailto:prima-lernwerkstatt@rptu.de\">prima-lernwerkstatt@rptu.de<\/a><\/p>\n\n\n\n<p><\/p>\n\n\n\n<p><\/p>\n","protected":false},"excerpt":{"rendered":"<p>Mathematik entdecken in der PriMa Lernwerkstatt Nutzen Sie unser Angebot und besuchen Sie uns an einem Vormittag mit Ihren zuk\u00fcnftigen Schulanf\u00e4ngern. Die Kinder k\u00f6nnen ca. 90 Minuten spannende Lernaufgaben in unserer Lernwerkstatt erkunden. Unsere Lernumgebungen F\u00fcr weitere Infos kontaktieren Sie uns per Email unter prima-lernwerkstatt@rptu.de<\/p>\n","protected":false},"author":1,"featured_media":0,"parent":0,"menu_order":0,"comment_status":"closed","ping_status":"closed","template":"","meta":{"footnotes":""},"class_list":["post-134","page","type-page","status-publish","hentry"],"yoast_head":"<!-- This site is optimized with the Yoast SEO plugin v27.5 - https:\/\/yoast.com\/product\/yoast-seo-wordpress\/ -->\n<title>Unser Angebot f\u00fcr Kindergartengruppen - pridima<\/title>\n<meta name=\"description\" content=\"Auf dieser Seite wird das Angebot der PriMa Lernwerkstatt f\u00fcr Kindergartengruppen f\u00fcr Erzieherinnen und Erzieher vorgestellt.\" \/>\n<meta name=\"robots\" content=\"index, follow, max-snippet:-1, max-image-preview:large, max-video-preview:-1\" \/>\n<link rel=\"canonical\" href=\"https:\/\/pridima.de\/index.php\/kindergartengruppen\/\" \/>\n<meta property=\"og:locale\" content=\"de_DE\" \/>\n<meta property=\"og:type\" content=\"article\" \/>\n<meta property=\"og:title\" content=\"Unser Angebot f\u00fcr Kindergartengruppen - pridima\" \/>\n<meta property=\"og:description\" content=\"Auf dieser Seite wird das Angebot der PriMa Lernwerkstatt f\u00fcr Kindergartengruppen f\u00fcr Erzieherinnen und Erzieher vorgestellt.\" \/>\n<meta property=\"og:url\" content=\"https:\/\/pridima.de\/index.php\/kindergartengruppen\/\" \/>\n<meta property=\"og:site_name\" content=\"pridima\" \/>\n<meta property=\"article:modified_time\" content=\"2025-04-10T21:50:53+00:00\" \/>\n<meta name=\"twitter:card\" content=\"summary_large_image\" \/>\n<meta name=\"twitter:label1\" content=\"Gesch\u00e4tzte Lesezeit\" \/>\n\t<meta name=\"twitter:data1\" content=\"1\u00a0Minute\" \/>\n<script type=\"application\/ld+json\" class=\"yoast-schema-graph\">{\"@context\":\"https:\\\/\\\/schema.org\",\"@graph\":[{\"@type\":\"WebPage\",\"@id\":\"https:\\\/\\\/pridima.de\\\/index.php\\\/kindergartengruppen\\\/\",\"url\":\"https:\\\/\\\/pridima.de\\\/index.php\\\/kindergartengruppen\\\/\",\"name\":\"Unser Angebot f\u00fcr Kindergartengruppen - pridima\",\"isPartOf\":{\"@id\":\"https:\\\/\\\/pridima.de\\\/#website\"},\"datePublished\":\"2022-09-15T15:08:43+00:00\",\"dateModified\":\"2025-04-10T21:50:53+00:00\",\"description\":\"Auf dieser Seite wird das Angebot der PriMa Lernwerkstatt f\u00fcr Kindergartengruppen f\u00fcr Erzieherinnen und Erzieher vorgestellt.\",\"breadcrumb\":{\"@id\":\"https:\\\/\\\/pridima.de\\\/index.php\\\/kindergartengruppen\\\/#breadcrumb\"},\"inLanguage\":\"de\",\"potentialAction\":[{\"@type\":\"ReadAction\",\"target\":[\"https:\\\/\\\/pridima.de\\\/index.php\\\/kindergartengruppen\\\/\"]}]},{\"@type\":\"BreadcrumbList\",\"@id\":\"https:\\\/\\\/pridima.de\\\/index.php\\\/kindergartengruppen\\\/#breadcrumb\",\"itemListElement\":[{\"@type\":\"ListItem\",\"position\":1,\"name\":\"Home\",\"item\":\"https:\\\/\\\/pridima.de\\\/\"},{\"@type\":\"ListItem\",\"position\":2,\"name\":\"Unser Angebot f\u00fcr Kindergartengruppen\"}]},{\"@type\":\"WebSite\",\"@id\":\"https:\\\/\\\/pridima.de\\\/#website\",\"url\":\"https:\\\/\\\/pridima.de\\\/\",\"name\":\"pridima\",\"description\":\"Primarstufe Didaktik der Mathematik  Uni Landau\",\"publisher\":{\"@id\":\"https:\\\/\\\/pridima.de\\\/#organization\"},\"potentialAction\":[{\"@type\":\"SearchAction\",\"target\":{\"@type\":\"EntryPoint\",\"urlTemplate\":\"https:\\\/\\\/pridima.de\\\/?s={search_term_string}\"},\"query-input\":{\"@type\":\"PropertyValueSpecification\",\"valueRequired\":true,\"valueName\":\"search_term_string\"}}],\"inLanguage\":\"de\"},{\"@type\":\"Organization\",\"@id\":\"https:\\\/\\\/pridima.de\\\/#organization\",\"name\":\"PriMa Lernwerkstatt\",\"url\":\"https:\\\/\\\/pridima.de\\\/\",\"logo\":{\"@type\":\"ImageObject\",\"inLanguage\":\"de\",\"@id\":\"https:\\\/\\\/pridima.de\\\/#\\\/schema\\\/logo\\\/image\\\/\",\"url\":\"https:\\\/\\\/pridima.de\\\/wp-content\\\/uploads\\\/2022\\\/08\\\/PriMaLernwerstatt_CMYK.png\",\"contentUrl\":\"https:\\\/\\\/pridima.de\\\/wp-content\\\/uploads\\\/2022\\\/08\\\/PriMaLernwerstatt_CMYK.png\",\"width\":1452,\"height\":919,\"caption\":\"PriMa Lernwerkstatt\"},\"image\":{\"@id\":\"https:\\\/\\\/pridima.de\\\/#\\\/schema\\\/logo\\\/image\\\/\"}}]}<\/script>\n<!-- \/ Yoast SEO plugin. -->","yoast_head_json":{"title":"Unser Angebot f\u00fcr Kindergartengruppen - pridima","description":"Auf dieser Seite wird das Angebot der PriMa Lernwerkstatt f\u00fcr Kindergartengruppen f\u00fcr Erzieherinnen und Erzieher vorgestellt.","robots":{"index":"index","follow":"follow","max-snippet":"max-snippet:-1","max-image-preview":"max-image-preview:large","max-video-preview":"max-video-preview:-1"},"canonical":"https:\/\/pridima.de\/index.php\/kindergartengruppen\/","og_locale":"de_DE","og_type":"article","og_title":"Unser Angebot f\u00fcr Kindergartengruppen - pridima","og_description":"Auf dieser Seite wird das Angebot der PriMa Lernwerkstatt f\u00fcr Kindergartengruppen f\u00fcr Erzieherinnen und Erzieher vorgestellt.","og_url":"https:\/\/pridima.de\/index.php\/kindergartengruppen\/","og_site_name":"pridima","article_modified_time":"2025-04-10T21:50:53+00:00","twitter_card":"summary_large_image","twitter_misc":{"Gesch\u00e4tzte Lesezeit":"1\u00a0Minute"},"schema":{"@context":"https:\/\/schema.org","@graph":[{"@type":"WebPage","@id":"https:\/\/pridima.de\/index.php\/kindergartengruppen\/","url":"https:\/\/pridima.de\/index.php\/kindergartengruppen\/","name":"Unser Angebot f\u00fcr Kindergartengruppen - pridima","isPartOf":{"@id":"https:\/\/pridima.de\/#website"},"datePublished":"2022-09-15T15:08:43+00:00","dateModified":"2025-04-10T21:50:53+00:00","description":"Auf dieser Seite wird das Angebot der PriMa Lernwerkstatt f\u00fcr Kindergartengruppen f\u00fcr Erzieherinnen und Erzieher vorgestellt.","breadcrumb":{"@id":"https:\/\/pridima.de\/index.php\/kindergartengruppen\/#breadcrumb"},"inLanguage":"de","potentialAction":[{"@type":"ReadAction","target":["https:\/\/pridima.de\/index.php\/kindergartengruppen\/"]}]},{"@type":"BreadcrumbList","@id":"https:\/\/pridima.de\/index.php\/kindergartengruppen\/#breadcrumb","itemListElement":[{"@type":"ListItem","position":1,"name":"Home","item":"https:\/\/pridima.de\/"},{"@type":"ListItem","position":2,"name":"Unser Angebot f\u00fcr Kindergartengruppen"}]},{"@type":"WebSite","@id":"https:\/\/pridima.de\/#website","url":"https:\/\/pridima.de\/","name":"pridima","description":"Primarstufe Didaktik der Mathematik  Uni Landau","publisher":{"@id":"https:\/\/pridima.de\/#organization"},"potentialAction":[{"@type":"SearchAction","target":{"@type":"EntryPoint","urlTemplate":"https:\/\/pridima.de\/?s={search_term_string}"},"query-input":{"@type":"PropertyValueSpecification","valueRequired":true,"valueName":"search_term_string"}}],"inLanguage":"de"},{"@type":"Organization","@id":"https:\/\/pridima.de\/#organization","name":"PriMa Lernwerkstatt","url":"https:\/\/pridima.de\/","logo":{"@type":"ImageObject","inLanguage":"de","@id":"https:\/\/pridima.de\/#\/schema\/logo\/image\/","url":"https:\/\/pridima.de\/wp-content\/uploads\/2022\/08\/PriMaLernwerstatt_CMYK.png","contentUrl":"https:\/\/pridima.de\/wp-content\/uploads\/2022\/08\/PriMaLernwerstatt_CMYK.png","width":1452,"height":919,"caption":"PriMa Lernwerkstatt"},"image":{"@id":"https:\/\/pridima.de\/#\/schema\/logo\/image\/"}}]}},"_links":{"self":[{"href":"https:\/\/pridima.de\/index.php\/wp-json\/wp\/v2\/pages\/134","targetHints":{"allow":["GET"]}}],"collection":[{"href":"https:\/\/pridima.de\/index.php\/wp-json\/wp\/v2\/pages"}],"about":[{"href":"https:\/\/pridima.de\/index.php\/wp-json\/wp\/v2\/types\/page"}],"author":[{"embeddable":true,"href":"https:\/\/pridima.de\/index.php\/wp-json\/wp\/v2\/users\/1"}],"replies":[{"embeddable":true,"href":"https:\/\/pridima.de\/index.php\/wp-json\/wp\/v2\/comments?post=134"}],"version-history":[{"count":10,"href":"https:\/\/pridima.de\/index.php\/wp-json\/wp\/v2\/pages\/134\/revisions"}],"predecessor-version":[{"id":1467,"href":"https:\/\/pridima.de\/index.php\/wp-json\/wp\/v2\/pages\/134\/revisions\/1467"}],"wp:attachment":[{"href":"https:\/\/pridima.de\/index.php\/wp-json\/wp\/v2\/media?parent=134"}],"curies":[{"name":"wp","href":"https:\/\/api.w.org\/{rel}","templated":true}]}}