{"id":1177,"date":"2024-12-13T15:01:17","date_gmt":"2024-12-13T14:01:17","guid":{"rendered":"https:\/\/pridima.de\/?page_id=1177"},"modified":"2024-12-16T11:52:11","modified_gmt":"2024-12-16T10:52:11","slug":"mathaptiv-materialien","status":"publish","type":"page","link":"https:\/\/pridima.de\/index.php\/mathaptiv-materialien\/","title":{"rendered":"MathAptiv &#8211; Materialien"},"content":{"rendered":"\n<div class=\"wp-block-columns is-layout-flex wp-container-core-columns-is-layout-9d6595d7 wp-block-columns-is-layout-flex\">\n<div class=\"wp-block-column is-layout-flow wp-block-column-is-layout-flow\"><div class=\"wp-block-image\">\n<figure class=\"alignleft size-full is-resized\"><img loading=\"lazy\" decoding=\"async\" width=\"1628\" height=\"588\" src=\"https:\/\/pridima.de\/wp-content\/uploads\/2024\/07\/MathAptiv_mittel.png\" alt=\"\" class=\"wp-image-1009\" style=\"width:300px\" srcset=\"https:\/\/pridima.de\/wp-content\/uploads\/2024\/07\/MathAptiv_mittel.png 1628w, https:\/\/pridima.de\/wp-content\/uploads\/2024\/07\/MathAptiv_mittel-300x108.png 300w, https:\/\/pridima.de\/wp-content\/uploads\/2024\/07\/MathAptiv_mittel-1024x370.png 1024w, https:\/\/pridima.de\/wp-content\/uploads\/2024\/07\/MathAptiv_mittel-768x277.png 768w, https:\/\/pridima.de\/wp-content\/uploads\/2024\/07\/MathAptiv_mittel-1536x555.png 1536w\" sizes=\"auto, (max-width: 767px) 89vw, (max-width: 1000px) 54vw, (max-width: 1071px) 543px, 580px\" \/><\/figure>\n<\/div><\/div>\n\n\n\n<div class=\"wp-block-column is-layout-flow wp-block-column-is-layout-flow\"><div class=\"wp-block-image\">\n<figure class=\"alignright size-full\"><img loading=\"lazy\" decoding=\"async\" width=\"600\" height=\"56\" src=\"https:\/\/pridima.de\/wp-content\/uploads\/2024\/11\/Logo-Trias.png\" alt=\"Logos der RPTU, der PH FHNW und der PH Tirol\" class=\"wp-image-1137\" srcset=\"https:\/\/pridima.de\/wp-content\/uploads\/2024\/11\/Logo-Trias.png 600w, https:\/\/pridima.de\/wp-content\/uploads\/2024\/11\/Logo-Trias-300x28.png 300w\" sizes=\"auto, (max-width: 600px) 100vw, 600px\" \/><\/figure>\n<\/div><\/div>\n<\/div>\n\n\n\n<div class=\"wp-block-buttons is-content-justification-left is-layout-flex wp-container-core-buttons-is-layout-fdcfc74e wp-block-buttons-is-layout-flex\">\n<div class=\"wp-block-button\"><a class=\"wp-block-button__link wp-element-button\" href=\"https:\/\/pridima.de\/index.php\/mathaptiv\">Home<\/a><\/div>\n\n\n\n<div class=\"wp-block-button\"><a class=\"wp-block-button__link wp-element-button\" href=\"https:\/\/pridima.de\/index.php\/mathaptiv-projekt\">Projekt<\/a><\/div>\n\n\n\n<div class=\"wp-block-button\"><a class=\"wp-block-button__link has-background wp-element-button\" href=\"https:\/\/pridima.de\/index.php\/mathaptiv-materialien\" style=\"background-color:#507289\">Materialien<\/a><\/div>\n\n\n\n<div class=\"wp-block-button is-style-fill\"><a class=\"wp-block-button__link wp-element-button\" href=\"https:\/\/pridima.de\/index.php\/mathaptiv-uber-uns\" style=\"border-radius:100px\">\u00dcber uns<\/a><\/div>\n<\/div>\n\n\n\n<div style=\"height:50px\" aria-hidden=\"true\" class=\"wp-block-spacer\"><\/div>\n\n\n\n<div class=\"wp-block-columns is-layout-flex wp-container-core-columns-is-layout-9d6595d7 wp-block-columns-is-layout-flex\">\n<div class=\"wp-block-column is-layout-flow wp-block-column-is-layout-flow\" style=\"flex-basis:66.66%\">\n<p>Auf dieser Seite wird nach Abschluss der Forschungsphase das entwickelte Unterst\u00fctzungsangebot als Open Educational Ressource (OER) zur Verf\u00fcgung gestellt. Dieses wird aus den folgenden Elementen bestehen:<\/p>\n\n\n\n<p>1. Digitale Lernstandsanalyse: Ein Tool zur kontinuierlichen Diagnose des Lernstands. Dieses erleichtert die genaue Anpassung der Unterrichtsinhalte an die Lernausgangslagen der Sch\u00fcler:innen.<\/p>\n\n\n\n<p>2. Vielf\u00e4ltige Materialien und Lernangebote: Auf verschiedene Lernst\u00e4nde zugeschnittene Materialien, die Lehrpersonen darin unterst\u00fctzten, flexibel auf die Lernbed\u00fcrfnisse der Kinder einzugehen.<\/p>\n\n\n\n<p>3. Situationsgerechte Unterst\u00fctzung: Konkrete Beobachtungshilfen, die der Situationswahrnehmung dienen und eine Impulssammlung f\u00fcr kognitiv aktivierende Lernunterst\u00fctzung sollen die Umsetzung adaptiven Unterrichts unterst\u00fctzen.<\/p>\n\n\n\n<p>Dar\u00fcber hinaus sind spezifische Schulungen und Fortbildungen geplant, um Lehrpersonen darin zu unterst\u00fctzen, das adaptive Lernangebote im Unterricht einzusetzen.<\/p>\n<\/div>\n\n\n\n<div class=\"wp-block-column is-layout-flow wp-block-column-is-layout-flow\" style=\"flex-basis:33.33%\">\n<p class=\"has-text-align-center\"><img loading=\"lazy\" decoding=\"async\" width=\"150\" height=\"138\" class=\"wp-image-1267\" style=\"width: 150px;\" src=\"https:\/\/pridima.de\/wp-content\/uploads\/2024\/12\/MathAptiv-Erklaerung.png\" alt=\"\"><\/p>\n\n\n\n<p class=\"has-background\" style=\"background-color:#77b6ba\"><br><strong>Open Educational Ressource<\/strong><br>bedeutet, dass alle Materialien kostenlos und einfach zug\u00e4nglich sein werden, sodass sie jederzeit in den Unterricht integriert werden k\u00f6nnen.<\/p>\n<\/div>\n<\/div>\n\n\n\n<figure class=\"wp-block-gallery has-nested-images columns-6 is-cropped wp-block-gallery-1 is-layout-flex wp-block-gallery-is-layout-flex\">\n<figure class=\"wp-block-image size-large\"><img loading=\"lazy\" decoding=\"async\" width=\"1024\" height=\"683\" data-id=\"1333\" src=\"https:\/\/pridima.de\/wp-content\/uploads\/2024\/12\/MathAptiv-PE002-1024x683.jpg\" alt=\"Kinder arbeiten mit Muggelsteinen an mathematischen Basiskompetenzen.\" class=\"wp-image-1333\" srcset=\"https:\/\/pridima.de\/wp-content\/uploads\/2024\/12\/MathAptiv-PE002-1024x683.jpg 1024w, https:\/\/pridima.de\/wp-content\/uploads\/2024\/12\/MathAptiv-PE002-300x200.jpg 300w, https:\/\/pridima.de\/wp-content\/uploads\/2024\/12\/MathAptiv-PE002-768x512.jpg 768w\" sizes=\"auto, (max-width: 767px) 89vw, (max-width: 1000px) 54vw, (max-width: 1071px) 543px, 580px\" \/><\/figure>\n\n\n\n<figure class=\"wp-block-image size-large\"><img loading=\"lazy\" decoding=\"async\" width=\"1024\" height=\"683\" data-id=\"1274\" src=\"https:\/\/pridima.de\/wp-content\/uploads\/2024\/12\/MathAptiv-LS003-1024x683.jpg\" alt=\"Mathematisches Lernspiel auf einem Tisch ausgebreitet.\" class=\"wp-image-1274\" srcset=\"https:\/\/pridima.de\/wp-content\/uploads\/2024\/12\/MathAptiv-LS003-1024x683.jpg 1024w, https:\/\/pridima.de\/wp-content\/uploads\/2024\/12\/MathAptiv-LS003-300x200.jpg 300w, https:\/\/pridima.de\/wp-content\/uploads\/2024\/12\/MathAptiv-LS003-768x512.jpg 768w, https:\/\/pridima.de\/wp-content\/uploads\/2024\/12\/MathAptiv-LS003-1536x1024.jpg 1536w, https:\/\/pridima.de\/wp-content\/uploads\/2024\/12\/MathAptiv-LS003-2048x1366.jpg 2048w\" sizes=\"auto, (max-width: 767px) 89vw, (max-width: 1000px) 54vw, (max-width: 1071px) 543px, 580px\" \/><\/figure>\n\n\n\n<figure class=\"wp-block-image size-large\"><img loading=\"lazy\" decoding=\"async\" width=\"1024\" height=\"683\" data-id=\"1273\" src=\"https:\/\/pridima.de\/wp-content\/uploads\/2024\/12\/MathAptiv-LS002-1024x683.jpg\" alt=\"Zahlenkarten auf einem Tisch.\" class=\"wp-image-1273\" srcset=\"https:\/\/pridima.de\/wp-content\/uploads\/2024\/12\/MathAptiv-LS002-1024x683.jpg 1024w, https:\/\/pridima.de\/wp-content\/uploads\/2024\/12\/MathAptiv-LS002-300x200.jpg 300w, https:\/\/pridima.de\/wp-content\/uploads\/2024\/12\/MathAptiv-LS002-768x512.jpg 768w, https:\/\/pridima.de\/wp-content\/uploads\/2024\/12\/MathAptiv-LS002-1536x1024.jpg 1536w, https:\/\/pridima.de\/wp-content\/uploads\/2024\/12\/MathAptiv-LS002-2048x1366.jpg 2048w\" sizes=\"auto, (max-width: 767px) 89vw, (max-width: 1000px) 54vw, (max-width: 1071px) 543px, 580px\" \/><\/figure>\n\n\n\n<figure class=\"wp-block-image size-large\"><img loading=\"lazy\" decoding=\"async\" width=\"1024\" height=\"683\" data-id=\"1334\" src=\"https:\/\/pridima.de\/wp-content\/uploads\/2024\/12\/MathAptiv-PE003-1024x683.jpg\" alt=\"Personen legen Muster mit Konstruktionsmaterialien.\" class=\"wp-image-1334\" srcset=\"https:\/\/pridima.de\/wp-content\/uploads\/2024\/12\/MathAptiv-PE003-1024x683.jpg 1024w, https:\/\/pridima.de\/wp-content\/uploads\/2024\/12\/MathAptiv-PE003-300x200.jpg 300w, https:\/\/pridima.de\/wp-content\/uploads\/2024\/12\/MathAptiv-PE003-768x512.jpg 768w\" sizes=\"auto, (max-width: 767px) 89vw, (max-width: 1000px) 54vw, (max-width: 1071px) 543px, 580px\" \/><\/figure>\n\n\n\n<figure class=\"wp-block-image size-large\"><img loading=\"lazy\" decoding=\"async\" width=\"1024\" height=\"683\" data-id=\"1272\" src=\"https:\/\/pridima.de\/wp-content\/uploads\/2024\/12\/MathAptiv-LS001-1024x683.jpg\" alt=\"W\u00fcrfelbilder und Zahlenkarten liegen zugeordnet auf einem Tisch.\" class=\"wp-image-1272\" srcset=\"https:\/\/pridima.de\/wp-content\/uploads\/2024\/12\/MathAptiv-LS001-1024x683.jpg 1024w, https:\/\/pridima.de\/wp-content\/uploads\/2024\/12\/MathAptiv-LS001-300x200.jpg 300w, https:\/\/pridima.de\/wp-content\/uploads\/2024\/12\/MathAptiv-LS001-768x512.jpg 768w, https:\/\/pridima.de\/wp-content\/uploads\/2024\/12\/MathAptiv-LS001-1536x1024.jpg 1536w, https:\/\/pridima.de\/wp-content\/uploads\/2024\/12\/MathAptiv-LS001-2048x1366.jpg 2048w\" sizes=\"auto, (max-width: 767px) 89vw, (max-width: 1000px) 54vw, (max-width: 1071px) 543px, 580px\" \/><\/figure>\n\n\n\n<figure class=\"wp-block-image size-large\"><img loading=\"lazy\" decoding=\"async\" width=\"1024\" height=\"683\" data-id=\"1271\" src=\"https:\/\/pridima.de\/wp-content\/uploads\/2024\/12\/MathAptiv-KM001-1024x683.jpg\" alt=\"Dreidimensionale Muster mit W\u00fcrfeln.\" class=\"wp-image-1271\" srcset=\"https:\/\/pridima.de\/wp-content\/uploads\/2024\/12\/MathAptiv-KM001-1024x683.jpg 1024w, https:\/\/pridima.de\/wp-content\/uploads\/2024\/12\/MathAptiv-KM001-300x200.jpg 300w, https:\/\/pridima.de\/wp-content\/uploads\/2024\/12\/MathAptiv-KM001-768x512.jpg 768w, https:\/\/pridima.de\/wp-content\/uploads\/2024\/12\/MathAptiv-KM001-1536x1024.jpg 1536w, https:\/\/pridima.de\/wp-content\/uploads\/2024\/12\/MathAptiv-KM001-2048x1366.jpg 2048w\" sizes=\"auto, (max-width: 767px) 89vw, (max-width: 1000px) 54vw, (max-width: 1071px) 543px, 580px\" \/><\/figure>\n<\/figure>\n\n\n\n<figure class=\"wp-block-table\"><table class=\"has-fixed-layout\"><tbody><tr><td>MathAptiv wird gef\u00f6rdert durch<\/td><td class=\"has-text-align-center\" data-align=\"center\"><\/td><\/tr><tr><td><img loading=\"lazy\" decoding=\"async\" width=\"300\" height=\"56\" class=\"wp-image-1166\" style=\"width: 300px;\" src=\"https:\/\/pridima.de\/wp-content\/uploads\/2024\/11\/Logo-Duo.png\" alt=\"Logos der Klaus Tschira Stiftung und der Ernst G\u00f6hner Stiftung\"><\/td><td class=\"has-text-align-center\" data-align=\"center\"><a href=\"https:\/\/pridima.de\/index.php\/mathaptiv-impressum\">Impressum<\/a><\/td><\/tr><\/tbody><\/table><\/figure>\n\n\n\n<style> .custom-header {display:none;} .entry-header {display:none;} .widget-area {display:none;} .main-navigation {display:none;}<\/style>\n","protected":false},"excerpt":{"rendered":"<p>Auf dieser Seite wird nach Abschluss der Forschungsphase das entwickelte Unterst\u00fctzungsangebot als Open Educational Ressource (OER) zur Verf\u00fcgung gestellt. Dieses wird aus den folgenden Elementen bestehen: 1. Digitale Lernstandsanalyse: Ein Tool zur kontinuierlichen Diagnose des Lernstands. Dieses erleichtert die genaue Anpassung der Unterrichtsinhalte an die Lernausgangslagen der Sch\u00fcler:innen. 2. Vielf\u00e4ltige Materialien und Lernangebote: Auf verschiedene &hellip; <\/p>\n<p class=\"link-more\"><a href=\"https:\/\/pridima.de\/index.php\/mathaptiv-materialien\/\" class=\"more-link\"><span class=\"screen-reader-text\">\u201eMathAptiv &#8211; Materialien\u201c<\/span> weiterlesen<\/a><\/p>\n","protected":false},"author":7,"featured_media":0,"parent":0,"menu_order":0,"comment_status":"closed","ping_status":"closed","template":"","meta":{"footnotes":""},"class_list":["post-1177","page","type-page","status-publish","hentry"],"yoast_head":"<!-- This site is optimized with the Yoast SEO plugin v27.2 - https:\/\/yoast.com\/product\/yoast-seo-wordpress\/ -->\n<title>MathAptiv - Materialien - pridima<\/title>\n<meta name=\"description\" content=\"Auf dieser Seite wird das entwickelte Unterst\u00fctzungsangebot als Open Educational Ressource (OER) zur Verf\u00fcgung gestellt. Dieses wird aus den folgenden Elementen bestehen: 1. App zur digitalen Lernstandsanalyse, 2. Vielf\u00e4ltige Materialien und Lernangebote: Auf verschiedene Lernst\u00e4nde zugeschnittene Materialien, die Lehrpersonen darin unterst\u00fctzten, flexibel auf die Lernbed\u00fcrfnisse der Kinder einzugehen, 3. Situationsgerechte Unterst\u00fctzung: Konkrete Beobachtungshilfen, die der Situationswahrnehmung dienen und eine Impulssammlung f\u00fcr kognitiv aktivierende Lernunterst\u00fctzung sollen die Umsetzung adaptiven Unterrichts unterst\u00fctzen.\" \/>\n<meta name=\"robots\" content=\"index, follow, max-snippet:-1, max-image-preview:large, max-video-preview:-1\" \/>\n<link rel=\"canonical\" href=\"https:\/\/pridima.de\/index.php\/mathaptiv-materialien\/\" \/>\n<meta property=\"og:locale\" content=\"de_DE\" \/>\n<meta property=\"og:type\" content=\"article\" \/>\n<meta property=\"og:title\" content=\"MathAptiv: Unterst\u00fctzungsangebot f\u00fcr adaptiven Mathematikunterricht\" \/>\n<meta property=\"og:description\" content=\"Auf dieser Seite wird das entwickelte Unterst\u00fctzungsangebot als Open Educational Ressource (OER) zur Verf\u00fcgung gestellt. Dieses wird aus den folgenden Elementen bestehen: 1. App zur digitalen Lernstandsanalyse, 2. Vielf\u00e4ltige Materialien und Lernangebote: Auf verschiedene Lernst\u00e4nde zugeschnittene Materialien, die Lehrpersonen darin unterst\u00fctzten, flexibel auf die Lernbed\u00fcrfnisse der Kinder einzugehen, 3. Situationsgerechte Unterst\u00fctzung: Konkrete Beobachtungshilfen, die der Situationswahrnehmung dienen und eine Impulssammlung f\u00fcr kognitiv aktivierende Lernunterst\u00fctzung sollen die Umsetzung adaptiven Unterrichts unterst\u00fctzen.\" \/>\n<meta property=\"og:url\" content=\"https:\/\/pridima.de\/index.php\/mathaptiv-materialien\/\" \/>\n<meta property=\"og:site_name\" content=\"pridima\" \/>\n<meta property=\"article:modified_time\" content=\"2024-12-16T10:52:11+00:00\" \/>\n<meta property=\"og:image\" content=\"https:\/\/pridima.de\/wp-content\/uploads\/2024\/07\/MathAptiv_mittel-1024x370.png\" \/>\n\t<meta property=\"og:image:width\" content=\"1024\" \/>\n\t<meta property=\"og:image:height\" content=\"370\" \/>\n\t<meta property=\"og:image:type\" content=\"image\/png\" \/>\n<meta name=\"twitter:card\" content=\"summary_large_image\" \/>\n<meta name=\"twitter:label1\" content=\"Gesch\u00e4tzte Lesezeit\" \/>\n\t<meta name=\"twitter:data1\" content=\"3\u00a0Minuten\" \/>\n<script type=\"application\/ld+json\" class=\"yoast-schema-graph\">{\"@context\":\"https:\/\/schema.org\",\"@graph\":[{\"@type\":\"WebPage\",\"@id\":\"https:\/\/pridima.de\/index.php\/mathaptiv-materialien\/\",\"url\":\"https:\/\/pridima.de\/index.php\/mathaptiv-materialien\/\",\"name\":\"MathAptiv - Materialien - pridima\",\"isPartOf\":{\"@id\":\"https:\/\/pridima.de\/#website\"},\"primaryImageOfPage\":{\"@id\":\"https:\/\/pridima.de\/index.php\/mathaptiv-materialien\/#primaryimage\"},\"image\":{\"@id\":\"https:\/\/pridima.de\/index.php\/mathaptiv-materialien\/#primaryimage\"},\"thumbnailUrl\":\"https:\/\/pridima.de\/wp-content\/uploads\/2024\/07\/MathAptiv_mittel.png\",\"datePublished\":\"2024-12-13T14:01:17+00:00\",\"dateModified\":\"2024-12-16T10:52:11+00:00\",\"description\":\"Auf dieser Seite wird das entwickelte Unterst\u00fctzungsangebot als Open Educational Ressource (OER) zur Verf\u00fcgung gestellt. Dieses wird aus den folgenden Elementen bestehen: 1. App zur digitalen Lernstandsanalyse, 2. Vielf\u00e4ltige Materialien und Lernangebote: Auf verschiedene Lernst\u00e4nde zugeschnittene Materialien, die Lehrpersonen darin unterst\u00fctzten, flexibel auf die Lernbed\u00fcrfnisse der Kinder einzugehen, 3. Situationsgerechte Unterst\u00fctzung: Konkrete Beobachtungshilfen, die der Situationswahrnehmung dienen und eine Impulssammlung f\u00fcr kognitiv aktivierende Lernunterst\u00fctzung sollen die Umsetzung adaptiven Unterrichts unterst\u00fctzen.\",\"breadcrumb\":{\"@id\":\"https:\/\/pridima.de\/index.php\/mathaptiv-materialien\/#breadcrumb\"},\"inLanguage\":\"de\",\"potentialAction\":[{\"@type\":\"ReadAction\",\"target\":[\"https:\/\/pridima.de\/index.php\/mathaptiv-materialien\/\"]}]},{\"@type\":\"ImageObject\",\"inLanguage\":\"de\",\"@id\":\"https:\/\/pridima.de\/index.php\/mathaptiv-materialien\/#primaryimage\",\"url\":\"https:\/\/pridima.de\/wp-content\/uploads\/2024\/07\/MathAptiv_mittel.png\",\"contentUrl\":\"https:\/\/pridima.de\/wp-content\/uploads\/2024\/07\/MathAptiv_mittel.png\",\"width\":1628,\"height\":588,\"caption\":\"Logo des MathAptiv-Projekts\"},{\"@type\":\"BreadcrumbList\",\"@id\":\"https:\/\/pridima.de\/index.php\/mathaptiv-materialien\/#breadcrumb\",\"itemListElement\":[{\"@type\":\"ListItem\",\"position\":1,\"name\":\"Home\",\"item\":\"https:\/\/pridima.de\/\"},{\"@type\":\"ListItem\",\"position\":2,\"name\":\"MathAptiv &#8211; Materialien\"}]},{\"@type\":\"WebSite\",\"@id\":\"https:\/\/pridima.de\/#website\",\"url\":\"https:\/\/pridima.de\/\",\"name\":\"pridima\",\"description\":\"Primarstufe Didaktik der Mathematik  Uni Landau\",\"publisher\":{\"@id\":\"https:\/\/pridima.de\/#organization\"},\"potentialAction\":[{\"@type\":\"SearchAction\",\"target\":{\"@type\":\"EntryPoint\",\"urlTemplate\":\"https:\/\/pridima.de\/?s={search_term_string}\"},\"query-input\":{\"@type\":\"PropertyValueSpecification\",\"valueRequired\":true,\"valueName\":\"search_term_string\"}}],\"inLanguage\":\"de\"},{\"@type\":\"Organization\",\"@id\":\"https:\/\/pridima.de\/#organization\",\"name\":\"PriMa Lernwerkstatt\",\"url\":\"https:\/\/pridima.de\/\",\"logo\":{\"@type\":\"ImageObject\",\"inLanguage\":\"de\",\"@id\":\"https:\/\/pridima.de\/#\/schema\/logo\/image\/\",\"url\":\"https:\/\/pridima.de\/wp-content\/uploads\/2022\/08\/PriMaLernwerstatt_CMYK.png\",\"contentUrl\":\"https:\/\/pridima.de\/wp-content\/uploads\/2022\/08\/PriMaLernwerstatt_CMYK.png\",\"width\":1452,\"height\":919,\"caption\":\"PriMa Lernwerkstatt\"},\"image\":{\"@id\":\"https:\/\/pridima.de\/#\/schema\/logo\/image\/\"}}]}<\/script>\n<!-- \/ Yoast SEO plugin. -->","yoast_head_json":{"title":"MathAptiv - Materialien - pridima","description":"Auf dieser Seite wird das entwickelte Unterst\u00fctzungsangebot als Open Educational Ressource (OER) zur Verf\u00fcgung gestellt. Dieses wird aus den folgenden Elementen bestehen: 1. App zur digitalen Lernstandsanalyse, 2. Vielf\u00e4ltige Materialien und Lernangebote: Auf verschiedene Lernst\u00e4nde zugeschnittene Materialien, die Lehrpersonen darin unterst\u00fctzten, flexibel auf die Lernbed\u00fcrfnisse der Kinder einzugehen, 3. Situationsgerechte Unterst\u00fctzung: Konkrete Beobachtungshilfen, die der Situationswahrnehmung dienen und eine Impulssammlung f\u00fcr kognitiv aktivierende Lernunterst\u00fctzung sollen die Umsetzung adaptiven Unterrichts unterst\u00fctzen.","robots":{"index":"index","follow":"follow","max-snippet":"max-snippet:-1","max-image-preview":"max-image-preview:large","max-video-preview":"max-video-preview:-1"},"canonical":"https:\/\/pridima.de\/index.php\/mathaptiv-materialien\/","og_locale":"de_DE","og_type":"article","og_title":"MathAptiv: Unterst\u00fctzungsangebot f\u00fcr adaptiven Mathematikunterricht","og_description":"Auf dieser Seite wird das entwickelte Unterst\u00fctzungsangebot als Open Educational Ressource (OER) zur Verf\u00fcgung gestellt. Dieses wird aus den folgenden Elementen bestehen: 1. App zur digitalen Lernstandsanalyse, 2. Vielf\u00e4ltige Materialien und Lernangebote: Auf verschiedene Lernst\u00e4nde zugeschnittene Materialien, die Lehrpersonen darin unterst\u00fctzten, flexibel auf die Lernbed\u00fcrfnisse der Kinder einzugehen, 3. Situationsgerechte Unterst\u00fctzung: Konkrete Beobachtungshilfen, die der Situationswahrnehmung dienen und eine Impulssammlung f\u00fcr kognitiv aktivierende Lernunterst\u00fctzung sollen die Umsetzung adaptiven Unterrichts unterst\u00fctzen.","og_url":"https:\/\/pridima.de\/index.php\/mathaptiv-materialien\/","og_site_name":"pridima","article_modified_time":"2024-12-16T10:52:11+00:00","og_image":[{"width":1024,"height":370,"url":"https:\/\/pridima.de\/wp-content\/uploads\/2024\/07\/MathAptiv_mittel-1024x370.png","type":"image\/png"}],"twitter_card":"summary_large_image","twitter_misc":{"Gesch\u00e4tzte Lesezeit":"3\u00a0Minuten"},"schema":{"@context":"https:\/\/schema.org","@graph":[{"@type":"WebPage","@id":"https:\/\/pridima.de\/index.php\/mathaptiv-materialien\/","url":"https:\/\/pridima.de\/index.php\/mathaptiv-materialien\/","name":"MathAptiv - Materialien - pridima","isPartOf":{"@id":"https:\/\/pridima.de\/#website"},"primaryImageOfPage":{"@id":"https:\/\/pridima.de\/index.php\/mathaptiv-materialien\/#primaryimage"},"image":{"@id":"https:\/\/pridima.de\/index.php\/mathaptiv-materialien\/#primaryimage"},"thumbnailUrl":"https:\/\/pridima.de\/wp-content\/uploads\/2024\/07\/MathAptiv_mittel.png","datePublished":"2024-12-13T14:01:17+00:00","dateModified":"2024-12-16T10:52:11+00:00","description":"Auf dieser Seite wird das entwickelte Unterst\u00fctzungsangebot als Open Educational Ressource (OER) zur Verf\u00fcgung gestellt. Dieses wird aus den folgenden Elementen bestehen: 1. App zur digitalen Lernstandsanalyse, 2. Vielf\u00e4ltige Materialien und Lernangebote: Auf verschiedene Lernst\u00e4nde zugeschnittene Materialien, die Lehrpersonen darin unterst\u00fctzten, flexibel auf die Lernbed\u00fcrfnisse der Kinder einzugehen, 3. Situationsgerechte Unterst\u00fctzung: Konkrete Beobachtungshilfen, die der Situationswahrnehmung dienen und eine Impulssammlung f\u00fcr kognitiv aktivierende Lernunterst\u00fctzung sollen die Umsetzung adaptiven Unterrichts unterst\u00fctzen.","breadcrumb":{"@id":"https:\/\/pridima.de\/index.php\/mathaptiv-materialien\/#breadcrumb"},"inLanguage":"de","potentialAction":[{"@type":"ReadAction","target":["https:\/\/pridima.de\/index.php\/mathaptiv-materialien\/"]}]},{"@type":"ImageObject","inLanguage":"de","@id":"https:\/\/pridima.de\/index.php\/mathaptiv-materialien\/#primaryimage","url":"https:\/\/pridima.de\/wp-content\/uploads\/2024\/07\/MathAptiv_mittel.png","contentUrl":"https:\/\/pridima.de\/wp-content\/uploads\/2024\/07\/MathAptiv_mittel.png","width":1628,"height":588,"caption":"Logo des MathAptiv-Projekts"},{"@type":"BreadcrumbList","@id":"https:\/\/pridima.de\/index.php\/mathaptiv-materialien\/#breadcrumb","itemListElement":[{"@type":"ListItem","position":1,"name":"Home","item":"https:\/\/pridima.de\/"},{"@type":"ListItem","position":2,"name":"MathAptiv &#8211; Materialien"}]},{"@type":"WebSite","@id":"https:\/\/pridima.de\/#website","url":"https:\/\/pridima.de\/","name":"pridima","description":"Primarstufe Didaktik der Mathematik  Uni Landau","publisher":{"@id":"https:\/\/pridima.de\/#organization"},"potentialAction":[{"@type":"SearchAction","target":{"@type":"EntryPoint","urlTemplate":"https:\/\/pridima.de\/?s={search_term_string}"},"query-input":{"@type":"PropertyValueSpecification","valueRequired":true,"valueName":"search_term_string"}}],"inLanguage":"de"},{"@type":"Organization","@id":"https:\/\/pridima.de\/#organization","name":"PriMa Lernwerkstatt","url":"https:\/\/pridima.de\/","logo":{"@type":"ImageObject","inLanguage":"de","@id":"https:\/\/pridima.de\/#\/schema\/logo\/image\/","url":"https:\/\/pridima.de\/wp-content\/uploads\/2022\/08\/PriMaLernwerstatt_CMYK.png","contentUrl":"https:\/\/pridima.de\/wp-content\/uploads\/2022\/08\/PriMaLernwerstatt_CMYK.png","width":1452,"height":919,"caption":"PriMa Lernwerkstatt"},"image":{"@id":"https:\/\/pridima.de\/#\/schema\/logo\/image\/"}}]}},"_links":{"self":[{"href":"https:\/\/pridima.de\/index.php\/wp-json\/wp\/v2\/pages\/1177","targetHints":{"allow":["GET"]}}],"collection":[{"href":"https:\/\/pridima.de\/index.php\/wp-json\/wp\/v2\/pages"}],"about":[{"href":"https:\/\/pridima.de\/index.php\/wp-json\/wp\/v2\/types\/page"}],"author":[{"embeddable":true,"href":"https:\/\/pridima.de\/index.php\/wp-json\/wp\/v2\/users\/7"}],"replies":[{"embeddable":true,"href":"https:\/\/pridima.de\/index.php\/wp-json\/wp\/v2\/comments?post=1177"}],"version-history":[{"count":15,"href":"https:\/\/pridima.de\/index.php\/wp-json\/wp\/v2\/pages\/1177\/revisions"}],"predecessor-version":[{"id":1345,"href":"https:\/\/pridima.de\/index.php\/wp-json\/wp\/v2\/pages\/1177\/revisions\/1345"}],"wp:attachment":[{"href":"https:\/\/pridima.de\/index.php\/wp-json\/wp\/v2\/media?parent=1177"}],"curies":[{"name":"wp","href":"https:\/\/api.w.org\/{rel}","templated":true}]}}