{"id":11,"date":"2022-07-19T15:45:47","date_gmt":"2022-07-19T15:45:47","guid":{"rendered":"https:\/\/pridima.de\/?page_id=11"},"modified":"2026-02-12T10:22:33","modified_gmt":"2026-02-12T09:22:33","slug":"lernwerkstatt","status":"publish","type":"page","link":"https:\/\/pridima.de\/","title":{"rendered":"PriMa Lernwerkstatt"},"content":{"rendered":"\n<figure class=\"wp-block-gallery has-nested-images columns-2 titleimg wp-block-gallery-1 is-layout-flex wp-block-gallery-is-layout-flex\">\n<figure class=\"wp-block-image size-large\"><img loading=\"lazy\" decoding=\"async\" width=\"1024\" height=\"648\" data-id=\"344\" src=\"https:\/\/pridima.de\/wp-content\/uploads\/2022\/09\/PriMaLernwerstatt_RGB-1024x648.jpg\" alt=\"\" class=\"wp-image-344\" srcset=\"https:\/\/pridima.de\/wp-content\/uploads\/2022\/09\/PriMaLernwerstatt_RGB-1024x648.jpg 1024w, https:\/\/pridima.de\/wp-content\/uploads\/2022\/09\/PriMaLernwerstatt_RGB-300x190.jpg 300w, https:\/\/pridima.de\/wp-content\/uploads\/2022\/09\/PriMaLernwerstatt_RGB-768x486.jpg 768w, https:\/\/pridima.de\/wp-content\/uploads\/2022\/09\/PriMaLernwerstatt_RGB.jpg 1452w\" sizes=\"auto, (max-width: 767px) 89vw, (max-width: 1000px) 54vw, (max-width: 1071px) 543px, 580px\" \/><\/figure>\n\n\n\n<figure class=\"wp-block-image size-medium\"><img loading=\"lazy\" decoding=\"async\" width=\"284\" height=\"300\" data-id=\"629\" src=\"https:\/\/pridima.de\/wp-content\/uploads\/2023\/06\/IMG_8716_anonym_small-768x1024-1-1-284x300.jpg\" alt=\"\" class=\"wp-image-629\" srcset=\"https:\/\/pridima.de\/wp-content\/uploads\/2023\/06\/IMG_8716_anonym_small-768x1024-1-1-284x300.jpg 284w, https:\/\/pridima.de\/wp-content\/uploads\/2023\/06\/IMG_8716_anonym_small-768x1024-1-1.jpg 768w\" sizes=\"auto, (max-width: 284px) 100vw, 284px\" \/><\/figure>\n<\/figure>\n\n\n\n<hr class=\"wp-block-separator has-alpha-channel-opacity is-style-wide\"\/>\n\n\n\n<h2 class=\"wp-block-heading\"><strong>Fr\u00fchlingskurse 2026<\/strong><\/h2>\n\n\n\n<p>Die Pl\u00e4tze f\u00fcr unsere Veranstaltungen sind begrenzt und werden nach der Reihenfolge des Eingangs der Anmeldungen vergeben. Anmeldung \u00fcber folgenden <a href=\"https:\/\/rptu.de\/zentral\/kinder-uni\">Link<\/a>.<\/p>\n\n\n\n<figure class=\"wp-block-table\"><table><tbody><tr><td>12.03.2026<\/td><td>16.00-18.00 Uhr<\/td><td><a href=\"https:\/\/pridima.de\/index.php\/lueckenlos\/\">L\u00fcckenlos<\/a><\/td><\/tr><\/tbody><\/table><\/figure>\n\n\n\n<h2 class=\"wp-block-heading\"><strong>Ferienkurse 2026<\/strong><\/h2>\n\n\n\n<p>Die Pl\u00e4tze f\u00fcr unsere Veranstaltungen sind begrenzt und werden nach der Reihenfolge des Eingangs der Anmeldungen vergeben. Die Anmeldung zu den Ferienkursen erfolgt \u00fcber folgende Mailadresse: <a href=\"mailto:prima-lernwerksatt@rptu.de\" target=\"_blank\" rel=\"noreferrer noopener\">prima-lernwerkstatt@rptu.de<\/a>.<\/p>\n\n\n\n<figure class=\"wp-block-table\"><table><tbody><tr><td>09.04.2026<\/td><td>10.00-12.00 Uhr<\/td><td><a href=\"https:\/\/pridima.de\/index.php\/soma-wuerfel\/https:\/\/pridima.de\/index.php\/expedition-knobelspass\/\">Knobelspa\u00df<\/a><\/td><\/tr><tr><td>09.04.2026<\/td><td>14.00-16.00 Uhr<\/td><td><a href=\"https:\/\/pridima.de\/index.php\/datendetektive\/\">Daten-Detektive<\/a><\/td><\/tr><\/tbody><\/table><\/figure>\n\n\n\n<h2 class=\"wp-block-heading\"><strong>PriMA-Pass<\/strong><\/h2>\n\n\n\n<p>Ab dem 01.01.2026 gibt es den neuen PriMA-Pass f\u00fcr euch. Weitere Infos findet ihr <strong><a href=\"https:\/\/pridima.de\/index.php\/prima-pass\/\">hier.<\/a><\/strong><\/p>\n\n\n\n<figure class=\"wp-block-image size-large is-resized\"><img loading=\"lazy\" decoding=\"async\" width=\"756\" height=\"1024\" src=\"https:\/\/pridima.de\/wp-content\/uploads\/2026\/01\/Pirma-Pass-Seite-1-3-756x1024.jpg\" alt=\"\" class=\"wp-image-1562\" style=\"width:200px\" srcset=\"https:\/\/pridima.de\/wp-content\/uploads\/2026\/01\/Pirma-Pass-Seite-1-3-756x1024.jpg 756w, https:\/\/pridima.de\/wp-content\/uploads\/2026\/01\/Pirma-Pass-Seite-1-3-222x300.jpg 222w, https:\/\/pridima.de\/wp-content\/uploads\/2026\/01\/Pirma-Pass-Seite-1-3-768x1040.jpg 768w, https:\/\/pridima.de\/wp-content\/uploads\/2026\/01\/Pirma-Pass-Seite-1-3.jpg 793w\" sizes=\"auto, (max-width: 706px) 89vw, (max-width: 767px) 82vw, 740px\" \/><\/figure>\n\n\n\n<p class=\"has-black-color has-luminous-vivid-amber-background-color has-text-color has-background\"><strong>+++Newsletter+++Ferienkurse+++Newsletter+++<\/strong><br>Wenn Sie Informationen zu Veranstaltungen in der PriMa Lernwerkstatt m\u00f6chten, k\u00f6nnen Sie sich hier anmelden: <a href=\"https:\/\/pridima.de\/index.php\/newsletter\/\">Hier klicken<\/a><br><strong>+++Newsletter+++Ferienkurse+++Newsletter+++<\/strong><\/p>\n\n\n\n<hr class=\"wp-block-separator has-alpha-channel-opacity is-style-wide\"\/>\n\n\n\n<p id=\"UnsereAngebote\" style=\"font-size:30px\"><strong>Unser gesamtes Angebot<\/strong><\/p>\n\n\n\n<div class=\"wp-block-buttons is-layout-flex wp-block-buttons-is-layout-flex\">\n<div class=\"wp-block-button has-custom-width wp-block-button__width-25\"><a class=\"wp-block-button__link has-white-color has-text-color has-background wp-element-button\" href=\"https:\/\/pridima.de\/index.php\/studierende\/\" style=\"background-color:#96c577\" rel=\"\">Studierende<\/a><\/div>\n\n\n\n<div class=\"wp-block-button\"><a class=\"wp-block-button__link has-white-color has-text-color has-background wp-element-button\" href=\"https:\/\/pridima.de\/index.php\/schulklassen\/\" style=\"background-color:#96c577\">Schulklassen<\/a><\/div>\n\n\n\n<div class=\"wp-block-button\"><a class=\"wp-block-button__link has-white-color has-text-color has-background wp-element-button\" href=\"https:\/\/pridima.de\/index.php\/kindergartengruppen\/\" style=\"background-color:#96c577\"> Kindergartengruppen<\/a><\/div>\n\n\n\n<div class=\"wp-block-button\"><a class=\"wp-block-button__link has-white-color has-text-color has-background wp-element-button\" href=\"https:\/\/pridima.de\/index.php\/ferienkurse\/\" style=\"background-color:#96c577\">Ferienkurs-Angebot: Informationen f\u00fcr Eltern<\/a><\/div>\n<\/div>\n\n\n\n<hr class=\"wp-block-separator aligncenter has-alpha-channel-opacity is-style-wide\"\/>\n\n\n\n<div class=\"wp-block-buttons is-layout-flex wp-block-buttons-is-layout-flex\">\n<div class=\"wp-block-button\"><a class=\"wp-block-button__link has-background wp-element-button\" href=\"https:\/\/pridima.de\/index.php\/mathestark\/\" style=\"background-color:#96c577\">MatheStark &#8211; Aufholen nach Corona<\/a><\/div>\n\n\n\n<div class=\"wp-block-button\"><a class=\"wp-block-button__link has-background wp-element-button\" href=\"https:\/\/pridima.de\/index.php\/kinder-uni\/\" style=\"background-color:#96c577\">Kinder-Uni-Angebot: Informationen f\u00fcr Eltern<\/a><\/div>\n<\/div>\n\n\n\n<hr class=\"wp-block-separator aligncenter has-alpha-channel-opacity is-style-wide\"\/>\n\n\n\n<p style=\"font-size:30px\"><strong>&nbsp;Presseberichte<\/strong><\/p>\n\n\n\n<p><a href=\"https:\/\/themenwelten.rheinpfalz.de\/wir-sind-rptu-42730\/ludwigshafen\/ein-fundament-fuers-spaetere-leben-bauen-149745\" target=\"_blank\" rel=\"noreferrer noopener\">&#8222;Ein Fundament f\u00fcrs sp\u00e4tere Leben bauen&#8220;<\/a> (&#8222;Die Rheinpfalz&#8220;, 07.05.2023)<\/p>\n\n\n\n<p><a href=\"https:\/\/pridima.de\/wp-content\/uploads\/2022\/09\/Robot-Kaefer.png\" target=\"_blank\" rel=\"noreferrer noopener\">&#8222;Mit Roboter-K\u00e4fern Mathe Lernen&#8220;<\/a> (&#8222;Die Rheinpfalz&#8220;, 14.11.2019)<\/p>\n\n\n\n<p><a href=\"https:\/\/www.rheinpfalz.de\/startseite_artikel,-spa%C3%9F-beim-kopfzerbrechen-_arid,1328466.html\" target=\"_blank\" rel=\"noreferrer noopener\">&#8222;Spa\u00df beim Kopfzerbrechen&#8220;&nbsp;<\/a>&nbsp;(&#8222;Die Rheinpfalz&#8220;, 05.12.2018)<\/p>\n\n\n\n<p><a href=\"https:\/\/blog.uni-koblenz-landau.de\/prima-lernwerkstatt-studierende-im-materialparadies\/\" target=\"_blank\" rel=\"noreferrer noopener\">&#8222;PriMa Lernwerkstatt: Studierende im Materialparadies&#8220;<\/a> (Uniblog).<\/p>\n\n\n\n<hr class=\"wp-block-separator has-alpha-channel-opacity is-style-wide\"\/>\n\n\n\n<figure class=\"wp-block-gallery has-nested-images columns-default is-cropped titleimg wp-block-gallery-2 is-layout-flex wp-block-gallery-is-layout-flex\">\n<figure class=\"wp-block-image size-large\"><img loading=\"lazy\" decoding=\"async\" width=\"400\" height=\"266\" data-id=\"372\" src=\"https:\/\/pridima.de\/wp-content\/uploads\/2022\/09\/Logo_preview.jpg\" alt=\"\" class=\"wp-image-372\" srcset=\"https:\/\/pridima.de\/wp-content\/uploads\/2022\/09\/Logo_preview.jpg 400w, https:\/\/pridima.de\/wp-content\/uploads\/2022\/09\/Logo_preview-300x200.jpg 300w\" sizes=\"auto, (max-width: 400px) 100vw, 400px\" \/><\/figure>\n\n\n\n<figure class=\"wp-block-image size-large\"><img loading=\"lazy\" decoding=\"async\" width=\"881\" height=\"625\" data-id=\"312\" src=\"https:\/\/pridima.de\/wp-content\/uploads\/2022\/09\/BMBF_gefrdert-vom_deutsch.jpg\" alt=\"\" class=\"wp-image-312\" srcset=\"https:\/\/pridima.de\/wp-content\/uploads\/2022\/09\/BMBF_gefrdert-vom_deutsch.jpg 881w, https:\/\/pridima.de\/wp-content\/uploads\/2022\/09\/BMBF_gefrdert-vom_deutsch-300x213.jpg 300w, https:\/\/pridima.de\/wp-content\/uploads\/2022\/09\/BMBF_gefrdert-vom_deutsch-768x545.jpg 768w\" sizes=\"auto, (max-width: 767px) 89vw, (max-width: 1000px) 54vw, (max-width: 1071px) 543px, 580px\" \/><\/figure>\n<\/figure>\n\n\n\n<figure class=\"wp-block-image size-full is-resized titleimg\"><img loading=\"lazy\" decoding=\"async\" width=\"382\" height=\"60\" src=\"https:\/\/pridima.de\/wp-content\/uploads\/2022\/09\/Logo-Telekom-Stiftung.gif\" alt=\"\" class=\"wp-image-369\" style=\"width:318px;height:50px\"\/><\/figure>\n","protected":false},"excerpt":{"rendered":"<p>Fr\u00fchlingskurse 2026 Die Pl\u00e4tze f\u00fcr unsere Veranstaltungen sind begrenzt und werden nach der Reihenfolge des Eingangs der Anmeldungen vergeben. Anmeldung \u00fcber folgenden Link. 12.03.2026 16.00-18.00 Uhr L\u00fcckenlos Ferienkurse 2026 Die Pl\u00e4tze f\u00fcr unsere Veranstaltungen sind begrenzt und werden nach der Reihenfolge des Eingangs der Anmeldungen vergeben. Die Anmeldung zu den Ferienkursen erfolgt \u00fcber folgende Mailadresse: &hellip; <\/p>\n<p class=\"link-more\"><a href=\"https:\/\/pridima.de\/\" class=\"more-link\"><span class=\"screen-reader-text\">\u201ePriMa Lernwerkstatt\u201c<\/span> weiterlesen<\/a><\/p>\n","protected":false},"author":1,"featured_media":0,"parent":0,"menu_order":0,"comment_status":"closed","ping_status":"closed","template":"","meta":{"footnotes":""},"class_list":["post-11","page","type-page","status-publish","hentry"],"yoast_head":"<!-- This site is optimized with the Yoast SEO plugin v27.2 - https:\/\/yoast.com\/product\/yoast-seo-wordpress\/ -->\n<title>PriMa Lernwerkstatt - pridima<\/title>\n<meta name=\"robots\" content=\"index, follow, max-snippet:-1, max-image-preview:large, max-video-preview:-1\" \/>\n<link rel=\"canonical\" href=\"https:\/\/pridima.de\/\" \/>\n<meta property=\"og:locale\" content=\"de_DE\" \/>\n<meta property=\"og:type\" content=\"article\" \/>\n<meta property=\"og:title\" content=\"PriMa Lernwerkstatt - pridima\" \/>\n<meta property=\"og:description\" content=\"Fr\u00fchlingskurse 2026 Die Pl\u00e4tze f\u00fcr unsere Veranstaltungen sind begrenzt und werden nach der Reihenfolge des Eingangs der Anmeldungen vergeben. Anmeldung \u00fcber folgenden Link. 12.03.2026 16.00-18.00 Uhr L\u00fcckenlos Ferienkurse 2026 Die Pl\u00e4tze f\u00fcr unsere Veranstaltungen sind begrenzt und werden nach der Reihenfolge des Eingangs der Anmeldungen vergeben. Die Anmeldung zu den Ferienkursen erfolgt \u00fcber folgende Mailadresse: &hellip; \u201ePriMa Lernwerkstatt\u201c weiterlesen\" \/>\n<meta property=\"og:url\" content=\"https:\/\/pridima.de\/\" \/>\n<meta property=\"og:site_name\" content=\"pridima\" \/>\n<meta property=\"article:modified_time\" content=\"2026-02-12T09:22:33+00:00\" \/>\n<meta property=\"og:image\" content=\"https:\/\/pridima.de\/wp-content\/uploads\/2022\/09\/PriMaLernwerstatt_RGB.jpg\" \/>\n\t<meta property=\"og:image:width\" content=\"1452\" \/>\n\t<meta property=\"og:image:height\" content=\"919\" \/>\n\t<meta property=\"og:image:type\" content=\"image\/jpeg\" \/>\n<meta name=\"twitter:card\" content=\"summary_large_image\" \/>\n<meta name=\"twitter:label1\" content=\"Gesch\u00e4tzte Lesezeit\" \/>\n\t<meta name=\"twitter:data1\" content=\"3\u00a0Minuten\" \/>\n<script type=\"application\/ld+json\" class=\"yoast-schema-graph\">{\"@context\":\"https:\/\/schema.org\",\"@graph\":[{\"@type\":\"WebPage\",\"@id\":\"https:\/\/pridima.de\/\",\"url\":\"https:\/\/pridima.de\/\",\"name\":\"PriMa Lernwerkstatt - pridima\",\"isPartOf\":{\"@id\":\"https:\/\/pridima.de\/#website\"},\"primaryImageOfPage\":{\"@id\":\"https:\/\/pridima.de\/#primaryimage\"},\"image\":{\"@id\":\"https:\/\/pridima.de\/#primaryimage\"},\"thumbnailUrl\":\"https:\/\/pridima.de\/wp-content\/uploads\/2022\/09\/PriMaLernwerstatt_RGB-1024x648.jpg\",\"datePublished\":\"2022-07-19T15:45:47+00:00\",\"dateModified\":\"2026-02-12T09:22:33+00:00\",\"breadcrumb\":{\"@id\":\"https:\/\/pridima.de\/#breadcrumb\"},\"inLanguage\":\"de\",\"potentialAction\":[{\"@type\":\"ReadAction\",\"target\":[\"https:\/\/pridima.de\/\"]}]},{\"@type\":\"ImageObject\",\"inLanguage\":\"de\",\"@id\":\"https:\/\/pridima.de\/#primaryimage\",\"url\":\"https:\/\/pridima.de\/wp-content\/uploads\/2022\/09\/PriMaLernwerstatt_RGB.jpg\",\"contentUrl\":\"https:\/\/pridima.de\/wp-content\/uploads\/2022\/09\/PriMaLernwerstatt_RGB.jpg\",\"width\":1452,\"height\":919},{\"@type\":\"BreadcrumbList\",\"@id\":\"https:\/\/pridima.de\/#breadcrumb\",\"itemListElement\":[{\"@type\":\"ListItem\",\"position\":1,\"name\":\"Home\",\"item\":\"https:\/\/pridima.de\/\"},{\"@type\":\"ListItem\",\"position\":2,\"name\":\"PriMa Lernwerkstatt\"}]},{\"@type\":\"WebSite\",\"@id\":\"https:\/\/pridima.de\/#website\",\"url\":\"https:\/\/pridima.de\/\",\"name\":\"pridima\",\"description\":\"Primarstufe Didaktik der Mathematik  Uni Landau\",\"publisher\":{\"@id\":\"https:\/\/pridima.de\/#organization\"},\"potentialAction\":[{\"@type\":\"SearchAction\",\"target\":{\"@type\":\"EntryPoint\",\"urlTemplate\":\"https:\/\/pridima.de\/?s={search_term_string}\"},\"query-input\":{\"@type\":\"PropertyValueSpecification\",\"valueRequired\":true,\"valueName\":\"search_term_string\"}}],\"inLanguage\":\"de\"},{\"@type\":\"Organization\",\"@id\":\"https:\/\/pridima.de\/#organization\",\"name\":\"PriMa Lernwerkstatt\",\"url\":\"https:\/\/pridima.de\/\",\"logo\":{\"@type\":\"ImageObject\",\"inLanguage\":\"de\",\"@id\":\"https:\/\/pridima.de\/#\/schema\/logo\/image\/\",\"url\":\"https:\/\/pridima.de\/wp-content\/uploads\/2022\/08\/PriMaLernwerstatt_CMYK.png\",\"contentUrl\":\"https:\/\/pridima.de\/wp-content\/uploads\/2022\/08\/PriMaLernwerstatt_CMYK.png\",\"width\":1452,\"height\":919,\"caption\":\"PriMa Lernwerkstatt\"},\"image\":{\"@id\":\"https:\/\/pridima.de\/#\/schema\/logo\/image\/\"}}]}<\/script>\n<!-- \/ Yoast SEO plugin. -->","yoast_head_json":{"title":"PriMa Lernwerkstatt - pridima","robots":{"index":"index","follow":"follow","max-snippet":"max-snippet:-1","max-image-preview":"max-image-preview:large","max-video-preview":"max-video-preview:-1"},"canonical":"https:\/\/pridima.de\/","og_locale":"de_DE","og_type":"article","og_title":"PriMa Lernwerkstatt - pridima","og_description":"Fr\u00fchlingskurse 2026 Die Pl\u00e4tze f\u00fcr unsere Veranstaltungen sind begrenzt und werden nach der Reihenfolge des Eingangs der Anmeldungen vergeben. Anmeldung \u00fcber folgenden Link. 12.03.2026 16.00-18.00 Uhr L\u00fcckenlos Ferienkurse 2026 Die Pl\u00e4tze f\u00fcr unsere Veranstaltungen sind begrenzt und werden nach der Reihenfolge des Eingangs der Anmeldungen vergeben. Die Anmeldung zu den Ferienkursen erfolgt \u00fcber folgende Mailadresse: &hellip; \u201ePriMa Lernwerkstatt\u201c weiterlesen","og_url":"https:\/\/pridima.de\/","og_site_name":"pridima","article_modified_time":"2026-02-12T09:22:33+00:00","og_image":[{"width":1452,"height":919,"url":"https:\/\/pridima.de\/wp-content\/uploads\/2022\/09\/PriMaLernwerstatt_RGB.jpg","type":"image\/jpeg"}],"twitter_card":"summary_large_image","twitter_misc":{"Gesch\u00e4tzte Lesezeit":"3\u00a0Minuten"},"schema":{"@context":"https:\/\/schema.org","@graph":[{"@type":"WebPage","@id":"https:\/\/pridima.de\/","url":"https:\/\/pridima.de\/","name":"PriMa Lernwerkstatt - pridima","isPartOf":{"@id":"https:\/\/pridima.de\/#website"},"primaryImageOfPage":{"@id":"https:\/\/pridima.de\/#primaryimage"},"image":{"@id":"https:\/\/pridima.de\/#primaryimage"},"thumbnailUrl":"https:\/\/pridima.de\/wp-content\/uploads\/2022\/09\/PriMaLernwerstatt_RGB-1024x648.jpg","datePublished":"2022-07-19T15:45:47+00:00","dateModified":"2026-02-12T09:22:33+00:00","breadcrumb":{"@id":"https:\/\/pridima.de\/#breadcrumb"},"inLanguage":"de","potentialAction":[{"@type":"ReadAction","target":["https:\/\/pridima.de\/"]}]},{"@type":"ImageObject","inLanguage":"de","@id":"https:\/\/pridima.de\/#primaryimage","url":"https:\/\/pridima.de\/wp-content\/uploads\/2022\/09\/PriMaLernwerstatt_RGB.jpg","contentUrl":"https:\/\/pridima.de\/wp-content\/uploads\/2022\/09\/PriMaLernwerstatt_RGB.jpg","width":1452,"height":919},{"@type":"BreadcrumbList","@id":"https:\/\/pridima.de\/#breadcrumb","itemListElement":[{"@type":"ListItem","position":1,"name":"Home","item":"https:\/\/pridima.de\/"},{"@type":"ListItem","position":2,"name":"PriMa Lernwerkstatt"}]},{"@type":"WebSite","@id":"https:\/\/pridima.de\/#website","url":"https:\/\/pridima.de\/","name":"pridima","description":"Primarstufe Didaktik der Mathematik  Uni Landau","publisher":{"@id":"https:\/\/pridima.de\/#organization"},"potentialAction":[{"@type":"SearchAction","target":{"@type":"EntryPoint","urlTemplate":"https:\/\/pridima.de\/?s={search_term_string}"},"query-input":{"@type":"PropertyValueSpecification","valueRequired":true,"valueName":"search_term_string"}}],"inLanguage":"de"},{"@type":"Organization","@id":"https:\/\/pridima.de\/#organization","name":"PriMa Lernwerkstatt","url":"https:\/\/pridima.de\/","logo":{"@type":"ImageObject","inLanguage":"de","@id":"https:\/\/pridima.de\/#\/schema\/logo\/image\/","url":"https:\/\/pridima.de\/wp-content\/uploads\/2022\/08\/PriMaLernwerstatt_CMYK.png","contentUrl":"https:\/\/pridima.de\/wp-content\/uploads\/2022\/08\/PriMaLernwerstatt_CMYK.png","width":1452,"height":919,"caption":"PriMa Lernwerkstatt"},"image":{"@id":"https:\/\/pridima.de\/#\/schema\/logo\/image\/"}}]}},"_links":{"self":[{"href":"https:\/\/pridima.de\/index.php\/wp-json\/wp\/v2\/pages\/11","targetHints":{"allow":["GET"]}}],"collection":[{"href":"https:\/\/pridima.de\/index.php\/wp-json\/wp\/v2\/pages"}],"about":[{"href":"https:\/\/pridima.de\/index.php\/wp-json\/wp\/v2\/types\/page"}],"author":[{"embeddable":true,"href":"https:\/\/pridima.de\/index.php\/wp-json\/wp\/v2\/users\/1"}],"replies":[{"embeddable":true,"href":"https:\/\/pridima.de\/index.php\/wp-json\/wp\/v2\/comments?post=11"}],"version-history":[{"count":160,"href":"https:\/\/pridima.de\/index.php\/wp-json\/wp\/v2\/pages\/11\/revisions"}],"predecessor-version":[{"id":1597,"href":"https:\/\/pridima.de\/index.php\/wp-json\/wp\/v2\/pages\/11\/revisions\/1597"}],"wp:attachment":[{"href":"https:\/\/pridima.de\/index.php\/wp-json\/wp\/v2\/media?parent=11"}],"curies":[{"name":"wp","href":"https:\/\/api.w.org\/{rel}","templated":true}]}}