{"id":108,"date":"2022-09-15T16:11:40","date_gmt":"2022-09-15T14:11:40","guid":{"rendered":"https:\/\/pridima.de\/?page_id=108"},"modified":"2025-04-10T23:54:07","modified_gmt":"2025-04-10T21:54:07","slug":"studierende","status":"publish","type":"page","link":"https:\/\/pridima.de\/index.php\/studierende\/","title":{"rendered":"Unser Angebot f\u00fcr Studierende: Offener Lernraum"},"content":{"rendered":"\n<p style=\"font-size:18px\">Studierende haben die M\u00f6glichkeit unsere R\u00e4ume und das vorhandene Material sowie fachdidaktische Literatur w\u00e4hrend der <a href=\"https:\/\/pridima.de\/index.php\/kontakt\/\">\u00d6ffnungszeiten<\/a> zur Vertiefung ihrer Veranstaltungen oder zur Vorbereitung von Klausuren und Pr\u00fcfungen zu nutzen.<\/p>\n\n\n\n<p style=\"font-size:18px\">Vorhandene Materialien k\u00f6nnen im Rahmen von wissenschaftlichen Abschlussarbeiten au\u00dferdem ausgeliehen werden (1 Woche, Verl\u00e4ngerung nach Absprache).<\/p>\n\n\n\n<p style=\"font-size:18px\">Studierende k\u00f6nnen die R\u00e4ume nutzen, sofern keine anderen Veranstaltungen zu den angegebenen Zeitfenstern in der PriMa Lernwerkstatt stattfinden.<\/p>\n","protected":false},"excerpt":{"rendered":"<p>Studierende haben die M\u00f6glichkeit unsere R\u00e4ume und das vorhandene Material sowie fachdidaktische Literatur w\u00e4hrend der \u00d6ffnungszeiten zur Vertiefung ihrer Veranstaltungen oder zur Vorbereitung von Klausuren und Pr\u00fcfungen zu nutzen. Vorhandene Materialien k\u00f6nnen im Rahmen von wissenschaftlichen Abschlussarbeiten au\u00dferdem ausgeliehen werden (1 Woche, Verl\u00e4ngerung nach Absprache). Studierende k\u00f6nnen die R\u00e4ume nutzen, sofern keine anderen Veranstaltungen zu &hellip; <\/p>\n<p class=\"link-more\"><a href=\"https:\/\/pridima.de\/index.php\/studierende\/\" class=\"more-link\"><span class=\"screen-reader-text\">\u201eUnser Angebot f\u00fcr Studierende: Offener Lernraum\u201c<\/span> weiterlesen<\/a><\/p>\n","protected":false},"author":1,"featured_media":0,"parent":0,"menu_order":0,"comment_status":"closed","ping_status":"closed","template":"","meta":{"footnotes":""},"class_list":["post-108","page","type-page","status-publish","hentry"],"yoast_head":"<!-- This site is optimized with the Yoast SEO plugin v27.2 - https:\/\/yoast.com\/product\/yoast-seo-wordpress\/ -->\n<title>Unser Angebot f\u00fcr Studierende: Offener Lernraum - pridima<\/title>\n<meta name=\"description\" content=\"Angebot der PriMa Lernwerkstatt f\u00fcr Studierende. Die PriMa Lernwerkstatt ist in die Lehramtsausbildung fest integriert.\" \/>\n<meta name=\"robots\" content=\"index, follow, max-snippet:-1, max-image-preview:large, max-video-preview:-1\" \/>\n<link rel=\"canonical\" href=\"https:\/\/pridima.de\/index.php\/studierende\/\" \/>\n<meta property=\"og:locale\" content=\"de_DE\" \/>\n<meta property=\"og:type\" content=\"article\" \/>\n<meta property=\"og:title\" content=\"Unser Angebot f\u00fcr Studierende: Offener Lernraum - pridima\" \/>\n<meta property=\"og:description\" content=\"Angebot der PriMa Lernwerkstatt f\u00fcr Studierende. Die PriMa Lernwerkstatt ist in die Lehramtsausbildung fest integriert.\" \/>\n<meta property=\"og:url\" content=\"https:\/\/pridima.de\/index.php\/studierende\/\" \/>\n<meta property=\"og:site_name\" content=\"pridima\" \/>\n<meta property=\"article:modified_time\" content=\"2025-04-10T21:54:07+00:00\" \/>\n<meta name=\"twitter:card\" content=\"summary_large_image\" \/>\n<meta name=\"twitter:label1\" content=\"Gesch\u00e4tzte Lesezeit\" \/>\n\t<meta name=\"twitter:data1\" content=\"1\u00a0Minute\" \/>\n<script type=\"application\/ld+json\" class=\"yoast-schema-graph\">{\"@context\":\"https:\/\/schema.org\",\"@graph\":[{\"@type\":\"WebPage\",\"@id\":\"https:\/\/pridima.de\/index.php\/studierende\/\",\"url\":\"https:\/\/pridima.de\/index.php\/studierende\/\",\"name\":\"Unser Angebot f\u00fcr Studierende: Offener Lernraum - pridima\",\"isPartOf\":{\"@id\":\"https:\/\/pridima.de\/#website\"},\"datePublished\":\"2022-09-15T14:11:40+00:00\",\"dateModified\":\"2025-04-10T21:54:07+00:00\",\"description\":\"Angebot der PriMa Lernwerkstatt f\u00fcr Studierende. Die PriMa Lernwerkstatt ist in die Lehramtsausbildung fest integriert.\",\"breadcrumb\":{\"@id\":\"https:\/\/pridima.de\/index.php\/studierende\/#breadcrumb\"},\"inLanguage\":\"de\",\"potentialAction\":[{\"@type\":\"ReadAction\",\"target\":[\"https:\/\/pridima.de\/index.php\/studierende\/\"]}]},{\"@type\":\"BreadcrumbList\",\"@id\":\"https:\/\/pridima.de\/index.php\/studierende\/#breadcrumb\",\"itemListElement\":[{\"@type\":\"ListItem\",\"position\":1,\"name\":\"Home\",\"item\":\"https:\/\/pridima.de\/\"},{\"@type\":\"ListItem\",\"position\":2,\"name\":\"Unser Angebot f\u00fcr Studierende: Offener Lernraum\"}]},{\"@type\":\"WebSite\",\"@id\":\"https:\/\/pridima.de\/#website\",\"url\":\"https:\/\/pridima.de\/\",\"name\":\"pridima\",\"description\":\"Primarstufe Didaktik der Mathematik  Uni Landau\",\"publisher\":{\"@id\":\"https:\/\/pridima.de\/#organization\"},\"potentialAction\":[{\"@type\":\"SearchAction\",\"target\":{\"@type\":\"EntryPoint\",\"urlTemplate\":\"https:\/\/pridima.de\/?s={search_term_string}\"},\"query-input\":{\"@type\":\"PropertyValueSpecification\",\"valueRequired\":true,\"valueName\":\"search_term_string\"}}],\"inLanguage\":\"de\"},{\"@type\":\"Organization\",\"@id\":\"https:\/\/pridima.de\/#organization\",\"name\":\"PriMa Lernwerkstatt\",\"url\":\"https:\/\/pridima.de\/\",\"logo\":{\"@type\":\"ImageObject\",\"inLanguage\":\"de\",\"@id\":\"https:\/\/pridima.de\/#\/schema\/logo\/image\/\",\"url\":\"https:\/\/pridima.de\/wp-content\/uploads\/2022\/08\/PriMaLernwerstatt_CMYK.png\",\"contentUrl\":\"https:\/\/pridima.de\/wp-content\/uploads\/2022\/08\/PriMaLernwerstatt_CMYK.png\",\"width\":1452,\"height\":919,\"caption\":\"PriMa Lernwerkstatt\"},\"image\":{\"@id\":\"https:\/\/pridima.de\/#\/schema\/logo\/image\/\"}}]}<\/script>\n<!-- \/ Yoast SEO plugin. -->","yoast_head_json":{"title":"Unser Angebot f\u00fcr Studierende: Offener Lernraum - pridima","description":"Angebot der PriMa Lernwerkstatt f\u00fcr Studierende. Die PriMa Lernwerkstatt ist in die Lehramtsausbildung fest integriert.","robots":{"index":"index","follow":"follow","max-snippet":"max-snippet:-1","max-image-preview":"max-image-preview:large","max-video-preview":"max-video-preview:-1"},"canonical":"https:\/\/pridima.de\/index.php\/studierende\/","og_locale":"de_DE","og_type":"article","og_title":"Unser Angebot f\u00fcr Studierende: Offener Lernraum - pridima","og_description":"Angebot der PriMa Lernwerkstatt f\u00fcr Studierende. Die PriMa Lernwerkstatt ist in die Lehramtsausbildung fest integriert.","og_url":"https:\/\/pridima.de\/index.php\/studierende\/","og_site_name":"pridima","article_modified_time":"2025-04-10T21:54:07+00:00","twitter_card":"summary_large_image","twitter_misc":{"Gesch\u00e4tzte Lesezeit":"1\u00a0Minute"},"schema":{"@context":"https:\/\/schema.org","@graph":[{"@type":"WebPage","@id":"https:\/\/pridima.de\/index.php\/studierende\/","url":"https:\/\/pridima.de\/index.php\/studierende\/","name":"Unser Angebot f\u00fcr Studierende: Offener Lernraum - pridima","isPartOf":{"@id":"https:\/\/pridima.de\/#website"},"datePublished":"2022-09-15T14:11:40+00:00","dateModified":"2025-04-10T21:54:07+00:00","description":"Angebot der PriMa Lernwerkstatt f\u00fcr Studierende. Die PriMa Lernwerkstatt ist in die Lehramtsausbildung fest integriert.","breadcrumb":{"@id":"https:\/\/pridima.de\/index.php\/studierende\/#breadcrumb"},"inLanguage":"de","potentialAction":[{"@type":"ReadAction","target":["https:\/\/pridima.de\/index.php\/studierende\/"]}]},{"@type":"BreadcrumbList","@id":"https:\/\/pridima.de\/index.php\/studierende\/#breadcrumb","itemListElement":[{"@type":"ListItem","position":1,"name":"Home","item":"https:\/\/pridima.de\/"},{"@type":"ListItem","position":2,"name":"Unser Angebot f\u00fcr Studierende: Offener Lernraum"}]},{"@type":"WebSite","@id":"https:\/\/pridima.de\/#website","url":"https:\/\/pridima.de\/","name":"pridima","description":"Primarstufe Didaktik der Mathematik  Uni Landau","publisher":{"@id":"https:\/\/pridima.de\/#organization"},"potentialAction":[{"@type":"SearchAction","target":{"@type":"EntryPoint","urlTemplate":"https:\/\/pridima.de\/?s={search_term_string}"},"query-input":{"@type":"PropertyValueSpecification","valueRequired":true,"valueName":"search_term_string"}}],"inLanguage":"de"},{"@type":"Organization","@id":"https:\/\/pridima.de\/#organization","name":"PriMa Lernwerkstatt","url":"https:\/\/pridima.de\/","logo":{"@type":"ImageObject","inLanguage":"de","@id":"https:\/\/pridima.de\/#\/schema\/logo\/image\/","url":"https:\/\/pridima.de\/wp-content\/uploads\/2022\/08\/PriMaLernwerstatt_CMYK.png","contentUrl":"https:\/\/pridima.de\/wp-content\/uploads\/2022\/08\/PriMaLernwerstatt_CMYK.png","width":1452,"height":919,"caption":"PriMa Lernwerkstatt"},"image":{"@id":"https:\/\/pridima.de\/#\/schema\/logo\/image\/"}}]}},"_links":{"self":[{"href":"https:\/\/pridima.de\/index.php\/wp-json\/wp\/v2\/pages\/108","targetHints":{"allow":["GET"]}}],"collection":[{"href":"https:\/\/pridima.de\/index.php\/wp-json\/wp\/v2\/pages"}],"about":[{"href":"https:\/\/pridima.de\/index.php\/wp-json\/wp\/v2\/types\/page"}],"author":[{"embeddable":true,"href":"https:\/\/pridima.de\/index.php\/wp-json\/wp\/v2\/users\/1"}],"replies":[{"embeddable":true,"href":"https:\/\/pridima.de\/index.php\/wp-json\/wp\/v2\/comments?post=108"}],"version-history":[{"count":7,"href":"https:\/\/pridima.de\/index.php\/wp-json\/wp\/v2\/pages\/108\/revisions"}],"predecessor-version":[{"id":1470,"href":"https:\/\/pridima.de\/index.php\/wp-json\/wp\/v2\/pages\/108\/revisions\/1470"}],"wp:attachment":[{"href":"https:\/\/pridima.de\/index.php\/wp-json\/wp\/v2\/media?parent=108"}],"curies":[{"name":"wp","href":"https:\/\/api.w.org\/{rel}","templated":true}]}}